{"id":521221,"date":"2024-12-08T13:28:10","date_gmt":"2024-12-08T13:28:10","guid":{"rendered":"https:\/\/hlncaxea.a2hosted.com\/?post_type=product&#038;p=521221"},"modified":"2025-11-12T07:59:12","modified_gmt":"2025-11-12T07:59:12","slug":"calex-smart-tag-bluetooth-tracker-works-with-apple-search-my-ideal-for-keys-and-luggage-real-time-location-2","status":"publish","type":"product","link":"https:\/\/ledshoponline.be\/fr\/shop\/producten\/calex-slimme-tag-bluetooth-tracker-werkt-met-apple-zoek-mijn-ideaal-voor-sleutels-en-bagage-real-time-locatie\/","title":{"rendered":"Calex Smart Tag - Traceur Bluetooth - Fonctionne avec Apple Search My - Id\u00e9al pour les cl\u00e9s et les bagages - Localisation en temps r\u00e9el"},"content":{"rendered":"<p>Le Calex Smart Tag est la solution pour ne plus jamais perdre vos objets de valeur. Ce traceur Bluetooth fonctionne en toute transparence avec Apple Find My et offre des mises \u00e0 jour de localisation en temps r\u00e9el. Avec son design compact, il est parfait pour les cl\u00e9s, les sacs et autres effets personnels. Facile \u00e0 installer et \u00e0 utiliser, il est compatible avec vos appareils Apple pr\u00e9f\u00e9r\u00e9s. Gardez l'esprit tranquille et gardez vos biens toujours \u00e0 port\u00e9e de main.<\/p>\r\n\r\n\r\n\r\n<figure class=\"wp-block-image size-large\"><img decoding=\"async\" class=\"wp-image-521226\" src=\"https:\/\/ledshoponline.be\/wp-content\/uploads\/2024\/12\/65dd43526cb82afa1e29b57a_calex-smart-tag-bluetooth-tracker-works-with-apple-find-my-678946-800x800.avif\" alt=\"\" \/><\/figure>\r\n\r\n\r\n\r\n<p><strong>Avantages :<\/strong><\/p>\r\n\r\n\r\n\r\n<ul class=\"wp-block-list\">\r\n<li><strong>FONCTIONNE AVEC APPLE SEARCH MY<\/strong>: Compatible avec Find My Network d'Apple pour retrouver facilement vos affaires.<\/li>\r\n\r\n\r\n\r\n<li><strong>LOCALISATION EN TEMPS R\u00c9EL<\/strong>: Gardez toujours \u00e0 l'esprit l'endroit o\u00f9 se trouvent vos objets importants.<\/li>\r\n\r\n\r\n\r\n<li><strong>COMPACT ET L\u00c9GER<\/strong>Les produits de la marque : Con\u00e7us pour un usage quotidien, ils se glissent facilement dans les porte-cl\u00e9s ou dans les petites poches.<\/li>\r\n\r\n\r\n\r\n<li><strong>INSTALLATION FACILE<\/strong>: Pr\u00eat \u00e0 l'emploi en quelques minutes gr\u00e2ce \u00e0 l'appairage Bluetooth intuitif.<\/li>\r\n\r\n\r\n\r\n<li><strong>S\u00dbR ET PRIV\u00c9<\/strong>Protection des donn\u00e9es : protection des donn\u00e9es garantie par le cryptage de bout en bout d'Apple.<\/li>\r\n\r\n\r\n\r\n<li><strong>UTILISATION UNIVERSELLE<\/strong>Le syst\u00e8me d'attache est id\u00e9al pour les cl\u00e9s, les bagages, les animaux de compagnie et m\u00eame les bicyclettes.<\/li>\r\n\r\n\r\n\r\n<li><strong>BATTERIE LONGUE DUR\u00c9E<\/strong>Technologie \u00e0 faible consommation d'\u00e9nergie pour des mois d'utilisation sans recharge<\/li>\r\n<\/ul>\r\n\r\n\r\n\r\n<p>&nbsp;<\/p>","protected":false},"excerpt":{"rendered":"<p>De Calex Slimme Tag is d\u00e9 oplossing om nooit meer je waardevolle spullen kwijt te raken. Deze Bluetooth-tracker werkt naadloos<\/p>","protected":false},"featured_media":521222,"comment_status":"closed","ping_status":"closed","template":"","meta":{"_seopress_robots_primary_cat":"none","_seopress_titles_title":"","_seopress_titles_desc":"","_seopress_robots_index":""},"product_brand":[],"product_cat":[19,514],"product_tag":[],"class_list":{"0":"post-521221","1":"product","2":"type-product","3":"status-publish","4":"has-post-thumbnail","6":"product_cat-producten","7":"product_cat-smart-home","9":"first","10":"instock","11":"taxable","12":"shipping-taxable","13":"purchasable","14":"product-type-simple"},"_links":{"self":[{"href":"https:\/\/ledshoponline.be\/fr\/wp-json\/wp\/v2\/product\/521221","targetHints":{"allow":["GET"]}}],"collection":[{"href":"https:\/\/ledshoponline.be\/fr\/wp-json\/wp\/v2\/product"}],"about":[{"href":"https:\/\/ledshoponline.be\/fr\/wp-json\/wp\/v2\/types\/product"}],"replies":[{"embeddable":true,"href":"https:\/\/ledshoponline.be\/fr\/wp-json\/wp\/v2\/comments?post=521221"}],"version-history":[{"count":1,"href":"https:\/\/ledshoponline.be\/fr\/wp-json\/wp\/v2\/product\/521221\/revisions"}],"predecessor-version":[{"id":633301,"href":"https:\/\/ledshoponline.be\/fr\/wp-json\/wp\/v2\/product\/521221\/revisions\/633301"}],"wp:featuredmedia":[{"embeddable":true,"href":"https:\/\/ledshoponline.be\/fr\/wp-json\/wp\/v2\/media\/521222"}],"wp:attachment":[{"href":"https:\/\/ledshoponline.be\/fr\/wp-json\/wp\/v2\/media?parent=521221"}],"wp:term":[{"taxonomy":"product_brand","embeddable":true,"href":"https:\/\/ledshoponline.be\/fr\/wp-json\/wp\/v2\/product_brand?post=521221"},{"taxonomy":"product_cat","embeddable":true,"href":"https:\/\/ledshoponline.be\/fr\/wp-json\/wp\/v2\/product_cat?post=521221"},{"taxonomy":"product_tag","embeddable":true,"href":"https:\/\/ledshoponline.be\/fr\/wp-json\/wp\/v2\/product_tag?post=521221"}],"curies":[{"name":"wp","href":"https:\/\/api.w.org\/{rel}","templated":true}]}}