{"id":517325,"date":"2023-11-30T12:03:00","date_gmt":"2023-11-30T12:03:00","guid":{"rendered":"https:\/\/hlncaxea.a2hosted.com\/?post_type=product&#038;p=517325"},"modified":"2025-06-14T11:24:42","modified_gmt":"2025-06-14T11:24:42","slug":"dw-bs-8018-tronconneuse-portable-sans-fil-36v-2","status":"publish","type":"product","link":"https:\/\/ledshoponline.be\/fr\/shop\/producten\/gereedschap\/elektrisch-gereedschap\/dw-bs-8018-draagbare-snoerloze-kettingzaag-36v\/","title":{"rendered":"Tron\u00e7onneuse portable sans fil - 36V"},"content":{"rendered":"<p><span style=\"font-size: 14px;\">La tron\u00e7onneuse portable sans fil DW BS-8018 est un outil tr\u00e8s efficace et intelligent con\u00e7u pour les utilisateurs qui ont besoin d'une solution de coupe fiable et portable. Aliment\u00e9e par une batterie de 36 V d'une capacit\u00e9 de 4,0 Ah, cette tron\u00e7onneuse offre une grande puissance de coupe sans les limites d'un cordon, ce qui vous permet de travailler dans des zones \u00e9loign\u00e9es ou de vous d\u00e9placer librement sans \u00eatre li\u00e9 \u00e0 une source d'alimentation. Avec une vitesse \u00e0 vide de 6 m\/s, elle peut couper efficacement une grande vari\u00e9t\u00e9 de mat\u00e9riaux, ce qui la rend id\u00e9ale pour des t\u00e2ches telles que l'\u00e9lagage des arbres, la coupe de b\u00fbches ou la pr\u00e9paration du bois de chauffage.<\/span><\/p>\n<p>&nbsp;<\/p>\n<p><span style=\"font-size: 14px;\">L'une des caract\u00e9ristiques principales de la DW BS-8018 est son diam\u00e8tre de coupe de 11,5 pouces, qui offre une capacit\u00e9 de coupe suffisante pour les branches et les troncs d'arbres de taille petite \u00e0 moyenne. La conception sans fil, combin\u00e9e \u00e0 la mallette de transport pratique, facilite le transport, ce qui fait de cette tron\u00e7onneuse une machine \u00e0 la fois portable et puissante. Que vous travailliez dans votre jardin ou \u00e0 l'ext\u00e9rieur, la nature compacte et l\u00e9g\u00e8re de la tron\u00e7onneuse permet de la manipuler facilement pendant de longues p\u00e9riodes sans fatigue pour l'utilisateur.<\/span><\/p>\n<p>&nbsp;<\/p>\n<p><span style=\"font-size: 14px;\">De plus, la tron\u00e7onneuse est \u00e9quip\u00e9e d'un syst\u00e8me de charge rapide, qui permet de la recharger compl\u00e8tement en une heure seulement. Cette caract\u00e9ristique est cruciale pour minimiser les temps d'arr\u00eat, vous permettant de vous remettre au travail rapidement apr\u00e8s la recharge. Avec son design intelligent, sa fonction de charge rapide et ses puissantes capacit\u00e9s de coupe, la tron\u00e7onneuse portable sans fil DW BS-8018 est un outil indispensable pour les professionnels et les bricoleurs qui appr\u00e9cient la commodit\u00e9 et l'efficacit\u00e9 de leurs outils de coupe.<\/span><\/p>\n<p>&nbsp;<\/p>\n<p>&nbsp;<\/p>\n<p>&nbsp;<\/p>\n<p><strong><span style=\"font-size: 14px;\">Caract\u00e9ristiques :<\/span><\/strong><\/p>\n<ul>\n<li><span style=\"font-size: 14px;\">Alimentation sans fil 36V - Aliment\u00e9e par une batterie lithium-ion de 36V, cette tron\u00e7onneuse offre la libert\u00e9 de travailler sans \u00eatre li\u00e9e \u00e0 une prise de courant. La conception sans fil vous permet de travailler dans des endroits \u00e9loign\u00e9s ou de vous d\u00e9placer facilement autour de grands arbres et arbustes.<\/span><\/li>\n<li><span style=\"font-size: 14px;\">Vitesse \u00e0 vide de 6 m\/s - La tron\u00e7onneuse fonctionne \u00e0 une vitesse \u00e0 vide de 6 m\u00e8tres par seconde, ce qui garantit une coupe efficace du bois et des branches. Cette vitesse est id\u00e9ale pour tailler, \u00e9laguer ou couper rapidement les troncs d'arbres avec un minimum d'effort, ce qui permet d'obtenir des r\u00e9sultats plus rapides pour un grand nombre de t\u00e2ches.<\/span><\/li>\n<li><span style=\"font-size: 14px;\">Capacit\u00e9 de la batterie : 4.0 Ah - La batterie de 4.0 Ah fournit une puissance durable lors d'une utilisation prolong\u00e9e, vous donnant plus de temps de travail avant de devoir recharger. Cette batterie de plus grande capacit\u00e9 rend la tron\u00e7onneuse id\u00e9ale pour les projets de plus grande envergure, r\u00e9duisant ainsi la n\u00e9cessit\u00e9 d'une recharge fr\u00e9quente.<\/span><\/li>\n<li><span style=\"font-size: 14px;\">Diam\u00e8tre de coupe de 11,5 pouces - Avec un diam\u00e8tre de coupe de 11,5 pouces, la tron\u00e7onneuse peut facilement traiter des branches, des troncs d'arbres et des arbres de taille petite \u00e0 moyenne. Cette taille la rend polyvalente, aussi bien pour les projets de jardinage domestique que pour les t\u00e2ches plus exigeantes en milieu professionnel.<\/span><\/li>\n<li><span style=\"font-size: 14px;\">Conception intelligente - La tron\u00e7onneuse est dot\u00e9e d'un syst\u00e8me intelligent qui optimise les performances et la s\u00e9curit\u00e9. Ce syst\u00e8me garantit un fonctionnement en douceur et r\u00e9duit le risque de probl\u00e8mes m\u00e9caniques, ce qui vous donne plus de confiance lors d'une utilisation prolong\u00e9e de l'outil.<\/span><\/li>\n<li><span style=\"font-size: 14px;\">Chargement rapide en 1 heure - La tron\u00e7onneuse est \u00e9quip\u00e9e d'un syst\u00e8me de chargement rapide qui charge compl\u00e8tement la batterie en seulement une heure. Cette fonction minimise les temps d'arr\u00eat et vous permet de vous remettre rapidement au travail apr\u00e8s la charge, ce qui est essentiel pour les t\u00e2ches importantes ou pour une utilisation toute la journ\u00e9e.<\/span><\/li>\n<li><span style=\"font-size: 14px;\">Portable et l\u00e9g\u00e8re - La tron\u00e7onneuse est con\u00e7ue pour \u00eatre portable et facile \u00e0 manipuler, ce qui la rend id\u00e9ale pour les utilisateurs qui doivent se d\u00e9placer entre les zones de travail. La conception l\u00e9g\u00e8re r\u00e9duit la fatigue de l'utilisateur lors d'une utilisation prolong\u00e9e, assurant un meilleur contr\u00f4le et un plus grand confort.<\/span><\/li>\n<li><span style=\"font-size: 14px;\">Mallette de transport pratique - La tron\u00e7onneuse est livr\u00e9e avec une mallette de transport durable qui permet de transporter et de ranger facilement les outils et les accessoires. Elle est particuli\u00e8rement utile pour les professionnels qui doivent transporter leur \u00e9quipement d'un lieu de travail \u00e0 l'autre.<\/span><\/li>\n<li><span style=\"font-size: 14px;\">Peu d'entretien - La conception sans fil et la technologie avanc\u00e9e r\u00e9duisent le besoin d'entretien r\u00e9gulier par rapport aux tron\u00e7onneuses \u00e0 essence traditionnelles. Vous passez ainsi plus de temps \u00e0 travailler et moins de temps \u00e0 entretenir l'outil.<\/span><\/li>\n<li><span style=\"font-size: 14px;\">Fonctionnement silencieux - Le moteur \u00e9lectrique produit moins de bruit que les tron\u00e7onneuses \u00e0 essence traditionnelles, ce qui en fait un outil id\u00e9al pour les zones r\u00e9sidentielles ou les environnements o\u00f9 le bruit peut \u00eatre un probl\u00e8me, sans compromettre la puissance ou l'efficacit\u00e9.<\/span><\/li>\n<\/ul>\n<p>&nbsp;<\/p>\n<p>&nbsp;<\/p>\n<p><strong><span style=\"font-size: 14px;\">Sp\u00e9cifications :<\/span><\/strong><\/p>\n<ul>\n<li><span style=\"font-size: 14px;\">Marque : DW<\/span><\/li>\n<li><span style=\"font-size: 14px;\">Couleur : jaune, noir<\/span><\/li>\n<li><span style=\"font-size: 14px;\">Mat\u00e9riaux : ABS, acier<\/span><\/li>\n<li><span style=\"font-size: 14px;\">Tension : 36V<\/span><\/li>\n<li><span style=\"font-size: 14px;\">Vitesse \u00e0 vide : 6 m\/s<\/span><\/li>\n<li><span style=\"font-size: 14px;\">Capacit\u00e9 de la batterie : 4,0 Ah<\/span><\/li>\n<li><span style=\"font-size: 14px;\">Diam\u00e8tre de coupe : 11.5\u2033.<\/span><\/li>\n<li><span style=\"font-size: 14px;\">Chargement rapide : 1H<\/span><\/li>\n<li><span style=\"font-size: 14px;\">\u00c9tui de transport pratique : OUI<\/span><\/li>\n<\/ul>","protected":false},"excerpt":{"rendered":"<p>De DW BS-8018 draagbare snoerloze kettingzaag is een zeer effici\u00ebnt, intelligent gereedschap dat is ontworpen voor gebruikers die een betrouwbare<\/p>","protected":false},"featured_media":517326,"comment_status":"closed","ping_status":"closed","template":"","meta":{"_seopress_robots_primary_cat":"none","_seopress_titles_title":"Draagbare kettingzaag DW BS-8018: Kracht en snelheid","_seopress_titles_desc":"Ontdek de DW BS-8018 kettingzaag met een 36V accu, ideaal voor snoeien en zagen zonder snoer. Effici\u00ebnt, krachtig en perfect voor elke klus!","_seopress_robots_index":""},"product_brand":[],"product_cat":[1018,128,998],"product_tag":[],"class_list":{"0":"post-517325","1":"product","2":"type-product","3":"status-publish","4":"has-post-thumbnail","6":"product_cat-elektrisch-gereedschap","7":"product_cat-gereedschap","8":"product_cat-tuin","10":"first","11":"instock","12":"sale","13":"taxable","14":"shipping-taxable","15":"purchasable","16":"product-type-simple"},"_links":{"self":[{"href":"https:\/\/ledshoponline.be\/fr\/wp-json\/wp\/v2\/product\/517325","targetHints":{"allow":["GET"]}}],"collection":[{"href":"https:\/\/ledshoponline.be\/fr\/wp-json\/wp\/v2\/product"}],"about":[{"href":"https:\/\/ledshoponline.be\/fr\/wp-json\/wp\/v2\/types\/product"}],"replies":[{"embeddable":true,"href":"https:\/\/ledshoponline.be\/fr\/wp-json\/wp\/v2\/comments?post=517325"}],"version-history":[{"count":1,"href":"https:\/\/ledshoponline.be\/fr\/wp-json\/wp\/v2\/product\/517325\/revisions"}],"predecessor-version":[{"id":584710,"href":"https:\/\/ledshoponline.be\/fr\/wp-json\/wp\/v2\/product\/517325\/revisions\/584710"}],"wp:featuredmedia":[{"embeddable":true,"href":"https:\/\/ledshoponline.be\/fr\/wp-json\/wp\/v2\/media\/517326"}],"wp:attachment":[{"href":"https:\/\/ledshoponline.be\/fr\/wp-json\/wp\/v2\/media?parent=517325"}],"wp:term":[{"taxonomy":"product_brand","embeddable":true,"href":"https:\/\/ledshoponline.be\/fr\/wp-json\/wp\/v2\/product_brand?post=517325"},{"taxonomy":"product_cat","embeddable":true,"href":"https:\/\/ledshoponline.be\/fr\/wp-json\/wp\/v2\/product_cat?post=517325"},{"taxonomy":"product_tag","embeddable":true,"href":"https:\/\/ledshoponline.be\/fr\/wp-json\/wp\/v2\/product_tag?post=517325"}],"curies":[{"name":"wp","href":"https:\/\/api.w.org\/{rel}","templated":true}]}}