{"id":517318,"date":"2024-01-30T12:03:00","date_gmt":"2024-01-30T12:03:00","guid":{"rendered":"https:\/\/hlncaxea.a2hosted.com\/?post_type=product&#038;p=517318"},"modified":"2025-06-14T11:25:53","modified_gmt":"2025-06-14T11:25:53","slug":"meuleuse-dangle-dw-ag03-sans-balais-36v-2","status":"publish","type":"product","link":"https:\/\/ledshoponline.be\/fr\/shop\/producten\/gereedschap\/elektrisch-gereedschap\/dw-ag03-borstelloze-haakse-slijper-36v\/","title":{"rendered":"Meuleuse d'angle sans balais - 36V"},"content":{"rendered":"<p><span style=\"font-size: 14px;\">La meuleuse d'angle sans balais DW AG03 est un outil sans fil avanc\u00e9 et intelligent con\u00e7u pour les professionnels et les bricoleurs. Aliment\u00e9e par une batterie lithium-ion de 36 V d'une capacit\u00e9 de 4,0 Ah, cette meuleuse offre des performances impressionnantes avec une vitesse \u00e0 vide de 0 \u00e0 8500 tr\/min. Ce niveau de puissance assure un meulage, une coupe et un polissage efficaces de diff\u00e9rents mat\u00e9riaux, ce qui en fait un outil polyvalent pour un large \u00e9ventail d'applications. Le moteur sans balais prolonge la dur\u00e9e de vie de l'outil en r\u00e9duisant les frottements et la chaleur, ce qui garantit des performances durables.<\/span><\/p>\n<p>&nbsp;<\/p>\n<p><span style=\"font-size: 14px;\">L'un des principaux avantages du DW AG03 est sa capacit\u00e9 de charge rapide, qui permet de charger compl\u00e8tement la batterie en une heure seulement. Cela minimise les temps d'arr\u00eat et vous permet de continuer \u00e0 travailler sans interruption prolong\u00e9e. La meuleuse est \u00e9galement con\u00e7ue pour \u00eatre facile \u00e0 utiliser, avec un diam\u00e8tre de disque de 125 mm offrant une profondeur de coupe et une surface de meulage optimales pour la plupart des t\u00e2ches. De plus, la poign\u00e9e lat\u00e9rale, le capot de protection, la meule et la cl\u00e9 de serrage fournis vous permettent d'avoir tout ce dont vous avez besoin \u00e0 port\u00e9e de main pour vous mettre directement au travail.<\/span><\/p>\n<p>&nbsp;<\/p>\n<p><span style=\"font-size: 14px;\">La DW AG03 est livr\u00e9e avec une mallette de transport pratique, qui vous permet de ranger et de transporter facilement la meuleuse et ses accessoires. Cette mallette de transport est id\u00e9ale pour les professionnels qui doivent d\u00e9placer leurs outils d'un lieu de travail \u00e0 l'autre ou pour les particuliers qui souhaitent tout organiser. Avec sa combinaison de puissance, de portabilit\u00e9 et de design convivial, cette meuleuse d'angle sans balais est un must pour tous ceux qui recherchent la fiabilit\u00e9 et l'efficacit\u00e9 dans leurs projets.<\/span><\/p>\n<p>&nbsp;<\/p>\n<p>&nbsp;<\/p>\n<p><span style=\"font-size: 14px;\"><strong>Caract\u00e9ristiques :<\/strong><\/span><\/p>\n<ul>\n<li><span style=\"font-size: 14px;\">Puissance sans fil 36 V - Aliment\u00e9e par une batterie lithium-ion de 36 V, cette meuleuse d'angle offre les hautes performances n\u00e9cessaires pour les t\u00e2ches de meulage et de coupe intensives, \u00e9liminant le besoin de cordons pour une plus grande flexibilit\u00e9 sur le lieu de travail ou \u00e0 la maison.<\/span><\/li>\n<li><span style=\"font-size: 14px;\">Moteur sans balais - La meuleuse est \u00e9quip\u00e9e d'un moteur sans balais qui r\u00e9duit les frottements, la chaleur et l'usure des composants internes. Il en r\u00e9sulte une meilleure efficacit\u00e9, une plus longue dur\u00e9e de vie du moteur et moins d'entretien que les moteurs \u00e0 balais traditionnels.<\/span><\/li>\n<li><span style=\"font-size: 14px;\">Vitesse \u00e0 vide de 0 \u00e0 8500 tr\/min - Avec une vitesse \u00e0 vide allant jusqu'\u00e0 8500 tr\/min, la meuleuse permet un enl\u00e8vement de mati\u00e8re rapide et efficace. Cette plage de vitesse la rend adapt\u00e9e \u00e0 une grande vari\u00e9t\u00e9 d'applications, de la coupe des m\u00e9taux au polissage et \u00e0 la finition, en passant par le meulage des surfaces.<\/span><\/li>\n<li><span style=\"font-size: 14px;\">Disque de 125 mm de diam\u00e8tre - La meuleuse est \u00e9quip\u00e9e d'un disque de 125 mm (5 pouces), offrant un bon \u00e9quilibre entre taille et polyvalence. Il offre une profondeur de coupe suffisante pour un large \u00e9ventail de t\u00e2ches, notamment le d\u00e9coupage des m\u00e9taux, le carrelage et le pon\u00e7age du b\u00e9ton.<\/span><\/li>\n<li><span style=\"font-size: 14px;\">Capacit\u00e9 de la batterie de 4,0 Ah - La batterie de 4,0 Ah offre une bonne autonomie, ce qui vous permet de travailler plus longtemps avant de devoir la recharger. Cette capacit\u00e9 sup\u00e9rieure est id\u00e9ale pour les projets de longue dur\u00e9e, r\u00e9duisant les temps d'arr\u00eat et am\u00e9liorant la productivit\u00e9.<\/span><\/li>\n<li><span style=\"font-size: 14px;\">Chargement rapide (1 heure) - La meuleuse d'angle est \u00e9quip\u00e9e de la technologie de charge rapide, qui permet de recharger compl\u00e8tement la batterie en une heure seulement. Cela minimise les interruptions pendant le travail et vous permet de reprendre rapidement vos projets sans avoir \u00e0 attendre longtemps.<\/span><\/li>\n<li><span style=\"font-size: 14px;\">Bo\u00eete \u00e0 souffler pratique - La bo\u00eete \u00e0 souffler incluse permet de ranger en toute s\u00e9curit\u00e9 et de transporter facilement la meuleuse et ses accessoires. Cet \u00e9tui durable prot\u00e8ge vos outils contre les dommages et permet de tout ranger lorsque vous vous d\u00e9placez d'un poste de travail \u00e0 l'autre.<\/span><\/li>\n<li><span style=\"font-size: 14px;\">Poign\u00e9e lat\u00e9rale pour le contr\u00f4le - La meuleuse est \u00e9quip\u00e9e d'une poign\u00e9e lat\u00e9rale amovible qui permet un meilleur contr\u00f4le et une plus grande stabilit\u00e9 pendant l'utilisation. Cette caract\u00e9ristique permet de r\u00e9duire la fatigue et d'am\u00e9liorer la s\u00e9curit\u00e9, en particulier lors de t\u00e2ches prolong\u00e9es ou exigeantes.<\/span><\/li>\n<li><span style=\"font-size: 14px;\">Capot de protection - Le capot de protection fourni avec la meuleuse permet de prot\u00e9ger l'utilisateur des \u00e9tincelles et des d\u00e9bris pendant le meulage ou le d\u00e9coupage, ce qui garantit une utilisation plus s\u00fbre et r\u00e9duit le risque de blessure.<\/span><\/li>\n<li><span style=\"font-size: 14px;\">Kit d'accessoires complet - La meuleuse est livr\u00e9e avec des accessoires essentiels, notamment une meule, une cl\u00e9 et un capuchon de protection. Cet ensemble complet fournit tout ce dont vous avez besoin pour utiliser l'outil imm\u00e9diatement, sans qu'il soit n\u00e9cessaire d'acheter des composants suppl\u00e9mentaires.<\/span><\/li>\n<\/ul>\n<p>&nbsp;<\/p>\n<p>&nbsp;<\/p>\n<p><span style=\"font-size: 14px;\"><strong>Sp\u00e9cifications :<\/strong><\/span><\/p>\n<ul>\n<li><span style=\"font-size: 14px;\">Marque : DW<\/span><\/li>\n<li><span style=\"font-size: 14px;\">Couleur : jaune<\/span><\/li>\n<li><span style=\"font-size: 14px;\">Mat\u00e9riaux : Acier et PP<\/span><\/li>\n<li><span style=\"font-size: 14px;\">Tension : 36V<\/span><\/li>\n<li><span style=\"font-size: 14px;\">Vitesse \u00e0 vide : 0-8500 tr\/min<\/span><\/li>\n<li><span style=\"font-size: 14px;\">Capacit\u00e9 de la batterie : 4.0Ah<\/span><\/li>\n<li><span style=\"font-size: 14px;\">Diam\u00e8tre du disque : 125 mm<\/span><\/li>\n<li><span style=\"font-size: 14px;\">Mallette de transport pratique<\/span><\/li>\n<li><span style=\"font-size: 14px;\">Chargement rapide : 1H<\/span><\/li>\n<li><span style=\"font-size: 14px;\">Batterie : Lithium-ion<\/span><\/li>\n<li><span style=\"font-size: 14px;\">Conteneur \u00e0 souffler<\/span><\/li>\n<li><span style=\"font-size: 14px;\">Comprend : poign\u00e9e lat\u00e9rale, capuchon de protection, disque de meulage, cl\u00e9.<\/span><\/li>\n<\/ul>","protected":false},"excerpt":{"rendered":"<p>De DW AG03 borstelloze haakse slijper is een geavanceerd, intelligent snoerloos gereedschap dat is ontworpen voor zowel professionals als doe-het-zelvers.<\/p>","protected":false},"featured_media":517319,"comment_status":"closed","ping_status":"closed","template":"","meta":{"_seopress_robots_primary_cat":"none","_seopress_titles_title":"Snoerloze Haakse Slijper - Krachtig & Effici\u00ebnt","_seopress_titles_desc":"Ervaar effici\u00ebntie en veelzijdigheid met de DW AG03 haakse slijper. De 36V lithium-ionbatterij en snellaadfunctie maken continu werken mogelijk!","_seopress_robots_index":""},"product_brand":[],"product_cat":[1018,128],"product_tag":[],"class_list":{"0":"post-517318","1":"product","2":"type-product","3":"status-publish","4":"has-post-thumbnail","6":"product_cat-elektrisch-gereedschap","7":"product_cat-gereedschap","9":"first","10":"instock","11":"sale","12":"taxable","13":"shipping-taxable","14":"purchasable","15":"product-type-simple"},"_links":{"self":[{"href":"https:\/\/ledshoponline.be\/fr\/wp-json\/wp\/v2\/product\/517318","targetHints":{"allow":["GET"]}}],"collection":[{"href":"https:\/\/ledshoponline.be\/fr\/wp-json\/wp\/v2\/product"}],"about":[{"href":"https:\/\/ledshoponline.be\/fr\/wp-json\/wp\/v2\/types\/product"}],"replies":[{"embeddable":true,"href":"https:\/\/ledshoponline.be\/fr\/wp-json\/wp\/v2\/comments?post=517318"}],"version-history":[{"count":2,"href":"https:\/\/ledshoponline.be\/fr\/wp-json\/wp\/v2\/product\/517318\/revisions"}],"predecessor-version":[{"id":584711,"href":"https:\/\/ledshoponline.be\/fr\/wp-json\/wp\/v2\/product\/517318\/revisions\/584711"}],"wp:featuredmedia":[{"embeddable":true,"href":"https:\/\/ledshoponline.be\/fr\/wp-json\/wp\/v2\/media\/517319"}],"wp:attachment":[{"href":"https:\/\/ledshoponline.be\/fr\/wp-json\/wp\/v2\/media?parent=517318"}],"wp:term":[{"taxonomy":"product_brand","embeddable":true,"href":"https:\/\/ledshoponline.be\/fr\/wp-json\/wp\/v2\/product_brand?post=517318"},{"taxonomy":"product_cat","embeddable":true,"href":"https:\/\/ledshoponline.be\/fr\/wp-json\/wp\/v2\/product_cat?post=517318"},{"taxonomy":"product_tag","embeddable":true,"href":"https:\/\/ledshoponline.be\/fr\/wp-json\/wp\/v2\/product_tag?post=517318"}],"curies":[{"name":"wp","href":"https:\/\/api.w.org\/{rel}","templated":true}]}}