{"id":517312,"date":"2024-11-30T12:03:06","date_gmt":"2024-11-30T12:03:06","guid":{"rendered":"https:\/\/hlncaxea.a2hosted.com\/?post_type=product&#038;p=517312"},"modified":"2025-03-09T19:45:41","modified_gmt":"2025-03-09T19:45:41","slug":"echelle-telescopique-en-aluminium-5-6m-2","status":"publish","type":"product","link":"https:\/\/ledshoponline.be\/fr\/shop\/producten\/gereedschap\/ladders\/aluminium-telescopische-ladder-5-6m\/","title":{"rendered":"\u00c9chelle t\u00e9lescopique en aluminium - 5.6M"},"content":{"rendered":"<p><span style=\"font-size:18px\"><strong>Herzberg HG-5560 : \u00c9chelle t\u00e9lescopique en aluminium - 5.6M<\/strong><\/span><\/p>\n<p>&nbsp;<\/p>\n<p>&nbsp;<\/p>\n<p><span style=\"font-size:14px\">L'\u00e9chelle t\u00e9lescopique en aluminium Herzberg HG-5560 - 5,60 m est une \u00e9chelle pratique et robuste conforme \u00e0 la norme EN131. Fabriqu\u00e9e en alliage 6061 d'ing\u00e9nierie a\u00e9rospatiale avec une finition anodis\u00e9e lisse, cette \u00e9chelle garantit la durabilit\u00e9 et la robustesse pour toute t\u00e2che. Pesant seulement 19,50 kg, elle est l\u00e9g\u00e8re et facile \u00e0 transporter, ce qui en fait le compagnon id\u00e9al pour tous les travaux. Avec une largeur de 54 cm seulement, elle est peu encombrante et se glisse sans probl\u00e8me dans le coffre de votre voiture. Con\u00e7ue dans un souci d'ergonomie, cette \u00e9chelle pliable et compacte est id\u00e9ale pour une utilisation industrielle, commerciale et domestique.<\/span><\/p>\n<p> <span style=\"font-size:14px\">Chaque section de l'\u00e9chelle peut \u00eatre verrouill\u00e9e ind\u00e9pendamment, ce qui permet de r\u00e9gler la hauteur dans toutes les situations. Les suspensions en \u00e9lastom\u00e8re assurent la stabilit\u00e9 et l'\u00e9quilibre sur diff\u00e9rents terrains, m\u00eame dans des conditions difficiles. Le m\u00e9canisme astucieux bloque solidement l'\u00e9chelle r\u00e9tract\u00e9e pour une descente en douceur. La s\u00e9curit\u00e9 est une priorit\u00e9 absolue et le syst\u00e8me de verrouillage de cette \u00e9chelle fonctionne sans effort et en toute s\u00e9curit\u00e9.<\/span><\/p>\n<p> <span style=\"font-size:14px\">Polyvalente et fiable, l'\u00e9chelle Herzberg HG-5560 est votre outil pour changer les lumi\u00e8res, peindre les murs, nettoyer les fen\u00eatres et m\u00eame atteindre des endroits difficiles comme les goutti\u00e8res. La conception multifonctionnelle comprend une \u00e9chelle \u00e0 tr\u00e9teaux tr\u00e8s r\u00e9sistante et plusieurs options d'angle, ce qui permet de l'adapter \u00e0 diff\u00e9rentes t\u00e2ches. L'\u00e9chelle peut \u00eatre d\u00e9ploy\u00e9e au pied et verrouill\u00e9e \u00e0 l'aide d'un syst\u00e8me de verrouillage simple, sans pincement, pratique et convivial.<\/span><\/p>\n<p><span style=\"font-size:14px\">Fabriqu\u00e9e \u00e0 partir d'alliages 6061 con\u00e7us pour l'a\u00e9rospatiale, cette \u00e9chelle est \u00e0 la fois polyvalente et abordable, vous offrant un rapport qualit\u00e9-prix imbattable. La base antid\u00e9rapante en fonte sp\u00e9ciale garantit la stabilit\u00e9 et la s\u00e9curit\u00e9 pendant l'utilisation. En outre, le syst\u00e8me de verrouillage intelligent et la barre stabilisatrice offrent un soutien solide, ce qui rend l'\u00e9chelle adapt\u00e9e aux applications industrielles et domestiques.<\/span><\/p>\n<p> <span style=\"font-size:14px\">Le transport est ais\u00e9 gr\u00e2ce \u00e0 la poign\u00e9e de transport int\u00e9gr\u00e9e et l'\u00e9chelle peut \u00eatre rang\u00e9e en toute s\u00e9curit\u00e9 gr\u00e2ce \u00e0 la sangle de verrouillage robuste. Avec une hauteur maximale de 5,60 m et une capacit\u00e9 de charge de 150 kg, cette \u00e9chelle r\u00e9pond \u00e0 de nombreux besoins. C'est la solution id\u00e9ale pour les entrepreneurs professionnels, les bricoleurs et les bricoleuses.<\/span><\/p>\n<p> <span style=\"font-size:14px\">Faites l'exp\u00e9rience de la commodit\u00e9 et de l'efficacit\u00e9 avec l'\u00e9chelle t\u00e9lescopique Herzberg HG-5560 : Aluminium - 5.60M. Relevez tous les d\u00e9fis avec facilit\u00e9 et effectuez vos t\u00e2ches en toute s\u00e9curit\u00e9 et efficacit\u00e9. Que ce soit \u00e0 des fins industrielles ou domestiques, cette \u00e9chelle est votre partenaire fiable. Achetez-la maintenant et atteignez de nouveaux sommets de productivit\u00e9 et de succ\u00e8s !<\/span><\/p>\n<p>&nbsp;<\/p>\n<p>&nbsp;<\/p>\n<p>&nbsp;<\/p>\n<p><strong><span style=\"font-size:14px\">Caract\u00e9ristiques :<\/span><\/strong><\/p>\n<ul>\n<li><span style=\"font-size:14px\"><strong>Mod\u00e8le standard : <\/strong>L'\u00e9chelle t\u00e9lescopique Herzberg HG-5560 r\u00e9pond aux normes de l'industrie, assurant fiabilit\u00e9 et performance pour une vari\u00e9t\u00e9 de t\u00e2ches.<\/span><\/li>\n<li><span style=\"font-size:14px\"><strong>\u00c9chelle polyvalente tr\u00e8s r\u00e9sistante : <\/strong>Cette \u00e9chelle est polyvalente et convient \u00e0 un large \u00e9ventail d'applications, ce qui la rend id\u00e9ale pour les entrepreneurs professionnels et les bricoleurs.<\/span><\/li>\n<li><span style=\"font-size:14px\"><strong>\u00c9chelle \u00e0 angles multiples : <\/strong>Gr\u00e2ce \u00e0 ses multiples options d'angle, cette \u00e9chelle offre une grande flexibilit\u00e9 pour les diff\u00e9rentes t\u00e2ches et environnements de travail.<\/span><\/li>\n<li><span style=\"font-size:14px\"><strong>Tr\u00e8s stable, robuste et s\u00fbr : <\/strong>Con\u00e7ue pour la stabilit\u00e9 et la s\u00e9curit\u00e9, l'\u00e9chelle fournit une plate-forme s\u00fbre pour diff\u00e9rentes t\u00e2ches \u00e0 diff\u00e9rentes hauteurs.<\/span><\/li>\n<li><span style=\"font-size:14px\"><strong>Syst\u00e8me de verrouillage facile No-Pinch : <\/strong>L'extension et le verrouillage de l'\u00e9chelle \u00e0 la base se font sans effort et de mani\u00e8re conviviale, ce qui permet une mise en place rapide et facile.<\/span><\/li>\n<li><span style=\"font-size:14px\"><strong>Alliage 6061 : <\/strong>Fabriqu\u00e9e en alliage d'aluminium de haute qualit\u00e9, l'\u00e9chelle est \u00e0 la fois l\u00e9g\u00e8re et r\u00e9sistante, ce qui lui conf\u00e8re une grande long\u00e9vit\u00e9.<\/span><\/li>\n<li><span style=\"font-size:14px\"><strong>Polyvalent et abordable : <\/strong>D'un rapport qualit\u00e9-prix imbattable, le Herzberg HG-5560 allie polyvalence et prix abordable.<\/span><\/li>\n<li><span style=\"font-size:14px\"><strong>L\u00e9ger et facile \u00e0 ranger : <\/strong>Pesant seulement 19,50 kg, cette \u00e9chelle est facile \u00e0 transporter et \u00e0 ranger, ce qui en fait un choix pratique pour divers travaux.<\/span><\/li>\n<li><span style=\"font-size:14px\"><strong>Pied sp\u00e9cial antid\u00e9rapant moul\u00e9 : D<\/strong>La base antid\u00e9rapante de l'\u00e9chelle assure la stabilit\u00e9 et pr\u00e9vient les accidents pendant l'utilisation.<\/span><\/li>\n<li><span style=\"font-size:14px\"><strong>Syst\u00e8me de verrouillage intelligent : <\/strong>Le m\u00e9canisme de verrouillage de l'\u00e9chelle est intelligemment con\u00e7u pour une utilisation s\u00fbre et la s\u00e9curit\u00e9 de l'utilisateur.<\/span><\/li>\n<li><span style=\"font-size:14px\"><strong>Barre de stabilisation pour un soutien ferme : <\/strong>La barre stabilisatrice am\u00e9liore la stabilit\u00e9 et fournit un soutien suppl\u00e9mentaire pour une utilisation s\u00fbre de l'\u00e9chelle.<\/span><\/li>\n<li><span style=\"font-size:14px\"><strong>Poign\u00e9e de transport int\u00e9gr\u00e9e : <\/strong>La poign\u00e9e int\u00e9gr\u00e9e facilite le transport et la portabilit\u00e9 de l'\u00e9chelle.<\/span><\/li>\n<li><span style=\"font-size:14px\"><strong>Sangle de fermeture lourde : <\/strong>Pour un rangement pratique et une fermeture s\u00fbre, l'\u00e9chelle est \u00e9quip\u00e9e d'une sangle de verrouillage robuste.<\/span><\/li>\n<li><span style=\"font-size:14px\"><strong>Convient \u00e0 une utilisation industrielle et domestique :<\/strong> Des travaux industriels aux t\u00e2ches m\u00e9nag\u00e8res, cette \u00e9chelle est un compagnon fiable pour diverses applications.<\/span><\/li>\n<\/ul>\n<p>&nbsp;<\/p>\n<p>&nbsp;<\/p>\n<p><span style=\"font-size:14px\"><strong>Sp\u00e9cifications :&nbsp;<\/strong><\/span><\/p>\n<ul>\n<li><span style=\"font-size:14px\">Nom de marque : Herzberg<\/span><\/li>\n<li><span style=\"font-size:14px\">Mod\u00e8le : HG-5560<\/span><\/li>\n<li><span style=\"font-size:14px\">Couleur : argent<\/span><\/li>\n<li><span style=\"font-size:14px\">Mat\u00e9riau : Alliage d'aluminium d'aviation (6061)<\/span><\/li>\n<li><span style=\"font-size:14px\">Hauteur maximale : 5,60 m\u00e8tres<\/span><\/li>\n<li><span style=\"font-size:14px\">Hauteur minimale (r\u00e9tract\u00e9e) : 1,01 m\u00e8tre<\/span><\/li>\n<li><span style=\"font-size:14px\">Nombre d'\u00e9tapes : 17<\/span><\/li>\n<li><span style=\"font-size:14px\">Intervalles : 30 cm<\/span><\/li>\n<li><span style=\"font-size:14px\">Distance entre les marches : 300 mm<\/span><\/li>\n<li><span style=\"font-size:14px\">Capacit\u00e9 de charge maximale : 150 kg<\/span><\/li>\n<li><span style=\"font-size:14px\">Poids du produit : 19,50 kg<\/span><\/li>\n<li><span style=\"font-size:14px\">Largeur (pli\u00e9e) : 54 cm<\/span><\/li>\n<li><span style=\"font-size:14px\">Largeur \u00e9tendue (\u00e0 la base) : 47 cm<\/span><\/li>\n<li><span style=\"font-size:14px\">Certification de s\u00e9curit\u00e9 : norme EN131<\/span><\/li>\n<li><span style=\"font-size:14px\">M\u00e9canisme de verrouillage : syst\u00e8me de verrouillage intelligent<\/span><\/li>\n<li><span style=\"font-size:14px\">Barre stabilisatrice int\u00e9gr\u00e9e : Oui<\/span><\/li>\n<li><span style=\"font-size:14px\">Pieds moul\u00e9s antid\u00e9rapants : Oui<\/span><\/li>\n<li><span style=\"font-size:14px\">Poign\u00e9e de transport int\u00e9gr\u00e9e : Oui<\/span><\/li>\n<li><span style=\"font-size:14px\">Sangle de fermeture r\u00e9sistante : Oui<\/span><\/li>\n<li><span style=\"font-size:14px\">Descente en douceur : Oui<\/span><\/li>\n<li><span style=\"font-size:14px\">Utilisation polyvalente : convient aux applications industrielles, commerciales et domestiques<\/span><\/li>\n<li><span style=\"font-size:14px\">Facile \u00e0 ranger : conception compacte pour un rangement facile dans les espaces restreints<\/span><\/li>\n<li><span style=\"font-size:14px\">Surface s\u00fbre : les pieds moul\u00e9s antid\u00e9rapants offrent un support stable sur diverses surfaces.<\/span><\/li>\n<li><span style=\"font-size:14px\">Transport facile : poign\u00e9e de transport int\u00e9gr\u00e9e pour une mobilit\u00e9 sans effort<\/span><\/li>\n<li><span style=\"font-size:14px\">S\u00fbr et stable : les suspensions en \u00e9lastom\u00e8re assurent la stabilit\u00e9 de la construction et l'\u00e9quilibre sur diff\u00e9rents terrains.<\/span><\/li>\n<\/ul>\n<p>&nbsp;<\/p>","protected":false},"excerpt":{"rendered":"<p>Herzberg HG-5560 : \u00e9chelle t\u00e9lescopique en aluminium - 5.6M Rencontrez le Herzberg HG-5560 : \u00e9chelle t\u00e9lescopique en aluminium - 5.60M,<\/p>","protected":false},"featured_media":517313,"comment_status":"open","ping_status":"closed","template":"","meta":{"_seopress_robots_primary_cat":"","_seopress_titles_title":"","_seopress_titles_desc":"","_seopress_robots_index":""},"product_brand":[],"product_cat":[1019],"product_tag":[],"class_list":{"0":"post-517312","1":"product","2":"type-product","3":"status-publish","4":"has-post-thumbnail","6":"product_cat-ladders","8":"first","9":"instock","10":"sale","11":"taxable","12":"shipping-taxable","13":"purchasable","14":"product-type-simple"},"_links":{"self":[{"href":"https:\/\/ledshoponline.be\/fr\/wp-json\/wp\/v2\/product\/517312","targetHints":{"allow":["GET"]}}],"collection":[{"href":"https:\/\/ledshoponline.be\/fr\/wp-json\/wp\/v2\/product"}],"about":[{"href":"https:\/\/ledshoponline.be\/fr\/wp-json\/wp\/v2\/types\/product"}],"replies":[{"embeddable":true,"href":"https:\/\/ledshoponline.be\/fr\/wp-json\/wp\/v2\/comments?post=517312"}],"version-history":[{"count":0,"href":"https:\/\/ledshoponline.be\/fr\/wp-json\/wp\/v2\/product\/517312\/revisions"}],"wp:featuredmedia":[{"embeddable":true,"href":"https:\/\/ledshoponline.be\/fr\/wp-json\/wp\/v2\/media\/517313"}],"wp:attachment":[{"href":"https:\/\/ledshoponline.be\/fr\/wp-json\/wp\/v2\/media?parent=517312"}],"wp:term":[{"taxonomy":"product_brand","embeddable":true,"href":"https:\/\/ledshoponline.be\/fr\/wp-json\/wp\/v2\/product_brand?post=517312"},{"taxonomy":"product_cat","embeddable":true,"href":"https:\/\/ledshoponline.be\/fr\/wp-json\/wp\/v2\/product_cat?post=517312"},{"taxonomy":"product_tag","embeddable":true,"href":"https:\/\/ledshoponline.be\/fr\/wp-json\/wp\/v2\/product_tag?post=517312"}],"curies":[{"name":"wp","href":"https:\/\/api.w.org\/{rel}","templated":true}]}}