{"id":517304,"date":"2024-01-30T12:00:00","date_gmt":"2024-01-30T12:00:00","guid":{"rendered":"https:\/\/hlncaxea.a2hosted.com\/?post_type=product&#038;p=517304"},"modified":"2025-11-28T16:25:32","modified_gmt":"2025-11-28T16:25:32","slug":"echelle-telescopique-en-aluminium-avec-base-antiderapante-2-6m-2","status":"publish","type":"product","link":"https:\/\/ledshoponline.be\/fr\/shop\/producten\/gereedschap\/ladders\/aluminium-telescopische-ladder-met-antislip-voet-2-6m\/","title":{"rendered":"\u00c9chelle t\u00e9lescopique en aluminium avec base antid\u00e9rapante - 2.6M"},"content":{"rendered":"<p><span style=\"font-size: 18px;\"><strong>Herzberg HG-5260 : \u00c9chelle t\u00e9lescopique en aluminium avec base antid\u00e9rapante - 2.6M<\/strong><\/span><\/p>\n<p>&nbsp;<\/p>\n<p><span style=\"font-size: 14px;\">Voici l'\u00e9chelle t\u00e9lescopique Herzberg HG-5260 : \u00e9chelle t\u00e9lescopique en aluminium avec pied antid\u00e9rapant, l'outil id\u00e9al pour les bricoleurs occasionnels et les professionnels du b\u00e2timent. Cette \u00e9chelle t\u00e9lescopique de 2,60 m est non seulement la plus pratique, mais aussi la plus robuste au monde, r\u00e9pondant \u00e0 la norme EN131 en mati\u00e8re de s\u00e9curit\u00e9 et de performance. Avec sa hauteur de 2,60 m, vous pouvez travailler \u00e0 diff\u00e9rentes hauteurs sans crainte.<\/span><\/p>\n<p><span style=\"font-size: 14px;\">Con\u00e7ue pour une facilit\u00e9 d'utilisation maximale, cette \u00e9chelle t\u00e9lescopique est pliable et compacte. Elle ne p\u00e8se que 7 kg et se replie pour atteindre une largeur de 46,5 cm. Le transport et le stockage deviennent un jeu d'enfant, ce qui en fait l'outil de bricolage id\u00e9al pour tous les projets.<\/span><\/p>\n<p><span style=\"font-size: 14px;\">S\u00e9curit\u00e9 et performance sont les points forts de cette \u00e9chelle Herzberg. Robuste, stable et \u00e9quip\u00e9e d'une suspension en \u00e9lastom\u00e8re, vous n'avez pas besoin d'appui ext\u00e9rieur lors de son utilisation. R\u00e9alisez vos travaux de bricolage avec facilit\u00e9 et efficacit\u00e9, m\u00eame dans les chantiers difficiles, et gagnez du temps et de l'\u00e9nergie.<\/span><\/p>\n<p><span style=\"font-size: 14px;\">Fabriqu\u00e9e en aluminium anodis\u00e9 de haute qualit\u00e9, cette \u00e9chelle t\u00e9lescopique reste parfaitement \u00e9quilibr\u00e9e sur tous les terrains. Sa polyvalence est sans limite, ce qui permet de l'utiliser partout et dans toutes les situations, m\u00eame pour les personnes ayant des limitations physiques.<\/span><\/p>\n<p><span style=\"font-size: 14px;\">La marche Herzberg HG-5260 est fabriqu\u00e9e en aluminium de haute qualit\u00e9, d'une \u00e9paisseur de 1,3 mm, pour une durabilit\u00e9 et une long\u00e9vit\u00e9 accrues. Chaque marche est espac\u00e9e de 300 mm et son \u00e9paisseur est de 1,3 mm, ce qui garantit une surface stable et s\u00fbre. Les pieds antid\u00e9rapants augmentent la s\u00e9curit\u00e9 et pr\u00e9viennent les accidents pendant l'utilisation. L'\u00e9chelle peut \u00eatre plac\u00e9e sous plusieurs angles, ce qui permet de l'adapter \u00e0 diff\u00e9rentes t\u00e2ches. La charni\u00e8re robuste de 2,6 mm d'\u00e9paisseur garantit la stabilit\u00e9 et la fiabilit\u00e9 pendant l'utilisation. La poign\u00e9e r\u00e9glable permet d'ajuster la longueur de l'\u00e9chelle, ce qui offre une grande polyvalence pour diff\u00e9rents projets. Gr\u00e2ce \u00e0 un m\u00e9canisme pratique de verrouillage de la grille coulissante, les marches de l'\u00e9chelle peuvent \u00eatre facilement repli\u00e9es pour le rangement. Avec une capacit\u00e9 de charge maximale de 150 kg, l'\u00e9chelle convient \u00e0 diff\u00e9rents utilisateurs et \u00e0 diff\u00e9rentes t\u00e2ches. Gr\u00e2ce \u00e0 sa l\u00e9g\u00e8ret\u00e9 et \u00e0 sa portabilit\u00e9, l'\u00e9chelle est facile \u00e0 transporter et \u00e0 ranger n'importe o\u00f9, m\u00eame dans le coffre d'une voiture. L'\u00e9chelle Herzberg HG-5260 peut \u00eatre utilis\u00e9e \u00e0 l'int\u00e9rieur comme \u00e0 l'ext\u00e9rieur, dans diff\u00e9rents environnements de travail.<\/span><\/p>\n<p><span style=\"font-size: 14px;\">Choisissez l'\u00e9chelle t\u00e9lescopique Herzberg HG-5260 : Aluminium avec pieds antid\u00e9rapants, et attaquez sans effort les travaux les plus difficiles d'acc\u00e8s, en \u00e9conomisant du temps et de l'argent. Sa construction de haute qualit\u00e9 garantit sa durabilit\u00e9, tandis que ses fonctions conviviales en font l'\u00e9chelle id\u00e9ale pour tous vos projets, que ce soit \u00e0 l'int\u00e9rieur de votre maison ou \u00e0 l'ext\u00e9rieur, dans votre jardin. Comptez sur sa polyvalence et ses performances pour rendre vos t\u00e2ches plus s\u00fbres et plus efficaces gr\u00e2ce \u00e0 cette \u00e9chelle t\u00e9lescopique fiable.<\/span><\/p>\n<p>&nbsp;<\/p>\n<p>&nbsp;<\/p>\n<p><strong><span style=\"font-size: 14px;\">Caract\u00e9ristiques :<\/span><\/strong><\/p>\n<ul>\n<li><span style=\"font-size: 14px;\"><strong>Construction en aluminium lourd : <\/strong>L'\u00e9chelle t\u00e9lescopique Herzberg HG-5260 est fabriqu\u00e9e en aluminium anodis\u00e9 de haute qualit\u00e9, ce qui garantit sa durabilit\u00e9 et sa long\u00e9vit\u00e9. La construction robuste r\u00e9siste \u00e0 une utilisation intensive et fournit un support fiable pour diverses t\u00e2ches.<\/span><\/li>\n<li><span style=\"font-size: 14px;\"><strong>Hauteur et angle r\u00e9glables : <\/strong>Cette \u00e9chelle t\u00e9lescopique est dot\u00e9e d'une poign\u00e9e r\u00e9glable qui vous permet d'ajuster la longueur, offrant ainsi une polyvalence pour diff\u00e9rents projets. L'\u00e9chelle peut \u00e9galement \u00eatre positionn\u00e9e \u00e0 diff\u00e9rents angles, ce qui offre une grande flexibilit\u00e9 pour les diff\u00e9rents environnements de travail.<\/span><\/li>\n<li><span style=\"font-size: 14px;\"><strong>Pied antid\u00e9rapant : <\/strong>La s\u00e9curit\u00e9 est une priorit\u00e9 absolue et l'\u00e9chelle HG-5260 est \u00e9quip\u00e9e de pieds antid\u00e9rapants qui am\u00e9liorent la stabilit\u00e9 et pr\u00e9viennent les accidents pendant l'utilisation. Vous pouvez travailler en toute s\u00e9r\u00e9nit\u00e9, sachant que l'\u00e9chelle offre une surface s\u00fbre et stable.<\/span><\/li>\n<li><span style=\"font-size: 14px;\"><strong>Compact et portable : <\/strong>La conception pliable et la construction l\u00e9g\u00e8re rendent l'\u00e9chelle tr\u00e8s portable et facile \u00e0 transporter. Elle se replie pour atteindre une largeur de 46,5 cm, ce qui la rend facile \u00e0 ranger dans les petits espaces ou m\u00eame dans le coffre de votre voiture.<\/span><\/li>\n<li><span style=\"font-size: 14px;\"><strong>Convient \u00e0 une utilisation int\u00e9rieure et ext\u00e9rieure : <\/strong>Que vous ayez besoin d'atteindre des \u00e9tag\u00e8res en hauteur \u00e0 l'int\u00e9rieur ou de travailler \u00e0 l'ext\u00e9rieur, l'\u00e9chelle t\u00e9lescopique Herzberg est \u00e0 la hauteur. Sa conception polyvalente convient \u00e0 diff\u00e9rents environnements de travail et \u00e0 diff\u00e9rentes t\u00e2ches.<\/span><\/li>\n<li><span style=\"font-size: 14px;\"><strong>Capacit\u00e9 de charge maximale : <\/strong>Avec une capacit\u00e9 de charge maximale de 150 kg, cette \u00e9chelle peut supporter de lourdes charges, ce qui la rend adapt\u00e9e \u00e0 diff\u00e9rents utilisateurs et t\u00e2ches.<\/span><\/li>\n<li><span style=\"font-size: 14px;\"><strong>Facile \u00e0 utiliser et \u00e0 stocker :<\/strong> Gr\u00e2ce au m\u00e9canisme de verrouillage de la grille coulissante de l'\u00e9chelle, les marches se replient sans effort pour un rangement rapide et facile. L'\u00e9chelle est livr\u00e9e avec des outils d'installation et des instructions simples pour une installation facile.<\/span><\/li>\n<li><span style=\"font-size: 14px;\"><strong>Polyvalent et multifonctionnel : <\/strong>Le HG-5260 peut \u00eatre utilis\u00e9 pour un large \u00e9ventail d'applications, des projets de bricolage aux travaux de construction professionnels. Son positionnement sous diff\u00e9rents angles et sa hauteur r\u00e9glable en font un outil indispensable pour de nombreux travaux.<\/span><\/li>\n<li><span style=\"font-size: 14px;\"><strong>Conception s\u00fbre et robuste :<\/strong> La charni\u00e8re robuste de 2,6 mm d'\u00e9paisseur et la suspension en \u00e9lastom\u00e8re de l'\u00e9chelle offrent une stabilit\u00e9 et un soutien suppl\u00e9mentaires, de sorte que vous n'aurez pas besoin d'aide ext\u00e9rieure pendant l'utilisation.<\/span><\/li>\n<li><span style=\"font-size: 14px;\"><strong>Rapport qualit\u00e9-prix : <\/strong>L'\u00e9chelle Herzberg HG-5260 offre un rapport qualit\u00e9-prix imbattable en combinant qualit\u00e9, performance et prix abordable. C'est un investissement judicieux pour tous ceux qui ont besoin d'une \u00e9chelle t\u00e9lescopique fiable et durable.<\/span><\/li>\n<\/ul>\n<p>&nbsp;<\/p>\n<p>&nbsp;<\/p>\n<p><strong><span style=\"font-size: 14px;\">Sp\u00e9cifications :<\/span><\/strong><\/p>\n<ul>\n<li><span style=\"font-size: 14px;\">Marque : Herzberg<\/span><\/li>\n<li><span style=\"font-size: 14px;\">Couleur : Chrome<\/span><\/li>\n<li><span style=\"font-size: 14px;\">Mat\u00e9riau : aluminium anodis\u00e9 de haute qualit\u00e9<\/span><\/li>\n<li><span style=\"font-size: 14px;\">Hauteur : r\u00e9glable de 80cm (2.60ft) \u00e0 260cm (8.53ft)<\/span><\/li>\n<li><span style=\"font-size: 14px;\">Largeur (repli\u00e9e) : 46.5cm (1.52ft)<\/span><\/li>\n<li><span style=\"font-size: 14px;\">Poids : 7 kg (15.43 lbs)<\/span><\/li>\n<li><span style=\"font-size: 14px;\">Capacit\u00e9 de charge : Maximum 150kg (330.69 lbs)<\/span><\/li>\n<li><span style=\"font-size: 14px;\">Distance entre les marches : 300 mm (11.81 pouces)<\/span><\/li>\n<li><span style=\"font-size: 14px;\">\u00c9paisseur des marches : 1,3 mm (0,051 pouce)<\/span><\/li>\n<li><span style=\"font-size: 14px;\">\u00c9paisseur de la charni\u00e8re : 2,6 mm (0,102 in)<\/span><\/li>\n<li><span style=\"font-size: 14px;\">Positions d'angle : Plusieurs positions d'angle pour une plus grande polyvalence<\/span><\/li>\n<li><span style=\"font-size: 14px;\">Pieds : Pieds antid\u00e9rapants pour une stabilit\u00e9 et une s\u00e9curit\u00e9 accrues<\/span><\/li>\n<li><span style=\"font-size: 14px;\">Portabilit\u00e9 : se range facilement dans la botte pour un transport ais\u00e9<\/span><\/li>\n<li><span style=\"font-size: 14px;\">Application : Convient \u00e0 l'int\u00e9rieur et \u00e0 l'ext\u00e9rieur<\/span><\/li>\n<li><span style=\"font-size: 14px;\">Utilisation : id\u00e9al pour les projets de bricolage, les travaux de construction professionnels, etc.<\/span><\/li>\n<li><span style=\"font-size: 14px;\">Assemblage : livr\u00e9 avec des outils d'installation et des instructions simples pour une installation facile<\/span><\/li>\n<li><span style=\"font-size: 14px;\">Conception : conception robuste et s\u00fbre avec une suspension en \u00e9lastom\u00e8re pour une stabilit\u00e9 accrue.<\/span><\/li>\n<li><span style=\"font-size: 14px;\">Polyvalence : convient \u00e0 diverses t\u00e2ches et environnements de travail<\/span><\/li>\n<li><span style=\"font-size: 14px;\">Rangement compact : conception pliable pour un rangement peu encombrant<\/span><\/li>\n<li><span style=\"font-size: 14px;\">Commodit\u00e9 : L\u00e9ger et portable pour faciliter l'utilisation et le transport<\/span><\/li>\n<li><span style=\"font-size: 14px;\">Certifications : Conforme aux normes EN131 en mati\u00e8re de s\u00e9curit\u00e9 et de performance<\/span><\/li>\n<\/ul>","protected":false},"excerpt":{"rendered":"<p>Herzberg HG-5260: Aluminium telescopische ladder met antislip voet &#8211; 2.6M &nbsp; Maak kennis met de Herzberg HG-5260: Aluminium Telescopische Ladder<\/p>","protected":false},"featured_media":517305,"comment_status":"closed","ping_status":"closed","template":"","meta":{"_seopress_robots_primary_cat":"none","_seopress_titles_title":"","_seopress_titles_desc":"","_seopress_robots_index":""},"product_brand":[],"product_cat":[1019],"product_tag":[],"class_list":{"0":"post-517304","1":"product","2":"type-product","3":"status-publish","4":"has-post-thumbnail","6":"product_cat-ladders","8":"first","9":"instock","10":"taxable","11":"shipping-taxable","12":"purchasable","13":"product-type-simple"},"_links":{"self":[{"href":"https:\/\/ledshoponline.be\/fr\/wp-json\/wp\/v2\/product\/517304","targetHints":{"allow":["GET"]}}],"collection":[{"href":"https:\/\/ledshoponline.be\/fr\/wp-json\/wp\/v2\/product"}],"about":[{"href":"https:\/\/ledshoponline.be\/fr\/wp-json\/wp\/v2\/types\/product"}],"replies":[{"embeddable":true,"href":"https:\/\/ledshoponline.be\/fr\/wp-json\/wp\/v2\/comments?post=517304"}],"version-history":[{"count":1,"href":"https:\/\/ledshoponline.be\/fr\/wp-json\/wp\/v2\/product\/517304\/revisions"}],"predecessor-version":[{"id":636356,"href":"https:\/\/ledshoponline.be\/fr\/wp-json\/wp\/v2\/product\/517304\/revisions\/636356"}],"wp:featuredmedia":[{"embeddable":true,"href":"https:\/\/ledshoponline.be\/fr\/wp-json\/wp\/v2\/media\/517305"}],"wp:attachment":[{"href":"https:\/\/ledshoponline.be\/fr\/wp-json\/wp\/v2\/media?parent=517304"}],"wp:term":[{"taxonomy":"product_brand","embeddable":true,"href":"https:\/\/ledshoponline.be\/fr\/wp-json\/wp\/v2\/product_brand?post=517304"},{"taxonomy":"product_cat","embeddable":true,"href":"https:\/\/ledshoponline.be\/fr\/wp-json\/wp\/v2\/product_cat?post=517304"},{"taxonomy":"product_tag","embeddable":true,"href":"https:\/\/ledshoponline.be\/fr\/wp-json\/wp\/v2\/product_tag?post=517304"}],"curies":[{"name":"wp","href":"https:\/\/api.w.org\/{rel}","templated":true}]}}