{"id":517290,"date":"2024-01-30T11:27:00","date_gmt":"2024-01-30T11:27:00","guid":{"rendered":"https:\/\/hlncaxea.a2hosted.com\/?post_type=product&#038;p=517290"},"modified":"2026-01-30T23:27:45","modified_gmt":"2026-01-30T23:27:45","slug":"rack-de-stockage-galvanise","status":"publish","type":"product","link":"https:\/\/ledshoponline.be\/fr\/shop\/producten\/gereedschap\/opbergrekken\/gegalvaniseerd-opslagrek\/","title":{"rendered":"Rack de stockage galvanis\u00e9"},"content":{"rendered":"<h2 class=\"wp-block-heading\">Support de stockage durable et peu encombrant<\/h2>\n\n\n\n<p>Optimisez votre espace de stockage avec le <strong>Rack de stockage galvanis\u00e9<\/strong>Il est sp\u00e9cialement con\u00e7u pour une utilisation \u00e0 long terme et pour les charges lourdes. Gr\u00e2ce \u00e0 sa construction en acier galvanis\u00e9, ce rayonnage est r\u00e9sistant \u00e0 la rouille et \u00e0 l'usure, ce qui le rend parfait pour les garages, les ateliers ou m\u00eame la maison. Avec une capacit\u00e9 de charge \u00e9lev\u00e9e par \u00e9tag\u00e8re, vous pouvez facilement ranger des outils, des \u00e9quipements ou des articles m\u00e9nagers dans un design industriel \u00e9l\u00e9gant.<\/p>\n\n\n\n<h2 class=\"wp-block-heading\">Montage facile pour une utilisation imm\u00e9diate<\/h2>\n\n\n\n<p>Fini le montage compliqu\u00e9 ! Cette \u00e9tag\u00e8re de rangement est con\u00e7ue sans boulons, ce qui vous permet de l'installer rapidement et facilement. Les \u00e9tag\u00e8res r\u00e9glables offrent une grande flexibilit\u00e9, vous permettant d'adapter la disposition \u00e0 vos besoins sp\u00e9cifiques. Que vous ayez besoin d'une solution compacte ou d'une installation spacieuse, ce rack s'adapte sans effort.<\/p>\n\n\n\n<h2 class=\"wp-block-heading\">Un design polyvalent pour chaque pi\u00e8ce<\/h2>\n\n\n\n<p>Optimisez votre espace de stockage avec le <strong>Rack de stockage galvanis\u00e9<\/strong>Il est sp\u00e9cialement con\u00e7u pour une utilisation \u00e0 long terme et pour les charges lourdes. Gr\u00e2ce \u00e0 sa construction en acier galvanis\u00e9, ce rayonnage est r\u00e9sistant \u00e0 la rouille et \u00e0 l'usure, ce qui le rend parfait pour les garages, les ateliers ou m\u00eame la maison. Avec une capacit\u00e9 de charge \u00e9lev\u00e9e par \u00e9tag\u00e8re, vous pouvez facilement ranger des outils, des \u00e9quipements ou des articles m\u00e9nagers dans un design industriel \u00e9l\u00e9gant.<br><\/p>\n\n\n<p><strong>Caract\u00e9ristiques :<\/strong><\/p>\n<ul>\n<li>Construction en acier enti\u00e8rement galvanis\u00e9<\/li>\n<li>\u00c9tag\u00e8res durables et r\u00e9sistantes<\/li>\n<li>Planches en bois press\u00e9 de haute qualit\u00e9<\/li>\n<li>Assemblage rapide et facile, sans vis ni boulon<\/li>\n<li>Le syst\u00e8me pratique de connexion par glissement<\/li>\n<li>Assemblage rapide et facile<\/li>\n<li>Pieds r\u00e9glables<\/li>\n<li>Pratique et polyvalent<\/li>\n<li>Mat\u00e9riaux non rouill\u00e9s et non corrosifs<\/li>\n<li>Un compl\u00e9ment utile \u00e0 tout espace de vie, garage ou zone de stockage<\/li>\n<li>Tout ce dont vous avez besoin, c'est d'un maillet en caoutchouc.<\/li>\n<li>Excellent pour les objets lourds et encombrants<\/li>\n<li>Cette \u00e9tag\u00e8re robuste est flexible<\/li>\n<li>Utilisez-la comme une \u00e9tag\u00e8re normale ou montez-la dans un \u00e9tabli pratique.<\/li>\n<li>5 \u00e9tag\u00e8res extr\u00eamement r\u00e9glables<\/li>\n<li>Cinq \u00e9tag\u00e8res peuvent \u00eatre install\u00e9es pour r\u00e9pondre \u00e0 vos besoins.<\/li>\n<\/ul>\n<p><strong>Sp\u00e9cifications :<\/strong><\/p>\n<ul>\n<li>Nom de marque : Herzberg<\/li>\n<li>Couleur : brun et argent<\/li>\n<li>Mat\u00e9riau du cadre : acier galvanis\u00e9 de haute qualit\u00e9<\/li>\n<li>Mat\u00e9riau de l'\u00e9tag\u00e8re : carton comprim\u00e9 en bois de haute qualit\u00e9<\/li>\n<li>Poids du produit : 13 kg<\/li>\n<li>Dimensions du produit : 180cm x 90cm 40cm<\/li>\n<li>Nombre d'\u00e9tag\u00e8res : 5<\/li>\n<li>\u00c9l\u00e9vation r\u00e9glable : 1,5 pouces<\/li>\n<li>Capacit\u00e9 de poids : 175 kg par \u00e9tag\u00e8re<\/li>\n<li>Capacit\u00e9 de charge totale : 875 kg<\/li>\n<\/ul>\n<p>\u00a0<\/p>\n<p>\u00a0<\/p>\n<p><span style=\"font-size: 14px;\"><img decoding=\"async\" style=\"font-size: 14px;\" src=\"https:\/\/www.msy.be\/images\/Image\/Image\/HG-8040\/Untitled-2_1.jpg?1556724477648\" alt=\"\" \/><\/span><\/p>\n\n\n<p><\/p>","protected":false},"excerpt":{"rendered":"<p>Duurzaam en Ruimtebesparend Opslagrek Optimaliseer je opslagruimte met het Gegalvaniseerd Opslagrek, speciaal ontworpen voor langdurig gebruik en zware belasting. Dankzij<\/p>","protected":false},"featured_media":517291,"comment_status":"open","ping_status":"closed","template":"","meta":{"_seopress_robots_primary_cat":"","_seopress_titles_title":"","_seopress_titles_desc":"","_seopress_robots_index":""},"product_brand":[],"product_cat":[1017],"product_tag":[],"class_list":{"0":"post-517290","1":"product","2":"type-product","3":"status-publish","4":"has-post-thumbnail","6":"product_cat-opbergrekken","8":"first","9":"instock","10":"sale","11":"taxable","12":"shipping-taxable","13":"purchasable","14":"product-type-simple"},"_links":{"self":[{"href":"https:\/\/ledshoponline.be\/fr\/wp-json\/wp\/v2\/product\/517290","targetHints":{"allow":["GET"]}}],"collection":[{"href":"https:\/\/ledshoponline.be\/fr\/wp-json\/wp\/v2\/product"}],"about":[{"href":"https:\/\/ledshoponline.be\/fr\/wp-json\/wp\/v2\/types\/product"}],"replies":[{"embeddable":true,"href":"https:\/\/ledshoponline.be\/fr\/wp-json\/wp\/v2\/comments?post=517290"}],"version-history":[{"count":0,"href":"https:\/\/ledshoponline.be\/fr\/wp-json\/wp\/v2\/product\/517290\/revisions"}],"wp:featuredmedia":[{"embeddable":true,"href":"https:\/\/ledshoponline.be\/fr\/wp-json\/wp\/v2\/media\/517291"}],"wp:attachment":[{"href":"https:\/\/ledshoponline.be\/fr\/wp-json\/wp\/v2\/media?parent=517290"}],"wp:term":[{"taxonomy":"product_brand","embeddable":true,"href":"https:\/\/ledshoponline.be\/fr\/wp-json\/wp\/v2\/product_brand?post=517290"},{"taxonomy":"product_cat","embeddable":true,"href":"https:\/\/ledshoponline.be\/fr\/wp-json\/wp\/v2\/product_cat?post=517290"},{"taxonomy":"product_tag","embeddable":true,"href":"https:\/\/ledshoponline.be\/fr\/wp-json\/wp\/v2\/product_tag?post=517290"}],"curies":[{"name":"wp","href":"https:\/\/api.w.org\/{rel}","templated":true}]}}