{"id":510335,"date":"2024-10-09T10:56:30","date_gmt":"2024-10-09T10:56:30","guid":{"rendered":"https:\/\/hlncaxea.a2hosted.com\/?post_type=product&#038;p=510335"},"modified":"2025-08-24T10:19:36","modified_gmt":"2025-08-24T10:19:36","slug":"calex-gaming-xxl-tapis-de-souris-compatible-avec-razer-chroma-90x30-cm-precision-et-confort-ultimes-2","status":"publish","type":"product","link":"https:\/\/ledshoponline.be\/fr\/shop\/huis-keuken\/bureau\/calex-gaming-xxl-muismat-compatibel-met-razer-chroma-90x30-cm-ultieme-precisie-en-comfort\/","title":{"rendered":"Calex Gaming XXL Mouse Pad - Compatible avec Razer Chroma - 90\u00d730 cm | Pr\u00e9cision et confort ultimes"},"content":{"rendered":"<p><strong>Faites passer votre exp\u00e9rience de jeu au niveau sup\u00e9rieur avec le tapis de souris XXL de Calex Gaming.<\/strong><\/p>\r\n\r\n\r\n\r\n<p>Donnez vie \u00e0 votre configuration de jeu avec le tapis de souris XXL de Calex Gaming. Base id\u00e9ale pour tous les joueurs, ce tapis de souris offre beaucoup d'espace pour votre clavier et votre souris avec une taille impressionnante de 90 x 30 cm. Gr\u00e2ce \u00e0 la compatibilit\u00e9 Razer Chroma, l'\u00e9clairage se synchronise parfaitement avec vos jeux pr\u00e9f\u00e9r\u00e9s tels que Call of Duty, Fortnite et Apex Legends. Chaque explosion, \u00e9change de coups de feu et victoire remplira votre pi\u00e8ce de couleurs intenses et d'effets lumineux spectaculaires.<\/p>\r\n\r\n\r\n\r\n<p><strong>D\u00e9veloppez votre installation pour une immersion maximale<\/strong><\/p>\r\n\r\n\r\n\r\n<p>Cr\u00e9ez une exp\u00e9rience de jeu immersive au-del\u00e0 d'un simple tapis de souris avec ce tapis de souris. Ajoutez facilement des bandes de moniteurs RVB, des bandes de LED et m\u00eame un lampadaire RVB, le tout facilement int\u00e9gr\u00e9 avec l'application Calex. Cr\u00e9ez votre propre salle de jeu et contr\u00f4lez enti\u00e8rement l'\u00e9clairage. Imaginez une configuration PC enti\u00e8rement synchronis\u00e9e, de l'ordinateur de bureau aux accessoires de jeu, qui r\u00e9agit de mani\u00e8re transparente \u00e0 l'action de vos jeux - le moyen de donner vie \u00e0 votre exp\u00e9rience de jeu.<\/p>\r\n\r\n\r\n\r\n<p><strong>Un divertissement pour toutes les occasions : parfait pour la musique et les f\u00eates<\/strong><\/p>\r\n\r\n\r\n\r\n<p>Ce tapis de souris n'est pas seulement id\u00e9al pour les jeux, mais aussi pour les divertissements ! Gr\u00e2ce aux modes de synchronisation, vous pouvez ajuster l'\u00e9clairage \u00e0 votre musique et cr\u00e9er l'atmosph\u00e8re parfaite pour les f\u00eates, les soir\u00e9es cin\u00e9ma ou les s\u00e9ances de relaxation. La technologie RGBIC intelligente permet aux couleurs de bouger au rythme de vos chansons pr\u00e9f\u00e9r\u00e9es, cr\u00e9ant ainsi une ambiance unique qui transforme votre espace.<\/p>\r\n\r\n\r\n\r\n<p><strong>Installation rapide et facile en 3 \u00e9tapes<\/strong><\/p>\r\n\r\n\r\n\r\n<p>Installez le logiciel Razer et suivez ces \u00e9tapes simples pour pr\u00e9parer votre tapis de souris :<\/p>\r\n\r\n\r\n\r\n<ol class=\"wp-block-list\">\r\n<li>Ajouter le tapis de souris \u00e0 l'application Calex.<\/li>\r\n\r\n\r\n\r\n<li>Scannez le code QR dans l'application pour une installation rapide.<\/li>\r\n\r\n\r\n\r\n<li>Activez l'int\u00e9gration de Calex Gaming dans Razer.<\/li>\r\n<\/ol>\r\n\r\n\r\n\r\n<p>Vous n'y arrivez pas ? Regardez les vid\u00e9os d'installation ou consultez la FAQ sur le site web de Calex pour une aide rapide.<\/p>\r\n\r\n\r\n\r\n<p><strong>Compatibilit\u00e9 Razer Chroma pour une synchronisation optimale<\/strong><\/p>\r\n\r\n\r\n\r\n<p>Le tapis de souris XXL est enti\u00e8rement compatible avec Razer Chroma, le logiciel d'\u00e9clairage de pointe qui permet d'\u00e9clairer les jeux en temps r\u00e9el. Synchronisez votre \u00e9clairage avec votre jeu pour une exp\u00e9rience de jeu immersive ultime.<\/p>","protected":false},"excerpt":{"rendered":"<p>\u2705 Pr\u00e9cision ultime<br \/>Compatible avec Razer Chroma<br \/>\u2705 Grand format (90\u00d730 cm)<\/p>","protected":false},"featured_media":510336,"comment_status":"closed","ping_status":"closed","template":"","meta":{"_seopress_robots_primary_cat":"none","_seopress_titles_title":"","_seopress_titles_desc":"","_seopress_robots_index":""},"product_brand":[],"product_cat":[1016,1015,40,19,514,42],"product_tag":[],"class_list":{"0":"post-510335","1":"product","2":"type-product","3":"status-publish","4":"has-post-thumbnail","6":"product_cat-bureau","7":"product_cat-huis-keuken","8":"product_cat-led-strips","9":"product_cat-producten","10":"product_cat-smart-home","11":"product_cat-toebehoren","13":"first","14":"instock","15":"sale","16":"taxable","17":"shipping-taxable","18":"purchasable","19":"product-type-simple"},"_links":{"self":[{"href":"https:\/\/ledshoponline.be\/fr\/wp-json\/wp\/v2\/product\/510335","targetHints":{"allow":["GET"]}}],"collection":[{"href":"https:\/\/ledshoponline.be\/fr\/wp-json\/wp\/v2\/product"}],"about":[{"href":"https:\/\/ledshoponline.be\/fr\/wp-json\/wp\/v2\/types\/product"}],"replies":[{"embeddable":true,"href":"https:\/\/ledshoponline.be\/fr\/wp-json\/wp\/v2\/comments?post=510335"}],"version-history":[{"count":1,"href":"https:\/\/ledshoponline.be\/fr\/wp-json\/wp\/v2\/product\/510335\/revisions"}],"predecessor-version":[{"id":552798,"href":"https:\/\/ledshoponline.be\/fr\/wp-json\/wp\/v2\/product\/510335\/revisions\/552798"}],"wp:featuredmedia":[{"embeddable":true,"href":"https:\/\/ledshoponline.be\/fr\/wp-json\/wp\/v2\/media\/510336"}],"wp:attachment":[{"href":"https:\/\/ledshoponline.be\/fr\/wp-json\/wp\/v2\/media?parent=510335"}],"wp:term":[{"taxonomy":"product_brand","embeddable":true,"href":"https:\/\/ledshoponline.be\/fr\/wp-json\/wp\/v2\/product_brand?post=510335"},{"taxonomy":"product_cat","embeddable":true,"href":"https:\/\/ledshoponline.be\/fr\/wp-json\/wp\/v2\/product_cat?post=510335"},{"taxonomy":"product_tag","embeddable":true,"href":"https:\/\/ledshoponline.be\/fr\/wp-json\/wp\/v2\/product_tag?post=510335"}],"curies":[{"name":"wp","href":"https:\/\/api.w.org\/{rel}","templated":true}]}}