{"id":506351,"date":"2024-08-01T19:30:08","date_gmt":"2024-08-01T19:30:08","guid":{"rendered":"https:\/\/hlncaxea.a2hosted.com\/?post_type=product&#038;p=506351"},"modified":"2025-06-14T11:18:34","modified_gmt":"2025-06-14T11:18:34","slug":"herzberg-hg-8049ea-tariere-de-terre-2","status":"publish","type":"product","link":"https:\/\/ledshoponline.be\/fr\/shop\/tuin\/herzberg-hg-8049ea-earth-auger\/","title":{"rendered":"Herzberg HG-8049EA : Tari\u00e8re terrestre"},"content":{"rendered":"<p><span style=\"font-size: 14px;\">Le nec plus ultra des perceuses et des excavatrices avec une innovation \u00e9tonnante dans le domaine des outils \u00e9lectriques d'ext\u00e9rieur est maintenant l\u00e0 ! Voici la Herzberg HG8094, une tari\u00e8re \u00e0 essence pour travaux lourds. Cette tari\u00e8re a une puissance de 51,7cc 1,46kw avec un moteur \u00e0 essence monocylindre \u00e0 deux temps refroidi \u00e0 l'air qui permet de forer rapidement plusieurs trous. Cet \u00e9quipement de pointe permet de creuser des poteaux de cl\u00f4ture, des planches de terrasse, des plantes \u00e0 massif, des bulbes, des semis, de fertiliser des arbustes, d'a\u00e9rer l'eau, d'enlever\/g\u00e9rer les racines et m\u00eame de planter des arbres en un clin d'\u0153il. Les performances sup\u00e9rieures des poign\u00e9es ergonomiques du moteur et la bo\u00eete de vitesses verticale avanc\u00e9e am\u00e9liorent l'efficacit\u00e9 et la fiabilit\u00e9. L'ensemble comprend une tari\u00e8re \u00e0 lame d'acier \u00e0 3 dents qui offre une polyvalence et une option pour briser le sol avec un minimum d'effort et de pr\u00e9cision.<\/span><\/p>\n<p>&nbsp;<\/p>\n<p>&nbsp;<\/p>\n<p>&nbsp;<\/p>\n<p><span style=\"font-size: 14px;\"><strong>Caract\u00e9ristiques :<\/strong><\/span><\/p>\n<ul>\n<li><span style=\"font-size: 14px;\">Puissant moteur \u00e0 essence \u00e0 deux temps de 63 cm3<\/span><\/li>\n<li><span style=\"font-size: 14px;\">Per\u00e7age de plusieurs trous en succession rapide<\/span><\/li>\n<li><span style=\"font-size: 14px;\">Performances de creusement et polyvalence maximales<\/span><\/li>\n<li><span style=\"font-size: 14px;\">Con\u00e7u avec un d\u00e9marrage manuel \u00e0 rappel, un syst\u00e8me simple d'alimentation en carburant qui permet un d\u00e9marrage rapide.<\/span><\/li>\n<li><span style=\"font-size: 14px;\">Construction robuste en acier solide<\/span><\/li>\n<li><span style=\"font-size: 14px;\">D\u00e9marrage facile et moteur r\u00e9actif<\/span><\/li>\n<li><span style=\"font-size: 14px;\">Conception avanc\u00e9e de la bo\u00eete de vitesses verticale<\/span><\/li>\n<li><span style=\"font-size: 14px;\">Acc\u00e9l\u00e9rateur \u00e0 doigt facile \u00e0 tenir et interrupteurs mont\u00e9s sur le guidon<\/span><\/li>\n<li><span style=\"font-size: 14px;\">R\u00e9servoir de carburant transparent int\u00e9gr\u00e9 permettant de contr\u00f4ler le niveau de carburant.<\/span><\/li>\n<li><span style=\"font-size: 14px;\">Poign\u00e9e souple pour le confort<\/span><\/li>\n<li><span style=\"font-size: 14px;\">Fixation et retrait faciles des couteaux<\/span><\/li>\n<li><span style=\"font-size: 14px;\">Peut \u00eatre facilement r\u00e9alis\u00e9 par une ou deux personnes<\/span><\/li>\n<li><span style=\"font-size: 14px;\">Livr\u00e9 avec un kit de montage et un kit de s\u00e9curit\u00e9<\/span><\/li>\n<\/ul>\n<p>&nbsp;<\/p>\n<p>&nbsp;<\/p>\n<p>&nbsp;<\/p>\n<p><span style=\"font-size: 14px;\"><strong>Sp\u00e9cifications :<\/strong><\/span><\/p>\n<ul>\n<li><span style=\"font-size: 14px;\">Nom du groupe : n Herzberg<\/span><\/li>\n<li><span style=\"font-size: 14px;\">Couleur : orange, argent<\/span><\/li>\n<li><span style=\"font-size: 14px;\">Mat\u00e9riau de l'ensemble moteur : acier de haute qualit\u00e9<\/span><\/li>\n<li><span style=\"font-size: 14px;\">Mat\u00e9riau de la lame : Alliage d'acier de premi\u00e8re qualit\u00e9<\/span><\/li>\n<li><span style=\"font-size: 14px;\">Mod\u00e8le de moteur : IE44F-5<\/span><\/li>\n<li><span style=\"font-size: 14px;\">Type de moteur : monocylindre, refroidi par air, 2 temps<\/span><\/li>\n<li><span style=\"font-size: 14px;\">Cylindr\u00e9e : 52cc<\/span><\/li>\n<li><span style=\"font-size: 14px;\">Vitesse de travail : 170-200rpm<\/span><\/li>\n<li><span style=\"font-size: 14px;\">Essence, m\u00e9lange d'huile bicyclique quantit\u00e9 : 25 : 1<\/span><\/li>\n<li><span style=\"font-size: 14px;\">Syst\u00e8me d'allumage : C.D.I.<\/span><\/li>\n<li><span style=\"font-size: 14px;\">Puissance : 1,46 kW<\/span><\/li>\n<li><span style=\"font-size: 14px;\">Capacit\u00e9 du r\u00e9servoir de carburant : 1,2 litre<\/span><\/li>\n<li><span style=\"font-size: 14px;\">Taille de la tari\u00e8re (max) : 300 mm<\/span><\/li>\n<li><span style=\"font-size: 14px;\">Poids par unit\u00e9 : 10,8 kg<\/span><\/li>\n<li><span style=\"font-size: 14px;\">Syst\u00e8me de refroidissement : refroidissement par air<\/span><\/li>\n<li><span style=\"font-size: 14px;\">Taille des vis : 100 mm, 150 mm et 200 mm<\/span><\/li>\n<\/ul>","protected":false},"excerpt":{"rendered":"<p>De ultieme boormachine en graafmachine met verbazingwekkende innovatie in elektrisch gereedschap voor buiten is nu hier! Introductie van de Herzberg<\/p>","protected":false},"featured_media":506352,"comment_status":"closed","ping_status":"closed","template":"","meta":{"_seopress_robots_primary_cat":"none","_seopress_titles_title":"","_seopress_titles_desc":"","_seopress_robots_index":""},"product_brand":[],"product_cat":[998],"product_tag":[],"class_list":{"0":"post-506351","1":"product","2":"type-product","3":"status-publish","4":"has-post-thumbnail","6":"product_cat-tuin","8":"first","9":"instock","10":"sale","11":"taxable","12":"shipping-taxable","13":"purchasable","14":"product-type-simple"},"_links":{"self":[{"href":"https:\/\/ledshoponline.be\/fr\/wp-json\/wp\/v2\/product\/506351","targetHints":{"allow":["GET"]}}],"collection":[{"href":"https:\/\/ledshoponline.be\/fr\/wp-json\/wp\/v2\/product"}],"about":[{"href":"https:\/\/ledshoponline.be\/fr\/wp-json\/wp\/v2\/types\/product"}],"replies":[{"embeddable":true,"href":"https:\/\/ledshoponline.be\/fr\/wp-json\/wp\/v2\/comments?post=506351"}],"version-history":[{"count":1,"href":"https:\/\/ledshoponline.be\/fr\/wp-json\/wp\/v2\/product\/506351\/revisions"}],"predecessor-version":[{"id":584691,"href":"https:\/\/ledshoponline.be\/fr\/wp-json\/wp\/v2\/product\/506351\/revisions\/584691"}],"wp:featuredmedia":[{"embeddable":true,"href":"https:\/\/ledshoponline.be\/fr\/wp-json\/wp\/v2\/media\/506352"}],"wp:attachment":[{"href":"https:\/\/ledshoponline.be\/fr\/wp-json\/wp\/v2\/media?parent=506351"}],"wp:term":[{"taxonomy":"product_brand","embeddable":true,"href":"https:\/\/ledshoponline.be\/fr\/wp-json\/wp\/v2\/product_brand?post=506351"},{"taxonomy":"product_cat","embeddable":true,"href":"https:\/\/ledshoponline.be\/fr\/wp-json\/wp\/v2\/product_cat?post=506351"},{"taxonomy":"product_tag","embeddable":true,"href":"https:\/\/ledshoponline.be\/fr\/wp-json\/wp\/v2\/product_tag?post=506351"}],"curies":[{"name":"wp","href":"https:\/\/api.w.org\/{rel}","templated":true}]}}