{"id":506344,"date":"2024-05-01T19:27:00","date_gmt":"2024-05-01T19:27:00","guid":{"rendered":"https:\/\/hlncaxea.a2hosted.com\/?post_type=product&#038;p=506344"},"modified":"2025-03-09T19:45:31","modified_gmt":"2025-03-09T19:45:31","slug":"aspiration-humide-et-seche-2000w-30l","status":"publish","type":"product","link":"https:\/\/ledshoponline.be\/fr\/shop\/producten\/gereedschap\/nat-en-droogzuiger-2000w-30l\/","title":{"rendered":"Aspiration humide et s\u00e8che 2000W - 30L"},"content":{"rendered":"<p><span style=\"font-size:14px\">L'aspirateur eau et poussi\u00e8re Bentheimer BR-501 2000W est une solution de nettoyage polyvalente 3-en-1 con\u00e7ue pour s'attaquer \u00e0 toute une s\u00e9rie de t\u00e2ches de nettoyage. Gr\u00e2ce \u00e0 sa puissance d'aspiration de 15 KPA, il \u00e9limine sans effort les cheveux, la poussi\u00e8re, les \u00e9claboussures et m\u00eame l'huile d'une grande vari\u00e9t\u00e9 de surfaces, ce qui le rend parfait pour un usage domestique et commercial. Les fonctions humide, s\u00e8che et de soufflerie offrent une flexibilit\u00e9 maximale, que vous soyez confront\u00e9 \u00e0 des salissures liquides ou que vous ayez besoin de souffler la poussi\u00e8re et la salet\u00e9 dans des endroits difficiles d'acc\u00e8s.<\/span><\/p>\n<p>&nbsp;<\/p>\n<p><span style=\"font-size:14px\">Cet aspirateur est con\u00e7u pour \u00eatre facile \u00e0 utiliser et pratique. Il est dot\u00e9 d'un syst\u00e8me d'aspiration r\u00e9glable qui vous permet d'adapter la vitesse d'aspiration \u00e0 la t\u00e2che \u00e0 accomplir, ce qui vous donne un contr\u00f4le total sur le processus de nettoyage. La poign\u00e9e torsad\u00e9e et le rangement lat\u00e9ral am\u00e9liorent non seulement la maniabilit\u00e9, mais garantissent \u00e9galement que les accessoires, notamment le tuyau \u00e9lastique de 2 m\u00e8tres, la longue brosse carr\u00e9e, le suceur plat, les tubes en plastique et les diff\u00e9rents filtres, sont toujours \u00e0 port\u00e9e de main. En outre, le volume g\u00e9n\u00e9reux de 30 litres de poussi\u00e8re et le syst\u00e8me de multifiltration, dont un filtre HEPA, garantissent un nettoyage efficace et des performances durables.<\/span><\/p>\n<p>&nbsp;<\/p>\n<p><span style=\"font-size:14px\">Con\u00e7u pour une utilisation polyvalente, le Bentheimer BR-501 peut \u00eatre combin\u00e9 avec divers outils tels que des ponceuses murales, des excavateurs et des meuleuses \u00e0 sec, ce qui en fait un atout pr\u00e9cieux dans les ateliers, les entrep\u00f4ts, les stations de lavage de voitures, les h\u00f4tels et les maisons. La construction durable en ABS et en acier garantit la fiabilit\u00e9 et la long\u00e9vit\u00e9 de l'appareil, tandis que le cordon d'alimentation de 5 m\u00e8tres permet d'\u00e9tendre la port\u00e9e de l'appareil. Cet aspirateur est le parfait nettoyeur polyvalent, con\u00e7u pour effectuer les t\u00e2ches les plus difficiles avec efficacit\u00e9 et facilit\u00e9.<\/span><\/p>\n<p>&nbsp;<\/p>\n<p>&nbsp;<\/p>\n<p><strong><span style=\"font-size:14px\">Caract\u00e9ristiques :<\/span><\/strong><\/p>\n<ul>\n<li><span style=\"font-size:14px\"><strong>Fonctionnalit\u00e9 3 en 1 -<\/strong> Cet aspirateur offre des fonctions de nettoyage humide, sec et par soufflerie, ce qui le rend extr\u00eamement polyvalent. Il peut effectuer diff\u00e9rentes t\u00e2ches, de l'aspiration de la poussi\u00e8re, de la salet\u00e9 et des cheveux au nettoyage des taches de liquide et d'huile, en passant par le soufflage de la poussi\u00e8re dans les zones difficiles d'acc\u00e8s, ce qui en fait une solution de nettoyage compl\u00e8te pour les maisons, les ateliers, les entrep\u00f4ts et bien plus encore.<\/span><\/li>\n<li><span style=\"font-size:14px\"><strong>Moteur puissant de 2000W -<\/strong> \u00c9quip\u00e9 d'un puissant moteur de 2000 watts offrant une puissance d'aspiration de plus de 15 KPA, cet aspirateur \u00e9limine efficacement la salet\u00e9 de diverses surfaces. Qu'il s'agisse d'\u00e9liminer les salet\u00e9s incrust\u00e9es sur les tapis ou de nettoyer les liquides sur les sols durs, le puissant moteur assure un nettoyage en profondeur.<\/span><\/li>\n<li><span style=\"font-size:14px\"><strong>Contr\u00f4le de la puissance d'aspiration r\u00e9glable -<\/strong> Il est dot\u00e9 d'une puissance d'aspiration r\u00e9glable qui vous permet de contr\u00f4ler la vitesse et l'intensit\u00e9 de l'aspirateur. Cette flexibilit\u00e9 vous permet d'ajuster la puissance de nettoyage en fonction de la surface ou de la t\u00e2che, qu'il s'agisse d'une aspiration douce pour les zones d\u00e9licates ou d'une puissance maximale pour les salissures tenaces.<\/span><\/li>\n<li><span style=\"font-size:14px\"><strong>30L grande capacit\u00e9 de tissu - <\/strong>L'aspirateur est dot\u00e9 d'un grand r\u00e9servoir \u00e0 poussi\u00e8re de 30 litres qui minimise la n\u00e9cessit\u00e9 de le vider fr\u00e9quemment. Il est id\u00e9al pour les longues s\u00e9ances de nettoyage, les utilisations intensives ou les grands espaces, tels que les ateliers, les garages ou les zones commerciales, o\u00f9 une plus petite capacit\u00e9 pourrait ne pas suffire.<\/span><\/li>\n<li><span style=\"font-size:14px\"><strong>Syst\u00e8me de multifiltration avec filtre HEPA - <\/strong>\u00c9quip\u00e9 d'un syst\u00e8me de multifiltration, dont un filtre HEPA, l'aspirateur retient les fines particules de poussi\u00e8re, les allerg\u00e8nes et les polluants. Cela garantit que l'air rejet\u00e9 dans l'environnement est propre, ce qui est particuli\u00e8rement b\u00e9n\u00e9fique pour les m\u00e9nages ayant des animaux de compagnie ou souffrant d'allergies.<\/span><\/li>\n<li><span style=\"font-size:14px\"><strong>Poign\u00e9e torsad\u00e9e et espace de rangement sur le c\u00f4t\u00e9.<\/strong> Con\u00e7u avec une poign\u00e9e torsad\u00e9e pour une maniabilit\u00e9 sans effort, l'aspirateur comprend \u00e9galement des compartiments de rangement lat\u00e9raux pour garder tous les accessoires bien rang\u00e9s. Cette conception am\u00e9liore la facilit\u00e9 d'utilisation en garantissant que les accessoires tels que les brosses et les tuyaux sont facilement accessibles pendant le nettoyage.<\/span><\/li>\n<li><span style=\"font-size:14px\"><strong>Kit d'accessoires complet -<\/strong> Il est livr\u00e9 avec une s\u00e9rie d'accessoires, notamment un tuyau \u00e9lastique, une longue brosse carr\u00e9e, un suceur plat, des tubes en plastique, un filtre en \u00e9ponge, un filtre \u00e0 mailles et un sac \u00e0 poussi\u00e8re. Ces accessoires permettent \u00e0 l'aspirateur de s'adapter \u00e0 diff\u00e9rentes t\u00e2ches de nettoyage, qu'il s'agisse d'atteindre des coins \u00e9troits ou de traiter diff\u00e9rents types de salet\u00e9s et de d\u00e9versements.<\/span><\/li>\n<li><span style=\"font-size:14px\"><strong>C\u00e2ble d'alimentation de 5 m et tuyau \u00e9lastique de 2 m -<\/strong> L'aspirateur est \u00e9quip\u00e9 d'un c\u00e2ble d'alimentation de 5 m\u00e8tres et d'un tuyau \u00e9lastique de 2 m\u00e8tres, offrant une plus grande port\u00e9e pour nettoyer de grandes surfaces sans avoir \u00e0 changer souvent de prise. Gr\u00e2ce au long tuyau, vous pouvez facilement contourner les meubles et les obstacles, ce qui rend le processus de nettoyage plus efficace.<\/span><\/li>\n<li><span style=\"font-size:14px\"><strong>Fonction de soufflerie - <\/strong>La fonction de soufflerie int\u00e9gr\u00e9e ajoute de la polyvalence en permettant \u00e0 l'aspirateur de souffler la poussi\u00e8re et la salet\u00e9 dans les zones difficiles d'acc\u00e8s ou de s\u00e9cher rapidement les surfaces humides. Cette fonction \u00e9tend l'utilit\u00e9 de l'aspirateur au-del\u00e0 du nettoyage standard, offrant plus de fonctionnalit\u00e9s dans un seul appareil.<\/span><\/li>\n<li><span style=\"font-size:14px\"><strong>Construction robuste en ABS et en acier - <\/strong>Fabriqu\u00e9 en plastique ABS et en acier durables, cet aspirateur est con\u00e7u pour r\u00e9sister \u00e0 une utilisation r\u00e9guli\u00e8re et intensive. Sa construction robuste lui assure une longue dur\u00e9e de vie, ce qui le rend fiable pour les t\u00e2ches de nettoyage commerciales et r\u00e9sidentielles, tandis que son design noir-gris \u00e9l\u00e9gant lui conf\u00e8re une touche de modernit\u00e9.<\/span><\/li>\n<\/ul>\n<p>&nbsp;<\/p>\n<p>&nbsp;<\/p>\n<p><span style=\"font-size:14px\"><strong>Sp\u00e9cifications :&nbsp;<\/strong><\/span><\/p>\n<ul>\n<li><span style=\"font-size:14px\">Marque : Bentheimer<\/span><\/li>\n<li><span style=\"font-size:14px\">Couleur : noir et gris<\/span><\/li>\n<li><span style=\"font-size:14px\">Mat\u00e9riaux : ABS, acier<\/span><\/li>\n<li><span style=\"font-size:14px\">Tuyau \u00e9lastique : 2M<\/span><\/li>\n<li><span style=\"font-size:14px\">Force de pression : \u226515kPA<\/span><\/li>\n<li><span style=\"font-size:14px\">Bruit : 78dB<\/span><\/li>\n<li><span style=\"font-size:14px\">C\u00e2ble d'alimentation : 5M<\/span><\/li>\n<li><span style=\"font-size:14px\">Puissance de sortie : 2000W<\/span><\/li>\n<li><span style=\"font-size:14px\">Alimentation : AC 220-240 50\/60 Hz<\/span><\/li>\n<li><span style=\"font-size:14px\">Capacit\u00e9 d'empoussi\u00e8rement : 30L<\/span><\/li>\n<li><span style=\"font-size:14px\">Filtre HEPA<\/span><\/li>\n<li><span style=\"font-size:14px\">Efficacit\u00e9 et puissance \u00e9lev\u00e9es : OUI<\/span><\/li>\n<li><span style=\"font-size:14px\">Contr\u00f4le du d\u00e9bit d'air sur la poign\u00e9e : OUI<\/span><\/li>\n<li><span style=\"font-size:14px\">Syst\u00e8me de multifiltration : OUI<\/span><\/li>\n<li><span style=\"font-size:14px\">Indicateur de niveau de poussi\u00e8re : OUI<\/span><\/li>\n<li><span style=\"font-size:14px\">Fonction coupe-vent : OUI<\/span><\/li>\n<li><span style=\"font-size:14px\">Comprend : Tuyau \u00e9lastique, longue brosse carr\u00e9e, Kierzuigmond, tubes en plastique, brosse, filtre \u00e0 mailles, filtre en \u00e9ponge, sac \u00e0 poussi\u00e8re.<\/span><\/li>\n<\/ul>","protected":false},"excerpt":{"rendered":"<p>De Bentheimer BR-501 Nat- en droogzuiger 2000W is een veelzijdige 3-in-1 reinigingsoplossing die is ontworpen om een \u200b\u200breeks reinigingstaken aan<\/p>","protected":false},"featured_media":506345,"comment_status":"open","ping_status":"closed","template":"","meta":{"_seopress_robots_primary_cat":"","_seopress_titles_title":"","_seopress_titles_desc":"","_seopress_robots_index":""},"product_brand":[],"product_cat":[128],"product_tag":[],"class_list":{"0":"post-506344","1":"product","2":"type-product","3":"status-publish","4":"has-post-thumbnail","6":"product_cat-gereedschap","8":"first","9":"outofstock","10":"sale","11":"taxable","12":"shipping-taxable","13":"purchasable","14":"product-type-simple"},"_links":{"self":[{"href":"https:\/\/ledshoponline.be\/fr\/wp-json\/wp\/v2\/product\/506344","targetHints":{"allow":["GET"]}}],"collection":[{"href":"https:\/\/ledshoponline.be\/fr\/wp-json\/wp\/v2\/product"}],"about":[{"href":"https:\/\/ledshoponline.be\/fr\/wp-json\/wp\/v2\/types\/product"}],"replies":[{"embeddable":true,"href":"https:\/\/ledshoponline.be\/fr\/wp-json\/wp\/v2\/comments?post=506344"}],"version-history":[{"count":0,"href":"https:\/\/ledshoponline.be\/fr\/wp-json\/wp\/v2\/product\/506344\/revisions"}],"wp:featuredmedia":[{"embeddable":true,"href":"https:\/\/ledshoponline.be\/fr\/wp-json\/wp\/v2\/media\/506345"}],"wp:attachment":[{"href":"https:\/\/ledshoponline.be\/fr\/wp-json\/wp\/v2\/media?parent=506344"}],"wp:term":[{"taxonomy":"product_brand","embeddable":true,"href":"https:\/\/ledshoponline.be\/fr\/wp-json\/wp\/v2\/product_brand?post=506344"},{"taxonomy":"product_cat","embeddable":true,"href":"https:\/\/ledshoponline.be\/fr\/wp-json\/wp\/v2\/product_cat?post=506344"},{"taxonomy":"product_tag","embeddable":true,"href":"https:\/\/ledshoponline.be\/fr\/wp-json\/wp\/v2\/product_tag?post=506344"}],"curies":[{"name":"wp","href":"https:\/\/api.w.org\/{rel}","templated":true}]}}