{"id":504670,"date":"2024-09-14T19:23:29","date_gmt":"2024-09-14T19:23:29","guid":{"rendered":"https:\/\/hlncaxea.a2hosted.com\/?post_type=product&#038;p=504670"},"modified":"2026-01-10T14:54:10","modified_gmt":"2026-01-10T14:54:10","slug":"led-cob-strip-24v-5m-warm-white-set-with-remote-dimmable","status":"publish","type":"product","link":"https:\/\/ledshoponline.be\/fr\/shop\/producten\/led-strips\/led-strips-24v\/led-cob-strip-24v-5m-warm-wit-set-met-remote-dimbaar\/","title":{"rendered":"Bande LED COB 24v 5m Blanc chaud avec t\u00e9l\u00e9commande | Dimmable"},"content":{"rendered":"<p>Nouveau ! Bande de LED COB avec une lumi\u00e8re uniform\u00e9ment dispers\u00e9e. En blanc chaud +-3000k.<br \/>Dans un ensemble avec t\u00e9l\u00e9commande.\u00a0<\/p>\r\n\r\n\r\n\r\n<figure class=\"wp-block-image size-large\"><img decoding=\"async\" class=\"wp-image-504673\" src=\"https:\/\/ledshoponline.be\/wp-content\/uploads\/2024\/09\/cob-led-strip-36w-3600lm-3000k-5m-aigostar-800x800.avif\" alt=\"\" \/><\/figure>","protected":false},"excerpt":{"rendered":"<div class=\"item\" data-v-bc0ab15a=\"\"><strong>\u2705 Temp\u00e9rature de couleur :<\/strong> 3000k<\/div>\n<div class=\"item\" data-v-bc0ab15a=\"\"><strong>\u2705 Couleur claire :<\/strong>\u00a0<span style=\"font-size: 14px;\">Blanc chaud<\/span><\/div>\n<div class=\"item\" data-v-bc0ab15a=\"\"><strong>\u2705 Flux lumineux :<\/strong> 3600<span style=\"font-size: 14px;\">lm<\/span><\/div>\n<div class=\"item\" data-v-bc0ab15a=\"\"><strong>\u2705 Valeur IP : <\/strong><span style=\"font-size: 14px;\">IP20<\/span><\/div>\n<div class=\"item\" data-v-bc0ab15a=\"\"><strong>\u2705 Taille :<\/strong> \u00a0<span style=\"font-size: 14px;\">L : 5000mm x L : 8mm x H : 1.6mm<\/span><\/div>\n<div data-v-bc0ab15a=\"\">\u00a0<\/div>\n<div class=\"item\" data-v-bc0ab15a=\"\"><strong>Fiche produit<\/strong> <strong><a href=\"https:\/\/eprel.ec.europa.eu\/fiches\/lightsources\/Fiche_1379268_NL.pdf\">FR<\/a>\u00a0|\u00a0<a href=\"https:\/\/eprel.ec.europa.eu\/fiches\/lightsources\/Fiche_1379268_FR.pdf\">FR\u00a0<\/a>|\u00a0<a href=\"https:\/\/eprel.ec.europa.eu\/fiches\/lightsources\/Fiche_1379268_EN.pdf\">ET\u00a0<\/a>|\u00a0<a href=\"https:\/\/eprel.ec.europa.eu\/fiches\/lightsources\/Fiche_1379268_DE.pdf\">LE<\/a><\/strong><\/div>","protected":false},"featured_media":504671,"comment_status":"closed","ping_status":"closed","template":"","meta":{"_seopress_robots_primary_cat":"none","_seopress_titles_title":"","_seopress_titles_desc":"","_seopress_robots_index":""},"product_brand":[],"product_cat":[40,422,19],"product_tag":[45,293,314],"class_list":{"0":"post-504670","1":"product","2":"type-product","3":"status-publish","4":"has-post-thumbnail","6":"product_cat-led-strips","7":"product_cat-led-strips-24v","8":"product_cat-producten","9":"product_tag-12v","10":"product_tag-led-strip","11":"product_tag-warm-wit","13":"first","14":"outofstock","15":"taxable","16":"shipping-taxable","17":"purchasable","18":"product-type-simple"},"_links":{"self":[{"href":"https:\/\/ledshoponline.be\/fr\/wp-json\/wp\/v2\/product\/504670","targetHints":{"allow":["GET"]}}],"collection":[{"href":"https:\/\/ledshoponline.be\/fr\/wp-json\/wp\/v2\/product"}],"about":[{"href":"https:\/\/ledshoponline.be\/fr\/wp-json\/wp\/v2\/types\/product"}],"replies":[{"embeddable":true,"href":"https:\/\/ledshoponline.be\/fr\/wp-json\/wp\/v2\/comments?post=504670"}],"version-history":[{"count":1,"href":"https:\/\/ledshoponline.be\/fr\/wp-json\/wp\/v2\/product\/504670\/revisions"}],"predecessor-version":[{"id":616384,"href":"https:\/\/ledshoponline.be\/fr\/wp-json\/wp\/v2\/product\/504670\/revisions\/616384"}],"wp:featuredmedia":[{"embeddable":true,"href":"https:\/\/ledshoponline.be\/fr\/wp-json\/wp\/v2\/media\/504671"}],"wp:attachment":[{"href":"https:\/\/ledshoponline.be\/fr\/wp-json\/wp\/v2\/media?parent=504670"}],"wp:term":[{"taxonomy":"product_brand","embeddable":true,"href":"https:\/\/ledshoponline.be\/fr\/wp-json\/wp\/v2\/product_brand?post=504670"},{"taxonomy":"product_cat","embeddable":true,"href":"https:\/\/ledshoponline.be\/fr\/wp-json\/wp\/v2\/product_cat?post=504670"},{"taxonomy":"product_tag","embeddable":true,"href":"https:\/\/ledshoponline.be\/fr\/wp-json\/wp\/v2\/product_tag?post=504670"}],"curies":[{"name":"wp","href":"https:\/\/api.w.org\/{rel}","templated":true}]}}