{"id":50443,"date":"2018-09-07T20:47:43","date_gmt":"2018-09-07T20:47:43","guid":{"rendered":"https:\/\/hlncaxea.a2hosted.com\/?post_type=product&#038;p=50443"},"modified":"2025-09-03T15:40:35","modified_gmt":"2025-09-03T15:40:35","slug":"30w-led-construction-lamp-floodlight-3000k-warm-white","status":"publish","type":"product","link":"https:\/\/ledshoponline.be\/fr\/shop\/producten\/armaturen\/buitenverlichting\/30w-led-bouwlamp-schijnwerper-3000k-warm-wit\/","title":{"rendered":"Lampe de chantier LED 30W projecteur 3000k | blanc chaud"},"content":{"rendered":"<p>Lampe de chantier LED 30w 3000k tr\u00e8s \u00e9conomique qui remplace une version halog\u00e8ne d'environ 250W. Conception intelligente et prix tr\u00e8s comp\u00e9titif.<br \/>Profitez-en et commandez rapidement !<\/p>\r\n\r\n\r\n\r\n<h2 class=\"wp-block-heading\">Description<\/h2>\r\n\r\n\r\n\r\n<div class=\"std dropdown-box-description dropdown-box-product read-more-text-wrap box-active expanded\">\r\n<div class=\"bullet-list two-columns read-more-short-text\">\r\n<ul>\r\n<li>LED Widebeam 30W (3000 Lumen)<\/li>\r\n<li>Couleur : 3000K, IRC &gt;80<\/li>\r\n<li>\r\n<div>Remplace une lampe de chantier de 250W<\/div>\r\n<\/li>\r\n<li>Dimensions : L=160 H=120 D=30<\/li>\r\n<li>Angle d'\u00e9clairage 120<\/li>\r\n<li>C\u00e2ble de 0,75 m\u00e8tre<\/li>\r\n<li>IP65 (r\u00e9sistant aux pulv\u00e9risations)<\/li>\r\n<\/ul>\r\n<\/div>\r\n<\/div>","protected":false},"excerpt":{"rendered":"<p>Sterk geprijsde 30w LED bouwlamp 3000k vervangt ongeveer 250W halogeen versie. Slim design &amp; superscherp geprijsd.Profiteer er van en bestel<\/p>","protected":false},"featured_media":50444,"comment_status":"closed","ping_status":"closed","template":"","meta":{"_seopress_robots_primary_cat":"none","_seopress_titles_title":"","_seopress_titles_desc":"","_seopress_robots_index":""},"product_brand":[],"product_cat":[90,243,242,19],"product_tag":[],"class_list":{"0":"post-50443","1":"product","2":"type-product","3":"status-publish","4":"has-post-thumbnail","6":"product_cat-buitenverlichting","7":"product_cat-led-schijnwerpers","8":"product_cat-pro-led-verlichting","9":"product_cat-producten","11":"first","12":"instock","13":"taxable","14":"shipping-taxable","15":"purchasable","16":"product-type-simple"},"_links":{"self":[{"href":"https:\/\/ledshoponline.be\/fr\/wp-json\/wp\/v2\/product\/50443","targetHints":{"allow":["GET"]}}],"collection":[{"href":"https:\/\/ledshoponline.be\/fr\/wp-json\/wp\/v2\/product"}],"about":[{"href":"https:\/\/ledshoponline.be\/fr\/wp-json\/wp\/v2\/types\/product"}],"replies":[{"embeddable":true,"href":"https:\/\/ledshoponline.be\/fr\/wp-json\/wp\/v2\/comments?post=50443"}],"version-history":[{"count":1,"href":"https:\/\/ledshoponline.be\/fr\/wp-json\/wp\/v2\/product\/50443\/revisions"}],"predecessor-version":[{"id":619049,"href":"https:\/\/ledshoponline.be\/fr\/wp-json\/wp\/v2\/product\/50443\/revisions\/619049"}],"wp:featuredmedia":[{"embeddable":true,"href":"https:\/\/ledshoponline.be\/fr\/wp-json\/wp\/v2\/media\/50444"}],"wp:attachment":[{"href":"https:\/\/ledshoponline.be\/fr\/wp-json\/wp\/v2\/media?parent=50443"}],"wp:term":[{"taxonomy":"product_brand","embeddable":true,"href":"https:\/\/ledshoponline.be\/fr\/wp-json\/wp\/v2\/product_brand?post=50443"},{"taxonomy":"product_cat","embeddable":true,"href":"https:\/\/ledshoponline.be\/fr\/wp-json\/wp\/v2\/product_cat?post=50443"},{"taxonomy":"product_tag","embeddable":true,"href":"https:\/\/ledshoponline.be\/fr\/wp-json\/wp\/v2\/product_tag?post=50443"}],"curies":[{"name":"wp","href":"https:\/\/api.w.org\/{rel}","templated":true}]}}