{"id":491976,"date":"2023-08-08T16:01:00","date_gmt":"2023-08-08T16:01:00","guid":{"rendered":"https:\/\/hlncaxea.a2hosted.com\/?post_type=product&#038;p=491976"},"modified":"2025-03-09T19:45:28","modified_gmt":"2025-03-09T19:45:28","slug":"jeu-doutils-27-pieces-pour-consoles-de-jeux-2","status":"publish","type":"product","link":"https:\/\/ledshoponline.be\/fr\/shop\/producten\/gereedschap\/klein-gereedschap\/27delig-gereedschap-set-voor-spelconsoles\/","title":{"rendered":"Jeu d'outils 27 pi\u00e8ces pour consoles de jeux"},"content":{"rendered":"<p>Voici l'ensemble d'outils de 27 pi\u00e8ces, sp\u00e9cialement con\u00e7u pour les consoles de jeu. Cet ensemble contient tout ce dont vous avez besoin pour entretenir, r\u00e9parer et am\u00e9liorer vos appareils de jeu pr\u00e9f\u00e9r\u00e9s. Des tournevis de pr\u00e9cision aux pinces antistatiques, chaque outil a \u00e9t\u00e9 soigneusement s\u00e9lectionn\u00e9 pour des performances et une durabilit\u00e9 optimales.<\/p>\n\n\n\n<p>Avec ce set d'outils, vous serez toujours pr\u00eat pour n'importe quel travail technique. Les tournevis et outils ergonomiques tiennent bien dans la main et permettent de serrer des vis, de remplacer des pi\u00e8ces ou de manipuler des composants d\u00e9licats sans risque d'endommagement.<\/p>\n\n\n\n<p>Gr\u00e2ce \u00e0 la mallette de rangement compacte, vous gardez tous les outils bien rang\u00e9s et \u00e0 port\u00e9e de main. Que vous soyez un technicien d\u00e9butant ou exp\u00e9riment\u00e9, ce set est indispensable \u00e0 tous ceux qui souhaitent maintenir leur console de jeu en parfait \u00e9tat.<\/p>\n\n\n\n<ul class=\"wp-block-list\">\n<li>R\u00e9parez et mettez \u00e0 niveau vos consoles de jeu sans effort<\/li>\n\n\n\n<li>Conception ergonomique pour une utilisation confortable<\/li>\n\n\n\n<li>Mat\u00e9riaux de haute qualit\u00e9 pour une fiabilit\u00e9 \u00e0 long terme<\/li>\n<\/ul>\n\n\n\n<p>Pr\u00eat \u00e0 faire passer votre exp\u00e9rience de jeu au niveau sup\u00e9rieur ? Commandez d\u00e8s aujourd'hui votre jeu d'outils de 27 pi\u00e8ces et d\u00e9couvrez par vous-m\u00eame la commodit\u00e9 et la pr\u00e9cision qu'il offre !<\/p>\n\n\n\n<h2 class=\"wp-block-heading\">Qu'est-ce qui est inclus ?<\/h2>\n\n\n\n<ul class=\"wp-block-list\">\n<li>1x Poign\u00e9e \u00e0 cliquet : 140 mm<\/li>\n\n\n\n<li>1x Extension du porte-embout : 115 mm<\/li>\n\n\n\n<li>21 bits (27 mm) :\n<ul class=\"wp-block-list\">\n<li>Plat :\n<ul class=\"wp-block-list\">\n<li>2.0<\/li>\n\n\n\n<li>3.0<\/li>\n\n\n\n<li>4.0,<\/li>\n<\/ul>\n<\/li>\n\n\n\n<li>Phillips :\n<ul class=\"wp-block-list\">\n<li>PH000<\/li>\n\n\n\n<li>PH00<\/li>\n\n\n\n<li>PH0<\/li>\n\n\n\n<li>PH1<\/li>\n<\/ul>\n<\/li>\n\n\n\n<li>Pozidriv :\n<ul class=\"wp-block-list\">\n<li>PZ0<\/li>\n\n\n\n<li>PZ1<\/li>\n<\/ul>\n<\/li>\n\n\n\n<li>\u00c9toile :\n<ul class=\"wp-block-list\">\n<li>T4<\/li>\n\n\n\n<li>T5<\/li>\n\n\n\n<li>T6<\/li>\n\n\n\n<li>T7<\/li>\n\n\n\n<li>T8<\/li>\n\n\n\n<li>T9<\/li>\n\n\n\n<li>T10<\/li>\n\n\n\n<li>T15<\/li>\n\n\n\n<li>T20<\/li>\n<\/ul>\n<\/li>\n\n\n\n<li>Hex :\n<ul class=\"wp-block-list\">\n<li>1.3<\/li>\n<\/ul>\n<\/li>\n\n\n\n<li>Aile triple :\n<ul class=\"wp-block-list\">\n<li>1.5<\/li>\n\n\n\n<li>2.0<\/li>\n\n\n\n<li>3.0<\/li>\n<\/ul>\n<\/li>\n\n\n\n<li>\u00c9toile + centre :\n<ul class=\"wp-block-list\">\n<li>T5H<\/li>\n\n\n\n<li>T6H<\/li>\n\n\n\n<li>T8H<\/li>\n\n\n\n<li>T9H<\/li>\n\n\n\n<li>T10H<\/li>\n\n\n\n<li>T15H<\/li>\n\n\n\n<li>T20H<\/li>\n<\/ul>\n<\/li>\n<\/ul>\n<\/li>\n\n\n\n<li>1x outil d'ouverture multifonctionnel<\/li>\n\n\n\n<li>1x pince \u00e0 \u00e9piler<\/li>\n\n\n\n<li>1x Porte-embout Nintendo<\/li>\n\n\n\n<li>2 bits (39 mm) : Nintendo<\/li>\n<\/ul>","protected":false},"excerpt":{"rendered":"<p><strong>Convient \u00e0 la plupart des consoles de jeu :<\/strong> Xbox\u00ae, Xbox\u00ae360, PlayStation\u00ae3, PlayStation\u00ae2, PlayStation\u00aePortable (PSP), Nintendo\u00ae, ...<\/p>","protected":false},"featured_media":491977,"comment_status":"closed","ping_status":"closed","template":"","meta":{"_seopress_robots_primary_cat":"","_seopress_titles_title":"","_seopress_titles_desc":"","_seopress_robots_index":""},"product_brand":[],"product_cat":[128,130,19],"product_tag":[],"class_list":{"0":"post-491976","1":"product","2":"type-product","3":"status-publish","4":"has-post-thumbnail","6":"product_cat-gereedschap","7":"product_cat-klein-gereedschap","8":"product_cat-producten","10":"first","11":"instock","12":"taxable","13":"shipping-taxable","14":"purchasable","15":"product-type-simple"},"_links":{"self":[{"href":"https:\/\/ledshoponline.be\/fr\/wp-json\/wp\/v2\/product\/491976","targetHints":{"allow":["GET"]}}],"collection":[{"href":"https:\/\/ledshoponline.be\/fr\/wp-json\/wp\/v2\/product"}],"about":[{"href":"https:\/\/ledshoponline.be\/fr\/wp-json\/wp\/v2\/types\/product"}],"replies":[{"embeddable":true,"href":"https:\/\/ledshoponline.be\/fr\/wp-json\/wp\/v2\/comments?post=491976"}],"version-history":[{"count":0,"href":"https:\/\/ledshoponline.be\/fr\/wp-json\/wp\/v2\/product\/491976\/revisions"}],"wp:featuredmedia":[{"embeddable":true,"href":"https:\/\/ledshoponline.be\/fr\/wp-json\/wp\/v2\/media\/491977"}],"wp:attachment":[{"href":"https:\/\/ledshoponline.be\/fr\/wp-json\/wp\/v2\/media?parent=491976"}],"wp:term":[{"taxonomy":"product_brand","embeddable":true,"href":"https:\/\/ledshoponline.be\/fr\/wp-json\/wp\/v2\/product_brand?post=491976"},{"taxonomy":"product_cat","embeddable":true,"href":"https:\/\/ledshoponline.be\/fr\/wp-json\/wp\/v2\/product_cat?post=491976"},{"taxonomy":"product_tag","embeddable":true,"href":"https:\/\/ledshoponline.be\/fr\/wp-json\/wp\/v2\/product_tag?post=491976"}],"curies":[{"name":"wp","href":"https:\/\/api.w.org\/{rel}","templated":true}]}}