{"id":490146,"date":"2024-07-25T11:46:56","date_gmt":"2024-07-25T11:46:56","guid":{"rendered":"https:\/\/hlncaxea.a2hosted.com\/?post_type=product&#038;p=490146"},"modified":"2025-08-25T19:36:57","modified_gmt":"2025-08-25T19:36:57","slug":"e27-rgbw-smart-led-bulb-4-9w-filament-dimmable-g125-bluetooth-mesh","status":"publish","type":"product","link":"https:\/\/ledshoponline.be\/fr\/shop\/producten\/led-lampen\/led-filament-lampen\/e27-rgbw-smart-led-bol-4-9w-filament-dimbaar-g125-bluetooth-mesh\/","title":{"rendered":"E27 RGBW Smart LED bulb 4.9W filament dimmable G125 | Bluetooth Mesh"},"content":{"rendered":"<p>Cette lampe \u00e0 filament intelligente Bluetooth Mesh G125 allie efficacit\u00e9 \u00e9nerg\u00e9tique et technologie intelligente. Avec une puissance de seulement 4,9 W, cette lampe offre une large gamme de couleurs, y compris le rouge, le vert, le bleu et le blanc (RGBW). Gr\u00e2ce \u00e0 la connectivit\u00e9 Bluetooth Mesh, la lampe peut \u00eatre facilement contr\u00f4l\u00e9e et int\u00e9gr\u00e9e dans un syst\u00e8me d'\u00e9clairage intelligent. Les fonctions intelligentes vous permettent d'adapter la lampe \u00e0 diff\u00e9rentes ambiances et r\u00e9glages via un smartphone ou un autre appareil compatible. Le design \u00e0 filament offre un look classique combin\u00e9 \u00e0 une technologie moderne.<\/p>","protected":false},"excerpt":{"rendered":"<p>\u2705 <strong>Flux lumineux :<\/strong>470lm<br \/>\u2705 <strong>Temp\u00e9rature de couleur :<\/strong> 2700K - RGBW<br \/>\u2705 <strong>Taille :<\/strong> D125*H168 mm<br \/>\u2705 <strong>Fonctionnement :<\/strong> Fonctionne avec Bluetooth Mesh et Wifi<\/p>\n<p><strong>Fiche produit<\/strong> <strong><a href=\"https:\/\/eprel.ec.europa.eu\/fiches\/lightsources\/Fiche_1876079_NL.pdf\">FR<\/a>\u00a0|\u00a0<a href=\"https:\/\/eprel.ec.europa.eu\/fiches\/lightsources\/Fiche_1660710_FR.pdf\">FR\u00a0<\/a>|\u00a0<a href=\"https:\/\/eprel.ec.europa.eu\/fiches\/lightsources\/Fiche_1660710_EN.pdf\">ET\u00a0<\/a>|\u00a0<a href=\"https:\/\/eprel.ec.europa.eu\/fiches\/lightsources\/Fiche_1660710_DE.pdf\">LE<\/a><\/strong> \u00a0<\/p>","protected":false},"featured_media":490147,"comment_status":"closed","ping_status":"closed","template":"","meta":{"_seopress_robots_primary_cat":"none","_seopress_titles_title":"","_seopress_titles_desc":"","_seopress_robots_index":""},"product_brand":[],"product_cat":[268,111,20,19],"product_tag":[719],"class_list":{"0":"post-490146","1":"product","2":"type-product","3":"status-publish","4":"has-post-thumbnail","6":"product_cat-led-filament-lampen","7":"product_cat-led-lamp-e27","8":"product_cat-led-lampen","9":"product_cat-producten","10":"product_tag-g125-led","12":"first","13":"outofstock","14":"sale","15":"taxable","16":"shipping-taxable","17":"purchasable","18":"product-type-simple"},"_links":{"self":[{"href":"https:\/\/ledshoponline.be\/fr\/wp-json\/wp\/v2\/product\/490146","targetHints":{"allow":["GET"]}}],"collection":[{"href":"https:\/\/ledshoponline.be\/fr\/wp-json\/wp\/v2\/product"}],"about":[{"href":"https:\/\/ledshoponline.be\/fr\/wp-json\/wp\/v2\/types\/product"}],"replies":[{"embeddable":true,"href":"https:\/\/ledshoponline.be\/fr\/wp-json\/wp\/v2\/comments?post=490146"}],"version-history":[{"count":1,"href":"https:\/\/ledshoponline.be\/fr\/wp-json\/wp\/v2\/product\/490146\/revisions"}],"predecessor-version":[{"id":615590,"href":"https:\/\/ledshoponline.be\/fr\/wp-json\/wp\/v2\/product\/490146\/revisions\/615590"}],"wp:featuredmedia":[{"embeddable":true,"href":"https:\/\/ledshoponline.be\/fr\/wp-json\/wp\/v2\/media\/490147"}],"wp:attachment":[{"href":"https:\/\/ledshoponline.be\/fr\/wp-json\/wp\/v2\/media?parent=490146"}],"wp:term":[{"taxonomy":"product_brand","embeddable":true,"href":"https:\/\/ledshoponline.be\/fr\/wp-json\/wp\/v2\/product_brand?post=490146"},{"taxonomy":"product_cat","embeddable":true,"href":"https:\/\/ledshoponline.be\/fr\/wp-json\/wp\/v2\/product_cat?post=490146"},{"taxonomy":"product_tag","embeddable":true,"href":"https:\/\/ledshoponline.be\/fr\/wp-json\/wp\/v2\/product_tag?post=490146"}],"curies":[{"name":"wp","href":"https:\/\/api.w.org\/{rel}","templated":true}]}}