{"id":489780,"date":"2024-07-23T20:06:06","date_gmt":"2024-07-23T20:06:06","guid":{"rendered":"https:\/\/hlncaxea.a2hosted.com\/?post_type=product&#038;p=489780"},"modified":"2025-12-07T10:51:29","modified_gmt":"2025-12-07T10:51:29","slug":"projecteur-led-avec-detecteur-de-mouvement-50w-abat-jour-mat-4000k-remplace-500w-ip65","status":"publish","type":"product","link":"https:\/\/ledshoponline.be\/fr\/shop\/producten\/armaturen\/buitenverlichting\/led-breedstraler-met-bewegingssensor-50w-matte-lampenkap-4000k-vervangt-500w-ip65\/","title":{"rendered":"Projecteur LED avec d\u00e9tecteur de mouvement 50W - abat-jour d\u00e9poli - 4000K - Remplace 500W - IP65"},"content":{"rendered":"<p>Ce projecteur LED est \u00e9quip\u00e9 d'un capteur de mouvement PIR, ce qui signifie qu'il s'allume automatiquement lorsqu'un mouvement est d\u00e9tect\u00e9. Il est donc id\u00e9al pour la s\u00e9curit\u00e9 et l'utilisation dans les zones o\u00f9 un \u00e9clairage automatique est souhait\u00e9. Avec un indice de protection IP65, il est r\u00e9sistant \u00e0 la poussi\u00e8re et \u00e0 l'eau, ce qui le rend parfait pour une utilisation en ext\u00e9rieur. Le faisceau large a une temp\u00e9rature de couleur de 4000K et un flux lumineux de 5500 lumens, ce qui permet d'obtenir une lumi\u00e8re du jour \u00e9clatante. Le bo\u00eetier noir mat et l'abat-jour mat conf\u00e8rent au luminaire \u00e0 faisceau large un aspect moderne et discret.<\/p>","protected":false},"excerpt":{"rendered":"<div class=\"item\" data-v-bc0ab15a=\"\"><strong>\u2705 Temp\u00e9rature de couleur :<\/strong> 40<span style=\"font-size: 14px;\">00K<\/span><\/div>\n<div class=\"item\" data-v-bc0ab15a=\"\"><strong>\u2705 Couleur claire : <span style=\"font-size: 14px;\">Lumi\u00e8re du jour<\/span><\/strong><\/div>\n<div class=\"item\" data-v-bc0ab15a=\"\"><strong>\u2705 Flux lumineux : <\/strong><span style=\"font-size: 14px;\">5500lm<\/span><\/div>\n<div class=\"item\" data-v-bc0ab15a=\"\"><strong>\u2705 Valeur IP : <span style=\"font-size: 14px;\"><strong>IP6<\/strong>5<\/span><\/strong><\/div>\n<div class=\"item\" data-v-bc0ab15a=\"\"><strong>Longueur du cordon :<\/strong><span style=\"font-size: 14px;\">0.3m<\/span><\/div>\n<div class=\"item\" data-v-bc0ab15a=\"\"><strong>\u2705 Fil :<\/strong><span style=\"font-size: 14px;\">3\u00d71,0mm\u00b2<\/span><\/div>\n<div class=\"item\" data-v-bc0ab15a=\"\"><strong>\u2705 Taille :<\/strong><span style=\"font-size: 14px;\">L198xL221xH54 mm<\/span><\/div>\n<div data-v-bc0ab15a=\"\">\u00a0<\/div>\n<div data-v-bc0ab15a=\"\"><strong>Fiche produit<\/strong><br \/><strong><a href=\"https:\/\/eprel.ec.europa.eu\/fiches\/lightsources\/Fiche_1876082_NL.pdf\">FR<\/a>\u00a0|\u00a0<a href=\"https:\/\/eprel.ec.europa.eu\/fiches\/lightsources\/Fiche_1876082_FR.pdf\">FR\u00a0<\/a>|\u00a0<a href=\"https:\/\/eprel.ec.europa.eu\/fiches\/lightsources\/Fiche_1876082_EN.pdf\">ET\u00a0<\/a>|\u00a0<a href=\"https:\/\/eprel.ec.europa.eu\/fiches\/lightsources\/Fiche_1876082_DE.pdf\">LE<\/a><\/strong><\/div>","protected":false},"featured_media":489781,"comment_status":"closed","ping_status":"closed","template":"","meta":{"_seopress_robots_primary_cat":"none","_seopress_titles_title":"","_seopress_titles_desc":"","_seopress_robots_index":""},"product_brand":[],"product_cat":[87,90,243,242,19],"product_tag":[689,612,613,690,691],"class_list":{"0":"post-489780","1":"product","2":"type-product","3":"status-publish","4":"has-post-thumbnail","6":"product_cat-armaturen","7":"product_cat-buitenverlichting","8":"product_cat-led-schijnwerpers","9":"product_cat-pro-led-verlichting","10":"product_cat-producten","11":"product_tag-50w-led-bouwlamp","12":"product_tag-bouwlamp-led","13":"product_tag-breesstraler","14":"product_tag-led-schijnwerper","15":"product_tag-led-schijnwerper-50w","17":"first","18":"instock","19":"taxable","20":"shipping-taxable","21":"purchasable","22":"product-type-simple"},"_links":{"self":[{"href":"https:\/\/ledshoponline.be\/fr\/wp-json\/wp\/v2\/product\/489780","targetHints":{"allow":["GET"]}}],"collection":[{"href":"https:\/\/ledshoponline.be\/fr\/wp-json\/wp\/v2\/product"}],"about":[{"href":"https:\/\/ledshoponline.be\/fr\/wp-json\/wp\/v2\/types\/product"}],"replies":[{"embeddable":true,"href":"https:\/\/ledshoponline.be\/fr\/wp-json\/wp\/v2\/comments?post=489780"}],"version-history":[{"count":1,"href":"https:\/\/ledshoponline.be\/fr\/wp-json\/wp\/v2\/product\/489780\/revisions"}],"predecessor-version":[{"id":566678,"href":"https:\/\/ledshoponline.be\/fr\/wp-json\/wp\/v2\/product\/489780\/revisions\/566678"}],"wp:featuredmedia":[{"embeddable":true,"href":"https:\/\/ledshoponline.be\/fr\/wp-json\/wp\/v2\/media\/489781"}],"wp:attachment":[{"href":"https:\/\/ledshoponline.be\/fr\/wp-json\/wp\/v2\/media?parent=489780"}],"wp:term":[{"taxonomy":"product_brand","embeddable":true,"href":"https:\/\/ledshoponline.be\/fr\/wp-json\/wp\/v2\/product_brand?post=489780"},{"taxonomy":"product_cat","embeddable":true,"href":"https:\/\/ledshoponline.be\/fr\/wp-json\/wp\/v2\/product_cat?post=489780"},{"taxonomy":"product_tag","embeddable":true,"href":"https:\/\/ledshoponline.be\/fr\/wp-json\/wp\/v2\/product_tag?post=489780"}],"curies":[{"name":"wp","href":"https:\/\/api.w.org\/{rel}","templated":true}]}}