{"id":489771,"date":"2024-07-23T19:47:17","date_gmt":"2024-07-23T19:47:17","guid":{"rendered":"https:\/\/hlncaxea.a2hosted.com\/?post_type=product&#038;p=489771"},"modified":"2025-10-06T10:44:30","modified_gmt":"2025-10-06T10:44:30","slug":"led-wide-beam-50w-avec-abat-jour-mat-6500k-daylight-remplace-500w-ip65","status":"publish","type":"product","link":"https:\/\/ledshoponline.be\/fr\/shop\/producten\/armaturen\/buitenverlichting\/led-breedstraler-50w-met-matte-lampenkap-6500k-daglicht-vervangt-500w-ip65\/","title":{"rendered":"LED wide beam 50W avec abat-jour d\u00e9poli - 6500K - Lumi\u00e8re du jour - Remplace 500W - IP65"},"content":{"rendered":"<p>Ce projecteur LED est id\u00e9al pour une utilisation en ext\u00e9rieur gr\u00e2ce \u00e0 son indice de protection IP65, ce qui signifie qu'il est r\u00e9sistant \u00e0 la poussi\u00e8re et \u00e0 l'eau. Avec une temp\u00e9rature de couleur de 6500K et un flux lumineux de 5500 lumens, il offre une lumi\u00e8re du jour brillante, parfaite pour \u00e9clairer de grandes surfaces. Le bo\u00eetier noir mat et l'abat-jour mat conf\u00e8rent au luminaire \u00e0 faisceau large un aspect moderne et discret.<\/p>","protected":false},"excerpt":{"rendered":"<div class=\"item\" data-v-bc0ab15a=\"\"><strong>\u2705 Temp\u00e9rature de couleur :<\/strong><span style=\"font-size: 14px;\">6500K<\/span><\/div>\n<div class=\"item\" data-v-bc0ab15a=\"\"><strong>\u2705 Couleur claire :<\/strong><span style=\"font-size: 14px;\">Lumi\u00e8re du jour<\/span><\/div>\n<div class=\"item\" data-v-bc0ab15a=\"\"><strong>\u2705 Flux lumineux :<\/strong><span style=\"font-size: 14px;\">5500lm<\/span><\/div>\n<div class=\"item\" data-v-bc0ab15a=\"\"><strong>\u2705 Valeur IP :<\/strong><span style=\"font-size: 14px;\">IP65<\/span><\/div>\n<div class=\"item\" data-v-bc0ab15a=\"\"><strong>\u2705 Longueur du c\u00e2ble<\/strong>: <span style=\"font-size: 14px;\">0.3m<\/span><\/div>\n<div class=\"item\" data-v-bc0ab15a=\"\"><strong>\u2705 Fil :<\/strong><span style=\"font-size: 14px;\">3\u00d71,0mm\u00b2<\/span><\/div>\n<div class=\"item\" data-v-bc0ab15a=\"\"><strong>\u2705 Taille :<\/strong><span style=\"font-size: 14px;\">L198xL169xH35 mm<\/span><\/div>\n<div data-v-bc0ab15a=\"\">\u00a0<\/div>\n<div data-v-bc0ab15a=\"\"><strong>Fiche produit<\/strong><br \/><strong><a href=\"https:\/\/eprel.ec.europa.eu\/fiches\/lightsources\/Fiche_1876079_NL.pdf\">FR<\/a>\u00a0|\u00a0<a href=\"https:\/\/eprel.ec.europa.eu\/fiches\/lightsources\/Fiche_1876079_FR.pdf\">FR\u00a0<\/a>|\u00a0<a href=\"https:\/\/eprel.ec.europa.eu\/fiches\/lightsources\/Fiche_1876079_EN.pdf\">ET\u00a0<\/a>|\u00a0<a href=\"https:\/\/eprel.ec.europa.eu\/fiches\/lightsources\/Fiche_1876079_DE.pdf\">LE<\/a><\/strong><\/div>","protected":false},"featured_media":489772,"comment_status":"closed","ping_status":"closed","template":"","meta":{"_seopress_robots_primary_cat":"none","_seopress_titles_title":"","_seopress_titles_desc":"","_seopress_robots_index":""},"product_brand":[],"product_cat":[87,90,243,242,19],"product_tag":[689,612,613,690,691],"class_list":{"0":"post-489771","1":"product","2":"type-product","3":"status-publish","4":"has-post-thumbnail","6":"product_cat-armaturen","7":"product_cat-buitenverlichting","8":"product_cat-led-schijnwerpers","9":"product_cat-pro-led-verlichting","10":"product_cat-producten","11":"product_tag-50w-led-bouwlamp","12":"product_tag-bouwlamp-led","13":"product_tag-breesstraler","14":"product_tag-led-schijnwerper","15":"product_tag-led-schijnwerper-50w","17":"first","18":"outofstock","19":"taxable","20":"shipping-taxable","21":"purchasable","22":"product-type-simple"},"_links":{"self":[{"href":"https:\/\/ledshoponline.be\/fr\/wp-json\/wp\/v2\/product\/489771","targetHints":{"allow":["GET"]}}],"collection":[{"href":"https:\/\/ledshoponline.be\/fr\/wp-json\/wp\/v2\/product"}],"about":[{"href":"https:\/\/ledshoponline.be\/fr\/wp-json\/wp\/v2\/types\/product"}],"replies":[{"embeddable":true,"href":"https:\/\/ledshoponline.be\/fr\/wp-json\/wp\/v2\/comments?post=489771"}],"version-history":[{"count":1,"href":"https:\/\/ledshoponline.be\/fr\/wp-json\/wp\/v2\/product\/489771\/revisions"}],"predecessor-version":[{"id":566680,"href":"https:\/\/ledshoponline.be\/fr\/wp-json\/wp\/v2\/product\/489771\/revisions\/566680"}],"wp:featuredmedia":[{"embeddable":true,"href":"https:\/\/ledshoponline.be\/fr\/wp-json\/wp\/v2\/media\/489772"}],"wp:attachment":[{"href":"https:\/\/ledshoponline.be\/fr\/wp-json\/wp\/v2\/media?parent=489771"}],"wp:term":[{"taxonomy":"product_brand","embeddable":true,"href":"https:\/\/ledshoponline.be\/fr\/wp-json\/wp\/v2\/product_brand?post=489771"},{"taxonomy":"product_cat","embeddable":true,"href":"https:\/\/ledshoponline.be\/fr\/wp-json\/wp\/v2\/product_cat?post=489771"},{"taxonomy":"product_tag","embeddable":true,"href":"https:\/\/ledshoponline.be\/fr\/wp-json\/wp\/v2\/product_tag?post=489771"}],"curies":[{"name":"wp","href":"https:\/\/api.w.org\/{rel}","templated":true}]}}