{"id":489761,"date":"2023-07-23T19:29:00","date_gmt":"2023-07-23T19:29:00","guid":{"rendered":"https:\/\/hlncaxea.a2hosted.com\/?post_type=product&#038;p=489761"},"modified":"2025-03-09T19:45:21","modified_gmt":"2025-03-09T19:45:21","slug":"circuit-integre-230v-led-light-strip-i-type-connector-8-mm-2pcs","status":"publish","type":"product","link":"https:\/\/ledshoponline.be\/fr\/shop\/producten\/led-strips\/led-strips-230v\/geintegreerd-circuit-230v-led-lichtstrip-i-type-connector-8-mm-2st\/","title":{"rendered":"Circuit int\u00e9gr\u00e9 Bande lumineuse 230V LED Connecteur type I 8 mm 2pcs."},"content":{"rendered":"<div class=\"item\" data-v-bc0ab15a=\"\"><strong>Valeur IP :<\/strong> <label data-v-bc0ab15a=\"\">IP54<\/label><\/div>\n<div class=\"item\" data-v-bc0ab15a=\"\"><strong>La tension :<\/strong> <label data-v-bc0ab15a=\"\">250V\uff5e<\/label><\/div>\n<div class=\"item\" data-v-bc0ab15a=\"\"><strong>Description du point de vente :<\/strong> <label data-v-bc0ab15a=\"\">8 mm de largeur de panneau ; connecteur I (2 pi\u00e8ces) + couvercle sup\u00e9rieur et inf\u00e9rieur (4 pi\u00e8ces)<\/label><\/div>\n<p><strong>Pour un raccordement IP65, remplir les embouts de silicone transparent.<\/strong><\/p>","protected":false},"excerpt":{"rendered":"<p>IP waarde: IP54 Spanning: 250V\uff5e Beschrijving verkooppunten: 8 mm breedte van paneel;I-connector (2 stuks) + boven- en onderafdekking (4 stuks)<\/p>","protected":false},"featured_media":489762,"comment_status":"closed","ping_status":"closed","template":"","meta":{"_seopress_robots_primary_cat":"","_seopress_titles_title":"","_seopress_titles_desc":"","_seopress_robots_index":""},"product_brand":[],"product_cat":[40,229,41],"product_tag":[],"class_list":{"0":"post-489761","1":"product","2":"type-product","3":"status-publish","4":"has-post-thumbnail","6":"product_cat-led-strips","7":"product_cat-led-strips-230v","8":"product_cat-led-strips-toebehoren","10":"first","11":"instock","12":"taxable","13":"shipping-taxable","14":"purchasable","15":"product-type-simple"},"_links":{"self":[{"href":"https:\/\/ledshoponline.be\/fr\/wp-json\/wp\/v2\/product\/489761","targetHints":{"allow":["GET"]}}],"collection":[{"href":"https:\/\/ledshoponline.be\/fr\/wp-json\/wp\/v2\/product"}],"about":[{"href":"https:\/\/ledshoponline.be\/fr\/wp-json\/wp\/v2\/types\/product"}],"replies":[{"embeddable":true,"href":"https:\/\/ledshoponline.be\/fr\/wp-json\/wp\/v2\/comments?post=489761"}],"version-history":[{"count":0,"href":"https:\/\/ledshoponline.be\/fr\/wp-json\/wp\/v2\/product\/489761\/revisions"}],"wp:featuredmedia":[{"embeddable":true,"href":"https:\/\/ledshoponline.be\/fr\/wp-json\/wp\/v2\/media\/489762"}],"wp:attachment":[{"href":"https:\/\/ledshoponline.be\/fr\/wp-json\/wp\/v2\/media?parent=489761"}],"wp:term":[{"taxonomy":"product_brand","embeddable":true,"href":"https:\/\/ledshoponline.be\/fr\/wp-json\/wp\/v2\/product_brand?post=489761"},{"taxonomy":"product_cat","embeddable":true,"href":"https:\/\/ledshoponline.be\/fr\/wp-json\/wp\/v2\/product_cat?post=489761"},{"taxonomy":"product_tag","embeddable":true,"href":"https:\/\/ledshoponline.be\/fr\/wp-json\/wp\/v2\/product_tag?post=489761"}],"curies":[{"name":"wp","href":"https:\/\/api.w.org\/{rel}","templated":true}]}}