{"id":48918,"date":"2018-08-14T12:30:36","date_gmt":"2018-08-14T12:30:36","guid":{"rendered":"https:\/\/hlncaxea.a2hosted.com\/?post_type=product&#038;p=48918"},"modified":"2025-03-09T19:43:02","modified_gmt":"2025-03-09T19:43:02","slug":"dimmer-led-phase-off-et-on-1-300watt","status":"publish","type":"product","link":"https:\/\/ledshoponline.be\/fr\/shop\/producten\/toebehoren\/230v-led-dimmers\/led-dimmer-fase-af-en-aansnijding-1-300watt\/","title":{"rendered":"Variateur LED \u00e0 coupure de phase 3-250Watt"},"content":{"rendered":"<p>Ce variateur convient \u00e0 toutes les lampes LED 230v dimmables de notre site. Ce variateur permet une gradation progressive avec une plage d'au moins 90% sans scintillement. M\u00eame 1 n'est pas un probl\u00e8me.<\/p>\n<p>Ce variateur est destin\u00e9 \u00e0 \u00eatre encastr\u00e9 dans un mur. Fourni avec une fa\u00e7ade blanche et un bouton rotatif.<\/p>\n<ul>\n<li><span style=\"color: #ff0000;\">Protection par fusible contre les surtensions et les courts-circuits<\/span><\/li>\n<li><span style=\"color: #ff0000;\">Charge : minimum 3 watts, maximum 250 watts de LED<\/span><\/li>\n<\/ul>\n<p><strong>Le variateur dispose de 3 r\u00e9glages :<\/strong><\/p>\n<ol>\n<li>Coupe de phase (bord de fuite), convient \u00e0 presque toutes les lampes LED \u00e0 gradation 230v, aux spots LED, aux spots encastr\u00e9s LED etc...<\/li>\n<li>Coupe de phase (bord d'attaque \/ triac), convient aux transformateurs \u00e0 gradation 12v ou 24v pour les spots \u00e0 LED 12v.<\/li>\n<li>Mode automatique : le variateur d\u00e9termine lui-m\u00eame s'il est en phase ou hors phase et assure une gradation correcte.<\/li>\n<\/ol>\n<h3>Ce variateur permet de faire varier parfaitement l'intensit\u00e9 lumineuse d'un seul projecteur !<\/h3>\n<p><strong>Remarque !<\/strong>\u00a0Ce variateur ne peut pas \u00eatre install\u00e9 dans un circuit de commutation et\/ou de commutation d'h\u00f4tel. En outre, un\u00a0<strong>fil z\u00e9ro\u00a0<\/strong>\u00eatre connect\u00e9.<\/p>","protected":false},"excerpt":{"rendered":"<p>Le gradateur encastr\u00e9 \u00e0 LED fonctionne en coupure de phase et en coupure de phase (PWM ou Traic). Ceci rend presque toutes les lampes LED gradables en continu. Tant les lampes LED 12v que 230v. Ce variateur permet \u00e9galement de faire varier les bandes de LED de 230 V.<\/p>","protected":false},"featured_media":48919,"comment_status":"closed","ping_status":"closed","template":"","meta":{"_seopress_robots_primary_cat":"","_seopress_titles_title":"","_seopress_titles_desc":"","_seopress_robots_index":""},"product_brand":[],"product_cat":[86,42],"product_tag":[777,263],"class_list":{"0":"post-48918","1":"product","2":"type-product","3":"status-publish","4":"has-post-thumbnail","6":"product_cat-230v-led-dimmers","7":"product_cat-toebehoren","8":"product_tag-230v-led-dimmer","9":"product_tag-led-dimmer","11":"first","12":"instock","13":"taxable","14":"shipping-taxable","15":"purchasable","16":"product-type-simple"},"_links":{"self":[{"href":"https:\/\/ledshoponline.be\/fr\/wp-json\/wp\/v2\/product\/48918","targetHints":{"allow":["GET"]}}],"collection":[{"href":"https:\/\/ledshoponline.be\/fr\/wp-json\/wp\/v2\/product"}],"about":[{"href":"https:\/\/ledshoponline.be\/fr\/wp-json\/wp\/v2\/types\/product"}],"replies":[{"embeddable":true,"href":"https:\/\/ledshoponline.be\/fr\/wp-json\/wp\/v2\/comments?post=48918"}],"version-history":[{"count":0,"href":"https:\/\/ledshoponline.be\/fr\/wp-json\/wp\/v2\/product\/48918\/revisions"}],"wp:featuredmedia":[{"embeddable":true,"href":"https:\/\/ledshoponline.be\/fr\/wp-json\/wp\/v2\/media\/48919"}],"wp:attachment":[{"href":"https:\/\/ledshoponline.be\/fr\/wp-json\/wp\/v2\/media?parent=48918"}],"wp:term":[{"taxonomy":"product_brand","embeddable":true,"href":"https:\/\/ledshoponline.be\/fr\/wp-json\/wp\/v2\/product_brand?post=48918"},{"taxonomy":"product_cat","embeddable":true,"href":"https:\/\/ledshoponline.be\/fr\/wp-json\/wp\/v2\/product_cat?post=48918"},{"taxonomy":"product_tag","embeddable":true,"href":"https:\/\/ledshoponline.be\/fr\/wp-json\/wp\/v2\/product_tag?post=48918"}],"curies":[{"name":"wp","href":"https:\/\/api.w.org\/{rel}","templated":true}]}}