{"id":484150,"date":"2024-04-22T08:59:00","date_gmt":"2024-04-22T08:59:00","guid":{"rendered":"https:\/\/hlncaxea.a2hosted.com\/?post_type=product&#038;p=484150"},"modified":"2025-03-09T19:45:21","modified_gmt":"2025-03-09T19:45:21","slug":"guirlande-lumineuse-10-leds-transparentes-3000k-blanc-chaud-4-5-metres-ip44","status":"publish","type":"product","link":"https:\/\/ledshoponline.be\/fr\/shop\/producten\/armaturen\/plafondlampen\/lichtsnoer-led-lampjes-slinger-10-transparante-led-3000k-warm-wit-4-5-meter-ip44\/","title":{"rendered":"Guirlande lumineuse - Guirlande de lumi\u00e8res LED - 10 LED transparentes - 3000K blanc chaud - 4,5 m\u00e8tres - IP44"},"content":{"rendered":"<h2>Guirlande lumineuse ext\u00e9rieure Transparent IP44 - 8 m\u00e8tres 7.5W - incl. 10 ampoules LED 3000K<\/h2>\n<p>Cette guirlande lumineuse est id\u00e9ale pour d\u00e9corer une pi\u00e8ce. Elle cr\u00e9e une atmosph\u00e8re agr\u00e9able et chaleureuse. Vous pouvez \u00e9galement utiliser cette guirlande lumineuse dans le jardin, car elle est r\u00e9sistante \u00e0 l'humidit\u00e9 et certifi\u00e9e IP44. Cette guirlande lumineuse \u00e0 LED est tr\u00e8s \u00e9conome en \u00e9nergie et ne consomme que 7,5W. Cette guirlande lumineuse \u00e0 LED est tr\u00e8s \u00e9conome en \u00e9nergie.<\/p>\n<p><strong>Installation facile :<\/strong><br \/>\nCette guirlande lumineuse \u00e0 LED est \u00e9quip\u00e9e d'un cordon d'alimentation standard avec mise \u00e0 la terre. Elle peut \u00eatre branch\u00e9e directement sur 220V. La couleur de la lumi\u00e8re est blanc chaud 2700K-3000K. Un cordon de raccordement de 8 m\u00e8tres est inclus en standard.<\/p>\n<p><strong>Cette guirlande lumineuse n'est pas interconnectable.\u00a0<\/strong><\/p>\n<p><strong style=\"font-family: var(--global-body-font-family);\">Il est toutefois recommand\u00e9 d'utiliser les bandes \u00e0 l'ext\u00e9rieur, sous un parasol, un auvent ou une marquise, etc.<\/strong><\/p>\n<p><strong>Attention, il n'est pas recommand\u00e9 de l'utiliser en permanence \u00e0 l'ext\u00e9rieur. L'utilisation permanente \u00e0 l'ext\u00e9rieur n'est pas recommand\u00e9e.<\/strong><\/p>","protected":false},"excerpt":{"rendered":"<p>? ??? Nombre de points lumineux 10<br \/>\n? ??? Puissance 10\u00d70,6<br \/>\n? ??? Valeur IP IP44<br \/>\n? ??? Consommation d'\u00e9nergie A<br \/>\n? ??? Angle du faisceau 270<\/p>","protected":false},"featured_media":484151,"comment_status":"closed","ping_status":"closed","template":"","meta":{"_seopress_robots_primary_cat":"","_seopress_titles_title":"","_seopress_titles_desc":"","_seopress_robots_index":""},"product_brand":[],"product_cat":[87,20,165,19],"product_tag":[],"class_list":{"0":"post-484150","1":"product","2":"type-product","3":"status-publish","4":"has-post-thumbnail","6":"product_cat-armaturen","7":"product_cat-led-lampen","8":"product_cat-plafondlampen","9":"product_cat-producten","11":"first","12":"outofstock","13":"sale","14":"taxable","15":"shipping-taxable","16":"purchasable","17":"product-type-simple"},"_links":{"self":[{"href":"https:\/\/ledshoponline.be\/fr\/wp-json\/wp\/v2\/product\/484150","targetHints":{"allow":["GET"]}}],"collection":[{"href":"https:\/\/ledshoponline.be\/fr\/wp-json\/wp\/v2\/product"}],"about":[{"href":"https:\/\/ledshoponline.be\/fr\/wp-json\/wp\/v2\/types\/product"}],"replies":[{"embeddable":true,"href":"https:\/\/ledshoponline.be\/fr\/wp-json\/wp\/v2\/comments?post=484150"}],"version-history":[{"count":0,"href":"https:\/\/ledshoponline.be\/fr\/wp-json\/wp\/v2\/product\/484150\/revisions"}],"wp:featuredmedia":[{"embeddable":true,"href":"https:\/\/ledshoponline.be\/fr\/wp-json\/wp\/v2\/media\/484151"}],"wp:attachment":[{"href":"https:\/\/ledshoponline.be\/fr\/wp-json\/wp\/v2\/media?parent=484150"}],"wp:term":[{"taxonomy":"product_brand","embeddable":true,"href":"https:\/\/ledshoponline.be\/fr\/wp-json\/wp\/v2\/product_brand?post=484150"},{"taxonomy":"product_cat","embeddable":true,"href":"https:\/\/ledshoponline.be\/fr\/wp-json\/wp\/v2\/product_cat?post=484150"},{"taxonomy":"product_tag","embeddable":true,"href":"https:\/\/ledshoponline.be\/fr\/wp-json\/wp\/v2\/product_tag?post=484150"}],"curies":[{"name":"wp","href":"https:\/\/api.w.org\/{rel}","templated":true}]}}