{"id":483600,"date":"2024-06-19T13:46:29","date_gmt":"2024-06-19T13:46:29","guid":{"rendered":"https:\/\/hlncaxea.a2hosted.com\/?post_type=product&#038;p=483600"},"modified":"2026-03-05T21:20:40","modified_gmt":"2026-03-05T21:20:40","slug":"bande-led-cob-230v-50m-blanc-chaud","status":"publish","type":"product","link":"https:\/\/ledshoponline.be\/fr\/shop\/producten\/led-strips\/led-strips-230v\/cob-led-strip-230v-50m-warm-wit\/","title":{"rendered":"COB Bande LED 230V 50m Blanc chaud"},"content":{"rendered":"<p>Nouvelle bande LED COB puissante sur 230v en 1 pi\u00e8ce de 50m et fonctionne directement sur 230v sans transformateur. Peut \u00eatre raccourcie tous les 50cm.<br \/>Jusqu'\u00e0 800 lm\/m.<br \/>Comprend une prise 230v DC vers AC. Plug and Play sans soudure. Parfaitement utilisable \u00e0 l'ext\u00e9rieur. Est \u00e9galement dimmable \u00e0 l'aide d'un<span style=\"font-family: var(--global-body-font-family);\">n <\/span><a style=\"font-family: var(--global-body-font-family);\" href=\"https:\/\/ledshoponline.be\/fr\/bandes-led-2\/gradateur-pour-bandes-de-leds-unicolores-230v\/\">Variateur pour bande LED.<\/a><\/p>\r\n<p><strong>Peut \u00eatre coup\u00e9 par 50 cm.<\/strong><\/p>\r\n<h3>Be e<span style=\"font-family: inherit;\">r rapidement <\/span><span style=\"font-family: inherit;\">et commandez !<\/span><\/h3>\r\n\r\n<p>&nbsp;<\/p>","protected":false},"excerpt":{"rendered":"<p><strong>Fiche produit<\/strong> <strong><a href=\"https:\/\/eprel.ec.europa.eu\/fiches\/lightsources\/Fiche_1876079_NL.pdf\">FR<\/a>\u00a0|\u00a0<a href=\"https:\/\/eprel.ec.europa.eu\/fiches\/lightsources\/Fiche_1876079_FR.pdf\">FR\u00a0<\/a>|\u00a0<a href=\"https:\/\/eprel.ec.europa.eu\/fiches\/lightsources\/Fiche_1876079_EN.pdf\">ET\u00a0<\/a>|\u00a0<a href=\"https:\/\/eprel.ec.europa.eu\/fiches\/lightsources\/Fiche_1876079_DE.pdf\">LE<\/a><\/strong><\/p>","protected":false},"featured_media":483601,"comment_status":"closed","ping_status":"closed","template":"","meta":{"_seopress_robots_primary_cat":"none","_seopress_titles_title":"","_seopress_titles_desc":"","_seopress_robots_index":""},"product_brand":[],"product_cat":[40,229,19],"product_tag":[230],"class_list":{"0":"post-483600","1":"product","2":"type-product","3":"status-publish","4":"has-post-thumbnail","6":"product_cat-led-strips","7":"product_cat-led-strips-230v","8":"product_cat-producten","9":"product_tag-230v-ledstrip","11":"first","12":"instock","13":"sale","14":"taxable","15":"shipping-taxable","16":"purchasable","17":"product-type-simple"},"_links":{"self":[{"href":"https:\/\/ledshoponline.be\/fr\/wp-json\/wp\/v2\/product\/483600","targetHints":{"allow":["GET"]}}],"collection":[{"href":"https:\/\/ledshoponline.be\/fr\/wp-json\/wp\/v2\/product"}],"about":[{"href":"https:\/\/ledshoponline.be\/fr\/wp-json\/wp\/v2\/types\/product"}],"replies":[{"embeddable":true,"href":"https:\/\/ledshoponline.be\/fr\/wp-json\/wp\/v2\/comments?post=483600"}],"version-history":[{"count":1,"href":"https:\/\/ledshoponline.be\/fr\/wp-json\/wp\/v2\/product\/483600\/revisions"}],"predecessor-version":[{"id":571176,"href":"https:\/\/ledshoponline.be\/fr\/wp-json\/wp\/v2\/product\/483600\/revisions\/571176"}],"wp:featuredmedia":[{"embeddable":true,"href":"https:\/\/ledshoponline.be\/fr\/wp-json\/wp\/v2\/media\/483601"}],"wp:attachment":[{"href":"https:\/\/ledshoponline.be\/fr\/wp-json\/wp\/v2\/media?parent=483600"}],"wp:term":[{"taxonomy":"product_brand","embeddable":true,"href":"https:\/\/ledshoponline.be\/fr\/wp-json\/wp\/v2\/product_brand?post=483600"},{"taxonomy":"product_cat","embeddable":true,"href":"https:\/\/ledshoponline.be\/fr\/wp-json\/wp\/v2\/product_cat?post=483600"},{"taxonomy":"product_tag","embeddable":true,"href":"https:\/\/ledshoponline.be\/fr\/wp-json\/wp\/v2\/product_tag?post=483600"}],"curies":[{"name":"wp","href":"https:\/\/api.w.org\/{rel}","templated":true}]}}