{"id":483590,"date":"2024-06-19T13:22:25","date_gmt":"2024-06-19T13:22:25","guid":{"rendered":"https:\/\/hlncaxea.a2hosted.com\/?post_type=product&#038;p=483590"},"modified":"2026-04-04T14:05:00","modified_gmt":"2026-04-04T14:05:00","slug":"bande-led-cob-230v-50m-lumiere-du-jour","status":"publish","type":"product","link":"https:\/\/ledshoponline.be\/fr\/shop\/producten\/led-strips\/led-strips-230v\/cob-led-strip-230v-50m-daglicht\/","title":{"rendered":"Bande LED COB 230V 50m Lumi\u00e8re du jour"},"content":{"rendered":"<p>Nouvelle bande LED COB puissante sur 230v en 1 pi\u00e8ce de 50m et fonctionne directement sur 230v sans transformateur. Peut \u00eatre raccourcie tous les 50cm.<br \/>Jusqu'\u00e0 800 lm\/m.<br \/>Comprend une prise 230v DC vers AC. Plug and Play sans soudure. Parfaitement utilisable \u00e0 l'ext\u00e9rieur. Est \u00e9galement dimmable \u00e0 l'aide d'un<span style=\"font-family: var(--global-body-font-family);\">n <\/span><a style=\"font-family: var(--global-body-font-family);\" href=\"https:\/\/ledshoponline.be\/fr\/bandes-led-2\/gradateur-pour-bandes-de-leds-unicolores-230v\/\">Variateur pour bande LED.<\/a><\/p>\r\n\r\n\r\n\r\n<p><strong>Peut \u00eatre coup\u00e9 par 50 cm.<\/strong><\/p>\r\n\r\n\r\n\r\n\r\n\r\n\r\n\r\n<h3 class=\"wp-block-heading\">Be e<span style=\"font-family: inherit;\">r rapidement <\/span><span style=\"font-family: inherit;\">et commandez !<\/span><\/h3>","protected":false},"excerpt":{"rendered":"<p><strong>Fiche produit<br \/><\/strong><strong><a href=\"https:\/\/eprel.ec.europa.eu\/fiches\/lightsources\/Fiche_1876079_NL.pdf\">FR<\/a>\u00a0|\u00a0<a href=\"https:\/\/eprel.ec.europa.eu\/fiches\/lightsources\/Fiche_1876079_FR.pdf\">FR\u00a0<\/a>|\u00a0<a href=\"https:\/\/eprel.ec.europa.eu\/fiches\/lightsources\/Fiche_1876079_EN.pdf\">ET\u00a0<\/a>|\u00a0<a href=\"https:\/\/eprel.ec.europa.eu\/fiches\/lightsources\/Fiche_1876079_DE.pdf\">LE<\/a><\/strong><\/p>","protected":false},"featured_media":483591,"comment_status":"closed","ping_status":"closed","template":"","meta":{"_seopress_robots_primary_cat":"none","_seopress_titles_title":"COB LED Strip 230V 50m | Daglicht | Flexibel en Duurzaam","_seopress_titles_desc":"Krijg helder daglicht met de COB LED strip 230V, 50m. Flexibel, duurzaam en eenvoudig te installeren voor elke ruimte. Perfect voor sfeerverlichting!","_seopress_robots_index":""},"product_brand":[],"product_cat":[40,229,19],"product_tag":[230],"class_list":{"0":"post-483590","1":"product","2":"type-product","3":"status-publish","4":"has-post-thumbnail","6":"product_cat-led-strips","7":"product_cat-led-strips-230v","8":"product_cat-producten","9":"product_tag-230v-ledstrip","11":"first","12":"instock","13":"sale","14":"taxable","15":"shipping-taxable","16":"purchasable","17":"product-type-simple"},"_links":{"self":[{"href":"https:\/\/ledshoponline.be\/fr\/wp-json\/wp\/v2\/product\/483590","targetHints":{"allow":["GET"]}}],"collection":[{"href":"https:\/\/ledshoponline.be\/fr\/wp-json\/wp\/v2\/product"}],"about":[{"href":"https:\/\/ledshoponline.be\/fr\/wp-json\/wp\/v2\/types\/product"}],"replies":[{"embeddable":true,"href":"https:\/\/ledshoponline.be\/fr\/wp-json\/wp\/v2\/comments?post=483590"}],"version-history":[{"count":1,"href":"https:\/\/ledshoponline.be\/fr\/wp-json\/wp\/v2\/product\/483590\/revisions"}],"predecessor-version":[{"id":577727,"href":"https:\/\/ledshoponline.be\/fr\/wp-json\/wp\/v2\/product\/483590\/revisions\/577727"}],"wp:featuredmedia":[{"embeddable":true,"href":"https:\/\/ledshoponline.be\/fr\/wp-json\/wp\/v2\/media\/483591"}],"wp:attachment":[{"href":"https:\/\/ledshoponline.be\/fr\/wp-json\/wp\/v2\/media?parent=483590"}],"wp:term":[{"taxonomy":"product_brand","embeddable":true,"href":"https:\/\/ledshoponline.be\/fr\/wp-json\/wp\/v2\/product_brand?post=483590"},{"taxonomy":"product_cat","embeddable":true,"href":"https:\/\/ledshoponline.be\/fr\/wp-json\/wp\/v2\/product_cat?post=483590"},{"taxonomy":"product_tag","embeddable":true,"href":"https:\/\/ledshoponline.be\/fr\/wp-json\/wp\/v2\/product_tag?post=483590"}],"curies":[{"name":"wp","href":"https:\/\/api.w.org\/{rel}","templated":true}]}}