{"id":470868,"date":"2024-03-30T12:16:03","date_gmt":"2024-03-30T12:16:03","guid":{"rendered":"https:\/\/hlncaxea.a2hosted.com\/?post_type=product&#038;p=470868"},"modified":"2025-03-09T19:45:14","modified_gmt":"2025-03-09T19:45:14","slug":"led-cob-strip-24v-5m-cold-white-4000k-8w-m","status":"publish","type":"product","link":"https:\/\/ledshoponline.be\/fr\/shop\/producten\/led-strips\/led-strips-24v\/led-cob-strip-24v-5m-koud-wit-4000k-8w-m\/","title":{"rendered":"Bande LED COB 24v 5m Blanc froid | 4000k 8w\/m"},"content":{"rendered":"","protected":false},"excerpt":{"rendered":"<p>Nouveau ! Bande de LED COB avec une lumi\u00e8re uniform\u00e9ment dispers\u00e9e. En blanc froid 4000k avec un CRI90 tr\u00e8s \u00e9lev\u00e9 en lumi\u00e8re naturelle. Peut \u00eatre coup\u00e9 par 5cm.<br \/>\nOption Trafo : <a href=\"https:\/\/ledshoponline.be\/fr\/boutique-2\/produits-2\/accessoires-2\/trafos-a-led-12v-24v-2\/alimentation-led-ip67-meanwell-24v-60w-2\/\">Transformateur 24v 60w<\/a><\/p>","protected":false},"featured_media":445565,"comment_status":"closed","ping_status":"closed","template":"","meta":{"_seopress_robots_primary_cat":"","_seopress_titles_title":"","_seopress_titles_desc":"","_seopress_robots_index":""},"product_brand":[],"product_cat":[530,40,422,19],"product_tag":[45,293,314],"class_list":{"0":"post-470868","1":"product","2":"type-product","3":"status-publish","4":"has-post-thumbnail","6":"product_cat-deals","7":"product_cat-led-strips","8":"product_cat-led-strips-24v","9":"product_cat-producten","10":"product_tag-12v","11":"product_tag-led-strip","12":"product_tag-warm-wit","14":"first","15":"instock","16":"sale","17":"taxable","18":"shipping-taxable","19":"purchasable","20":"product-type-simple"},"_links":{"self":[{"href":"https:\/\/ledshoponline.be\/fr\/wp-json\/wp\/v2\/product\/470868","targetHints":{"allow":["GET"]}}],"collection":[{"href":"https:\/\/ledshoponline.be\/fr\/wp-json\/wp\/v2\/product"}],"about":[{"href":"https:\/\/ledshoponline.be\/fr\/wp-json\/wp\/v2\/types\/product"}],"replies":[{"embeddable":true,"href":"https:\/\/ledshoponline.be\/fr\/wp-json\/wp\/v2\/comments?post=470868"}],"version-history":[{"count":0,"href":"https:\/\/ledshoponline.be\/fr\/wp-json\/wp\/v2\/product\/470868\/revisions"}],"wp:featuredmedia":[{"embeddable":true,"href":"https:\/\/ledshoponline.be\/fr\/wp-json\/wp\/v2\/media\/445565"}],"wp:attachment":[{"href":"https:\/\/ledshoponline.be\/fr\/wp-json\/wp\/v2\/media?parent=470868"}],"wp:term":[{"taxonomy":"product_brand","embeddable":true,"href":"https:\/\/ledshoponline.be\/fr\/wp-json\/wp\/v2\/product_brand?post=470868"},{"taxonomy":"product_cat","embeddable":true,"href":"https:\/\/ledshoponline.be\/fr\/wp-json\/wp\/v2\/product_cat?post=470868"},{"taxonomy":"product_tag","embeddable":true,"href":"https:\/\/ledshoponline.be\/fr\/wp-json\/wp\/v2\/product_tag?post=470868"}],"curies":[{"name":"wp","href":"https:\/\/api.w.org\/{rel}","templated":true}]}}