{"id":461772,"date":"2024-02-02T15:39:37","date_gmt":"2024-02-02T15:39:37","guid":{"rendered":"https:\/\/hlncaxea.a2hosted.com\/?post_type=product&#038;p=461772"},"modified":"2025-03-09T19:45:13","modified_gmt":"2025-03-09T19:45:13","slug":"led-wide-beam-200w-remplace-2000w-17600lm-ip65-v2","status":"publish","type":"product","link":"https:\/\/ledshoponline.be\/fr\/shop\/producten\/armaturen\/buitenverlichting\/led-breedstraler-200w-vervangt-2000w-17600lm-ip65-v2\/","title":{"rendered":"LED wide beam 200W - remplace 2000w - 17600Lm - IP65 v2"},"content":{"rendered":"<p>Avec le projecteur Aigostar 200W LED, vous \u00eates assur\u00e9 d'un \u00e9clairage puissant et lumineux pour une vari\u00e9t\u00e9 d'applications. Que ce soit dans un environnement r\u00e9sidentiel ou commercial, ce projecteur offre une source de lumi\u00e8re fiable et \u00e9conome en \u00e9nergie.<\/p>\n<h1>D\u00e9tails<\/h1>\n<p><strong>Une clart\u00e9 impressionnante :<\/strong> La puissance lumineuse de 17600 lumens fournit un \u00e9clairage intense, parfait pour les grands espaces ext\u00e9rieurs ou pour mettre en valeur des zones sp\u00e9cifiques.<\/p>\n<p><strong>Durable et r\u00e9sistant aux intemp\u00e9ries :<\/strong> Avec un indice de protection IP65, le projecteur est r\u00e9sistant \u00e0 la poussi\u00e8re et \u00e0 l'eau, et peut \u00eatre utilis\u00e9 \u00e0 l'int\u00e9rieur comme \u00e0 l'ext\u00e9rieur. Sa conception robuste garantit sa durabilit\u00e9 dans des conditions difficiles.<\/p>\n<p><strong>Design frais et efficace :<\/strong> La technologie LED garantit non seulement une lumi\u00e8re vive, mais aussi une consommation d'\u00e9nergie efficace. Le syst\u00e8me de refroidissement \u00e9vite la surchauffe et prolonge la dur\u00e9e de vie.<\/p>\n<p><strong>Couleur de lumi\u00e8re de 6500K :<\/strong> Avec une couleur de lumi\u00e8re de 6500K, le projecteur offre une lumi\u00e8re blanche brillante, id\u00e9ale pour l'\u00e9clairage de s\u00e9curit\u00e9, l'\u00e9clairage d'accentuation ou l'\u00e9clairage g\u00e9n\u00e9ral.<\/p>\n<p><strong>Installation facile :<\/strong> Le c\u00e2ble de raccordement de 25 cm de long facilite et acc\u00e9l\u00e8re l'installation. Tout le mat\u00e9riel de fixation n\u00e9cessaire est inclus.<\/p>\n<h1>FAQ<\/h1>\n<p><strong>1. Le projecteur est-il adapt\u00e9 \u00e0 une utilisation en ext\u00e9rieur ?<\/strong> Oui, avec un indice IP65, le projecteur est r\u00e9sistant \u00e0 la poussi\u00e8re et \u00e0 l'eau.<\/p>\n<p><strong>2. Quelle est la couleur de la lumi\u00e8re offerte par le projecteur ?<\/strong> Le projecteur offre une lumi\u00e8re blanche brillante avec une couleur de lumi\u00e8re de 6500K.<\/p>\n<p><strong>3. Quelle est la longueur du c\u00e2ble de connexion ?<\/strong> Le c\u00e2ble de raccordement mesure 25 cm de long pour faciliter l'installation.<\/p>","protected":false},"excerpt":{"rendered":"<p>Projecteur LED \u00e0 faisceau large - Projecteur au design intelligent Le LED.<br \/>\nIl remplace donc facilement un halog\u00e8ne de 2000W.<\/p>\n<p><strong>Fiche produit<br \/>\n<\/strong><strong><a href=\"https:\/\/eprel.ec.europa.eu\/informationsheet\/Fiche_1898188_NL.pdf\">FR<\/a>\u00a0|\u00a0<a href=\"https:\/\/eprel.ec.europa.eu\/informationsheet\/Fiche_1898188_FR.pdf\">FR\u00a0<\/a>|\u00a0<a href=\"https:\/\/eprel.ec.europa.eu\/informationsheet\/Fiche_1898188_EN.pdf\">ET\u00a0<\/a>|\u00a0<a href=\"https:\/\/eprel.ec.europa.eu\/informationsheet\/Fiche_1898188_DE.pdf\">LE<\/a><\/strong><\/p>","protected":false},"featured_media":461773,"comment_status":"closed","ping_status":"closed","template":"","meta":{"_seopress_robots_primary_cat":"","_seopress_titles_title":"","_seopress_titles_desc":"","_seopress_robots_index":""},"product_brand":[],"product_cat":[87,90,243,242,19],"product_tag":[612,613],"class_list":{"0":"post-461772","1":"product","2":"type-product","3":"status-publish","4":"has-post-thumbnail","6":"product_cat-armaturen","7":"product_cat-buitenverlichting","8":"product_cat-led-schijnwerpers","9":"product_cat-pro-led-verlichting","10":"product_cat-producten","11":"product_tag-bouwlamp-led","12":"product_tag-breesstraler","14":"first","15":"instock","16":"sale","17":"taxable","18":"shipping-taxable","19":"purchasable","20":"product-type-simple"},"_links":{"self":[{"href":"https:\/\/ledshoponline.be\/fr\/wp-json\/wp\/v2\/product\/461772","targetHints":{"allow":["GET"]}}],"collection":[{"href":"https:\/\/ledshoponline.be\/fr\/wp-json\/wp\/v2\/product"}],"about":[{"href":"https:\/\/ledshoponline.be\/fr\/wp-json\/wp\/v2\/types\/product"}],"replies":[{"embeddable":true,"href":"https:\/\/ledshoponline.be\/fr\/wp-json\/wp\/v2\/comments?post=461772"}],"version-history":[{"count":0,"href":"https:\/\/ledshoponline.be\/fr\/wp-json\/wp\/v2\/product\/461772\/revisions"}],"wp:featuredmedia":[{"embeddable":true,"href":"https:\/\/ledshoponline.be\/fr\/wp-json\/wp\/v2\/media\/461773"}],"wp:attachment":[{"href":"https:\/\/ledshoponline.be\/fr\/wp-json\/wp\/v2\/media?parent=461772"}],"wp:term":[{"taxonomy":"product_brand","embeddable":true,"href":"https:\/\/ledshoponline.be\/fr\/wp-json\/wp\/v2\/product_brand?post=461772"},{"taxonomy":"product_cat","embeddable":true,"href":"https:\/\/ledshoponline.be\/fr\/wp-json\/wp\/v2\/product_cat?post=461772"},{"taxonomy":"product_tag","embeddable":true,"href":"https:\/\/ledshoponline.be\/fr\/wp-json\/wp\/v2\/product_tag?post=461772"}],"curies":[{"name":"wp","href":"https:\/\/api.w.org\/{rel}","templated":true}]}}