{"id":460421,"date":"2024-01-19T14:49:22","date_gmt":"2024-01-19T14:49:22","guid":{"rendered":"https:\/\/hlncaxea.a2hosted.com\/?post_type=product&#038;p=460421"},"modified":"2025-03-09T19:45:12","modified_gmt":"2025-03-09T19:45:12","slug":"profile-aluminium-en-u-haut-noir-1m-couverture-etroite","status":"publish","type":"product","link":"https:\/\/ledshoponline.be\/fr\/shop\/producten\/led-strips\/led-strip-profielen\/aluminium-u-profiel-hoog-zwart-1m-smal-cover\/","title":{"rendered":"Profil\u00e9 en U en aluminium haut noir 1m - \u00e9troit + couvercle"},"content":{"rendered":"<p>Profil\u00e9s en aluminium<br \/>\nMat\u00e9riau : aluminium anodis\u00e9<br \/>\n- Longueur : 1m<br \/>\n- Dimensions externes : 12 mm (L) x 16 mm (H)<br \/>\n- Dimensions int\u00e9rieures : 10mm (W)<\/p>\n<p>Convient aux bandes LED d'une largeur maximale de 10 mm<\/p>","protected":false},"excerpt":{"rendered":"<p>Un profil\u00e9 en aluminium noir mod\u00e8le haut - \u00e9troit convient aux bandes de LED de 10 mm, telles que les bandes de LED 5050 SMD 12v &amp; 24v ( IP20 et IP44 ).<br \/>\nFourni avec une couverture opale.<\/p>","protected":false},"featured_media":460422,"comment_status":"closed","ping_status":"closed","template":"","meta":{"_seopress_robots_primary_cat":"","_seopress_titles_title":"","_seopress_titles_desc":"","_seopress_robots_index":""},"product_brand":[],"product_cat":[149,150,19,42],"product_tag":[],"class_list":{"0":"post-460421","1":"product","2":"type-product","3":"status-publish","4":"has-post-thumbnail","6":"product_cat-led-strip-profielen","7":"product_cat-led-strip-profielen-toebehoren","8":"product_cat-producten","9":"product_cat-toebehoren","11":"first","12":"instock","13":"taxable","14":"shipping-taxable","15":"purchasable","16":"product-type-simple"},"_links":{"self":[{"href":"https:\/\/ledshoponline.be\/fr\/wp-json\/wp\/v2\/product\/460421","targetHints":{"allow":["GET"]}}],"collection":[{"href":"https:\/\/ledshoponline.be\/fr\/wp-json\/wp\/v2\/product"}],"about":[{"href":"https:\/\/ledshoponline.be\/fr\/wp-json\/wp\/v2\/types\/product"}],"replies":[{"embeddable":true,"href":"https:\/\/ledshoponline.be\/fr\/wp-json\/wp\/v2\/comments?post=460421"}],"version-history":[{"count":0,"href":"https:\/\/ledshoponline.be\/fr\/wp-json\/wp\/v2\/product\/460421\/revisions"}],"wp:featuredmedia":[{"embeddable":true,"href":"https:\/\/ledshoponline.be\/fr\/wp-json\/wp\/v2\/media\/460422"}],"wp:attachment":[{"href":"https:\/\/ledshoponline.be\/fr\/wp-json\/wp\/v2\/media?parent=460421"}],"wp:term":[{"taxonomy":"product_brand","embeddable":true,"href":"https:\/\/ledshoponline.be\/fr\/wp-json\/wp\/v2\/product_brand?post=460421"},{"taxonomy":"product_cat","embeddable":true,"href":"https:\/\/ledshoponline.be\/fr\/wp-json\/wp\/v2\/product_cat?post=460421"},{"taxonomy":"product_tag","embeddable":true,"href":"https:\/\/ledshoponline.be\/fr\/wp-json\/wp\/v2\/product_tag?post=460421"}],"curies":[{"name":"wp","href":"https:\/\/api.w.org\/{rel}","templated":true}]}}