{"id":459951,"date":"2024-01-14T20:02:54","date_gmt":"2024-01-14T20:02:54","guid":{"rendered":"https:\/\/hlncaxea.a2hosted.com\/?post_type=product&#038;p=459951"},"modified":"2025-07-25T08:07:34","modified_gmt":"2025-07-25T08:07:34","slug":"smart-ground-spots-24v-set-3-rgb-and-warm-white-2","status":"publish","type":"product","link":"https:\/\/ledshoponline.be\/fr\/shop\/producten\/armaturen\/buitenverlichting\/slimme-grondspots-24v-set-3-rgb-en-warm-wit\/","title":{"rendered":"Smart Ground Spotlights 24v - Set 3 - RGB et Blanc chaud"},"content":{"rendered":"<p>D\u00e9couvrez la magie de l'\u00e9clairage avec nos Smart Ground Spots 24v - Set 3 - RGB et Warm White de Calex. Ces spots intelligents font passer l'atmosph\u00e8re de votre jardin au niveau sup\u00e9rieur. Gr\u00e2ce \u00e0 une combinaison de couleurs RVB vibrantes et de lumi\u00e8re blanche chaude, ils cr\u00e9ent une ambiance \u00e9poustouflante, parfaite pour toutes les occasions. Ces spots sont con\u00e7us pour \u00eatre \u00e0 la fois fonctionnels et esth\u00e9tiques, dans un souci de durabilit\u00e9 et de style.<\/p>\n<p><strong>Note : pour cette lampe de jardin, vous avez besoin d'un Calex Bluetooth Link, qui assurera une connexion optimale de votre collection ext\u00e9rieure.<\/strong><\/p>\n<h1>D\u00e9tails<\/h1>\n<ul>\n<li><strong>Technologie intelligente :<\/strong> Contr\u00f4lez facilement les lumi\u00e8res \u00e0 l'aide de votre smartphone, ce qui vous permet de r\u00e9gler les couleurs et la luminosit\u00e9 \u00e0 votre convenance.<\/li>\n<li><strong>Conception durable :<\/strong> Construit pour r\u00e9sister aux \u00e9l\u00e9ments, le mat\u00e9riau r\u00e9sistant aux intemp\u00e9ries garantit des performances durables.<\/li>\n<li><strong>Installation facile :<\/strong> Le jeu de 3 spots au sol est livr\u00e9 avec tous les accessoires n\u00e9cessaires pour une installation rapide et sans probl\u00e8me.<\/li>\n<li><strong>Efficacit\u00e9 \u00e9nerg\u00e9tique :<\/strong> Gr\u00e2ce \u00e0 leur faible consommation d'\u00e9nergie, ces projecteurs sont respectueux de l'environnement et rentables.<\/li>\n<\/ul>\n<h1>FAQ<\/h1>\n<ol>\n<li><strong>Puis-je ajuster les couleurs de l'\u00e9clairage RVB ?<\/strong> Oui, vous pouvez ajuster les couleurs sans effort gr\u00e2ce \u00e0 l'application pour smartphone qui l'accompagne.<\/li>\n<li><strong>Les emplacements au sol sont-ils adapt\u00e9s \u00e0 toutes les conditions m\u00e9t\u00e9orologiques ?<\/strong> Les spots au sol sont con\u00e7us avec des mat\u00e9riaux r\u00e9sistants aux intemp\u00e9ries, ce qui les rend r\u00e9sistants \u00e0 la pluie, au vent et \u00e0 d'autres \u00e9l\u00e9ments.<\/li>\n<li><strong>Existe-t-il des exigences sp\u00e9cifiques pour l'installation ?<\/strong> Non, l'ensemble est livr\u00e9 avec tout ce dont vous avez besoin pour une installation facile, y compris les instructions. Pour cette lampe de jardin, vous aurez besoin d'un <a href=\"https:\/\/ledshoponline.be\/fr\/boutique-2\/produits-2\/pro-led-lighting-2\/spots-led-2\/passerelle-maillee-bluetooth-smart-outdoor-link\/\">Calex Bluetooth Link<\/a> n\u00e9cessaire, ce qui assurera une connexion optimale de votre collection ext\u00e9rieure<strong>.<\/strong><\/li>\n<\/ol>\n<h1>Conclusion<\/h1>\n<p>Les Smart Ground Spotlights 24v - Set 3 - RGB et Warm White de Calex transforment votre jardin en une oasis enchanteresse. Profitez de la flexibilit\u00e9 de la technologie intelligente, combin\u00e9e \u00e0 la durabilit\u00e9 et au style. Enrichissez votre espace ext\u00e9rieur avec des couleurs vibrantes et une lumi\u00e8re blanche chaude, parfaite pour toutes les occasions.<\/p>","protected":false},"excerpt":{"rendered":"<p><strong>Fiche produit<br \/>\n<\/strong><strong><a href=\"https:\/\/eprel.ec.europa.eu\/informationsheet\/Fiche_1089006_NL.pdf\">FR<\/a>\u00a0|\u00a0<a href=\"https:\/\/eprel.ec.europa.eu\/informationsheet\/Fiche_1089006_FR.pdf\">FR\u00a0<\/a>|\u00a0<a href=\"https:\/\/eprel.ec.europa.eu\/informationsheet\/Fiche_1089006_EN.pdf\">ET\u00a0<\/a>|\u00a0<a href=\"https:\/\/eprel.ec.europa.eu\/informationsheet\/Fiche_1089006_DE.pdf\">LE<\/a><\/strong><\/p>","protected":false},"featured_media":584784,"comment_status":"closed","ping_status":"closed","template":"","meta":{"_seopress_robots_primary_cat":"none","_seopress_titles_title":"","_seopress_titles_desc":"","_seopress_robots_index":""},"product_brand":[],"product_cat":[87,90,132,514,998],"product_tag":[],"class_list":{"0":"post-459951","1":"product","2":"type-product","3":"status-publish","4":"has-post-thumbnail","6":"product_cat-armaturen","7":"product_cat-buitenverlichting","8":"product_cat-led-spots","9":"product_cat-smart-home","10":"product_cat-tuin","12":"first","13":"instock","14":"taxable","15":"shipping-taxable","16":"purchasable","17":"product-type-simple"},"_links":{"self":[{"href":"https:\/\/ledshoponline.be\/fr\/wp-json\/wp\/v2\/product\/459951","targetHints":{"allow":["GET"]}}],"collection":[{"href":"https:\/\/ledshoponline.be\/fr\/wp-json\/wp\/v2\/product"}],"about":[{"href":"https:\/\/ledshoponline.be\/fr\/wp-json\/wp\/v2\/types\/product"}],"replies":[{"embeddable":true,"href":"https:\/\/ledshoponline.be\/fr\/wp-json\/wp\/v2\/comments?post=459951"}],"version-history":[{"count":1,"href":"https:\/\/ledshoponline.be\/fr\/wp-json\/wp\/v2\/product\/459951\/revisions"}],"predecessor-version":[{"id":557131,"href":"https:\/\/ledshoponline.be\/fr\/wp-json\/wp\/v2\/product\/459951\/revisions\/557131"}],"wp:featuredmedia":[{"embeddable":true,"href":"https:\/\/ledshoponline.be\/fr\/wp-json\/wp\/v2\/media\/584784"}],"wp:attachment":[{"href":"https:\/\/ledshoponline.be\/fr\/wp-json\/wp\/v2\/media?parent=459951"}],"wp:term":[{"taxonomy":"product_brand","embeddable":true,"href":"https:\/\/ledshoponline.be\/fr\/wp-json\/wp\/v2\/product_brand?post=459951"},{"taxonomy":"product_cat","embeddable":true,"href":"https:\/\/ledshoponline.be\/fr\/wp-json\/wp\/v2\/product_cat?post=459951"},{"taxonomy":"product_tag","embeddable":true,"href":"https:\/\/ledshoponline.be\/fr\/wp-json\/wp\/v2\/product_tag?post=459951"}],"curies":[{"name":"wp","href":"https:\/\/api.w.org\/{rel}","templated":true}]}}