{"id":459657,"date":"2024-01-12T16:48:04","date_gmt":"2024-01-12T16:48:04","guid":{"rendered":"https:\/\/hlncaxea.a2hosted.com\/?post_type=product&#038;p=459657"},"modified":"2025-03-09T19:45:11","modified_gmt":"2025-03-09T19:45:11","slug":"luminaire-encastre-blanc-rond-inclinable","status":"publish","type":"product","link":"https:\/\/ledshoponline.be\/fr\/shop\/producten\/armaturen\/inbouwspots\/ronde-wit-inbouwspot-armatuur-kantelbaar\/","title":{"rendered":"Luminaire encastr\u00e9 rond blanc inclinable"},"content":{"rendered":"<p>Luminaire encastr\u00e9 de qualit\u00e9, orientable \u00e0 30\u00b0 pour toutes nos lampes \u00e0 Led 12 et 230 Volts.<\/p>\n<p><strong>Dimensions<\/strong>:<br \/>\nDiam\u00e8tre ext\u00e9rieur = 83 mm<br \/>\nDiam\u00e8tre d'installation = 75 mm<br \/>\nHauteur d'installation = 60 mm<\/p>","protected":false},"excerpt":{"rendered":"<p>Magnifique spot encastr\u00e9 rond en blanc teint\u00e9. Id\u00e9al en combinaison avec nos spots LED GU10. Au meilleur prix !<\/p>\n<p>Nouveau mod\u00e8le mieux fini.<\/p>","protected":false},"featured_media":459658,"comment_status":"closed","ping_status":"closed","template":"","meta":{"_seopress_robots_primary_cat":"","_seopress_titles_title":"","_seopress_titles_desc":"","_seopress_robots_index":""},"product_brand":[],"product_cat":[87,88],"product_tag":[377],"class_list":{"0":"post-459657","1":"product","2":"type-product","3":"status-publish","4":"has-post-thumbnail","6":"product_cat-armaturen","7":"product_cat-inbouwspots","8":"product_tag-armatuur-inbouwspot","10":"first","11":"instock","12":"taxable","13":"shipping-taxable","14":"purchasable","15":"product-type-simple"},"_links":{"self":[{"href":"https:\/\/ledshoponline.be\/fr\/wp-json\/wp\/v2\/product\/459657","targetHints":{"allow":["GET"]}}],"collection":[{"href":"https:\/\/ledshoponline.be\/fr\/wp-json\/wp\/v2\/product"}],"about":[{"href":"https:\/\/ledshoponline.be\/fr\/wp-json\/wp\/v2\/types\/product"}],"replies":[{"embeddable":true,"href":"https:\/\/ledshoponline.be\/fr\/wp-json\/wp\/v2\/comments?post=459657"}],"version-history":[{"count":0,"href":"https:\/\/ledshoponline.be\/fr\/wp-json\/wp\/v2\/product\/459657\/revisions"}],"wp:featuredmedia":[{"embeddable":true,"href":"https:\/\/ledshoponline.be\/fr\/wp-json\/wp\/v2\/media\/459658"}],"wp:attachment":[{"href":"https:\/\/ledshoponline.be\/fr\/wp-json\/wp\/v2\/media?parent=459657"}],"wp:term":[{"taxonomy":"product_brand","embeddable":true,"href":"https:\/\/ledshoponline.be\/fr\/wp-json\/wp\/v2\/product_brand?post=459657"},{"taxonomy":"product_cat","embeddable":true,"href":"https:\/\/ledshoponline.be\/fr\/wp-json\/wp\/v2\/product_cat?post=459657"},{"taxonomy":"product_tag","embeddable":true,"href":"https:\/\/ledshoponline.be\/fr\/wp-json\/wp\/v2\/product_tag?post=459657"}],"curies":[{"name":"wp","href":"https:\/\/api.w.org\/{rel}","templated":true}]}}