{"id":459048,"date":"2024-01-05T15:58:43","date_gmt":"2024-01-05T15:58:43","guid":{"rendered":"https:\/\/hlncaxea.a2hosted.com\/?post_type=product&#038;p=459048"},"modified":"2025-03-09T19:45:10","modified_gmt":"2025-03-09T19:45:10","slug":"led-tl-15w-t8-90cm-lumiere-du-jour-865-high-lumen","status":"publish","type":"product","link":"https:\/\/ledshoponline.be\/fr\/shop\/producten\/led-tl-buizen\/90cm-led-tl\/led-tl-15w-t8-90cm-daglicht-865-hoge-lumen\/","title":{"rendered":"LED TL 15W T8 90cm Lumi\u00e8re du jour | 865 High lumens"},"content":{"rendered":"<div>\n<div>\n<p>La LED TL in de 90 cm est \u00e9quip\u00e9e des toutes derni\u00e8res LED 2835 SMD. Apr\u00e8s des ann\u00e9es d'exp\u00e9rience, nous pouvons confirmer que ces <strong>LED<\/strong>\u00a0sont non seulement les plus efficaces et les plus belles couleurs de lumi\u00e8re, mais aussi les plus fiables.<\/p>\n<\/div>\n<p><strong>DEL SMD<\/strong>\u00a0sont utilis\u00e9s depuis des d\u00e9cennies, par exemple dans les radio-r\u00e9veils num\u00e9riques qui fournissent une lumi\u00e8re 24 heures sur 24. Elles ont d\u00e9j\u00e0 largement fait leurs preuves en termes de dur\u00e9e de vie. Ce n'est que depuis quelques ann\u00e9es que ces LED sont \u00e9galement disponibles avec des couleurs de lumi\u00e8re normales.<\/p>\n<p>A\u00a0<strong>LED FLUORESCENTE\u00a0<\/strong>vous \u00e9conomisez plus de 60% d'\u00e9nergie sans diff\u00e9rence notable de rendement lumineux. Un autre avantage est la dur\u00e9e de vie plus longue.<br \/>\nUn normal\u00a0<strong>Tube fluorescent\u00a0<\/strong>ne dure que 10 000 heures dans la pratique, un\u00a0<strong>Tube fluorescent LED\u00a0<\/strong>au moins 50 000 heures. Outre les \u00e9conomies substantielles sur votre facture d'\u00e9nergie, les tubes fluorescents \u00e0 LED permettent \u00e9galement de r\u00e9duire consid\u00e9rablement les co\u00fbts de remplacement. Par cons\u00e9quent, le remplacement de vos tubes fluorescents ordinaires par des\u00a0<strong>Tubes fluorescents \u00e0 LED<\/strong>\u00a0un investissement tr\u00e8s attractif qui, dans la plupart des cas, est rentabilis\u00e9 en deux ans et dont les retomb\u00e9es financi\u00e8res se prolongent pendant une vingtaine d'ann\u00e9es.<\/p>\n<p><strong>Ce qui rend nos LED fluorescentes si uniques :<\/strong><\/p>\n<p>Nous disposons par exemple d'un cadre en aluminium \u00e0 double paroi conducteur de chaleur qui dissipe la chaleur produite par les LED \u00e0 l'arri\u00e8re du tube.<\/p>\n<p>En outre, notre\u00a0<strong>LED FLUORESCENTE\u00a0<\/strong>un couvercle en verre acrylique d\u00e9poli qui distribue bien la lumi\u00e8re et emp\u00eache de voir les LED. Ce nouveau couvercle garantit que, de loin, le tube fluorescent \u00e0 LED allum\u00e9 a exactement le m\u00eame aspect qu'un tube fluorescent \u00e0 LED normal.\u00a0<strong>LED FLUORESCENTE<\/strong>. Vous ne verrez pas la diff\u00e9rence ! Les extr\u00e9mit\u00e9s sont fabriqu\u00e9es en plastique tr\u00e8s r\u00e9sistant pour que ces tubes soient tr\u00e8s durables et qu'ils r\u00e9sistent \u00e0 toutes les situations.<br \/>\nle transport ne peut \u00eatre endommag\u00e9.<\/p>\n<\/div>\n<ul>\n<li>Pas d'interf\u00e9rence RF - pas de scintillement<\/li>\n<li>Tr\u00e8s peu de perte de lumi\u00e8re gr\u00e2ce \u00e0 la forme ovale et \u00e0 la position des LED.<\/li>\n<li>La base en aluminium assure un tr\u00e8s bon refroidissement.<\/li>\n<li>Pilote LED int\u00e9gr\u00e9, isol\u00e9 et s\u00fbr.<\/li>\n<li>Certificats : CE, Rohs<\/li>\n<\/ul>\n<div><\/div>\n<div>\n<p><strong>Comment l'installer :<\/strong><\/p>\n<ul>\n<li>Avez-vous un appareil avec d\u00e9marreur ?<br \/>\nRetirer le starter et le remplacer par le starter LED optionnel et le fluorescent LED. Pr\u00eat (voir shema)<\/li>\n<\/ul>\n<ul>\n<li>\n<div><strong>Remarque !<br \/>\nSi le luminaire fluorescent utilise un ballast haute fr\u00e9quence, retirez-le du circuit et connectez-le comme indiqu\u00e9 dans le sch\u00e9ma ci-dessous sur un c\u00f4t\u00e9.<\/strong><\/div>\n<\/li>\n<\/ul>\n<p>Avec d\u00e9marreur LED :<\/p>\n<p><img decoding=\"async\" class=\"alignnone wp-image-16763 size-full\" title=\"Avec d\u00e9marreur LED\" src=\"https:\/\/ledshoponline.be\/wp-content\/uploads\/2010\/12\/one-side-with-LED-starter-Mobile-Met-ledstarter.jpg\" alt=\"Avec d\u00e9marreur LED\" width=\"480\" height=\"134\" \/><\/p>\n<p><strong>Sans d\u00e9marreur, un ballast haute fr\u00e9quence :<\/strong><\/p>\n<p><img decoding=\"async\" class=\"size-full wp-image-16764\" src=\"https:\/\/ledshoponline.be\/wp-content\/uploads\/2010\/12\/Schema-LED-TL-Hoogfrequent-13-LED-tl-schema.jpg\" alt=\"Tube fluorescent LED\" width=\"387\" height=\"292\" \/><\/p>\n<\/div>","protected":false},"excerpt":{"rendered":"<p>LED TL 90cm est une LED TL professionnelle avec un filtre sans interf\u00e9rence.<br \/>\nUn facteur de puissance de 0,95 et les marques de qualit\u00e9 CE, Rohs, T\u00dcV garantissent la meilleure qualit\u00e9.<br \/>\nCela en fait les meilleurs tubes fluorescents LED disponibles sur le march\u00e9.<\/p>","protected":false},"featured_media":16766,"comment_status":"closed","ping_status":"closed","template":"","meta":{"_seopress_robots_primary_cat":"","_seopress_titles_title":"","_seopress_titles_desc":"","_seopress_robots_index":""},"product_brand":[],"product_cat":[65,49,19],"product_tag":[66,67],"class_list":{"0":"post-459048","1":"product","2":"type-product","3":"status-publish","4":"has-post-thumbnail","6":"product_cat-90cm-led-tl","7":"product_cat-led-tl-buizen","8":"product_cat-producten","9":"product_tag-koud-wit","10":"product_tag-led-tl-90cm","12":"first","13":"instock","14":"taxable","15":"shipping-taxable","16":"purchasable","17":"product-type-simple"},"_links":{"self":[{"href":"https:\/\/ledshoponline.be\/fr\/wp-json\/wp\/v2\/product\/459048","targetHints":{"allow":["GET"]}}],"collection":[{"href":"https:\/\/ledshoponline.be\/fr\/wp-json\/wp\/v2\/product"}],"about":[{"href":"https:\/\/ledshoponline.be\/fr\/wp-json\/wp\/v2\/types\/product"}],"replies":[{"embeddable":true,"href":"https:\/\/ledshoponline.be\/fr\/wp-json\/wp\/v2\/comments?post=459048"}],"version-history":[{"count":0,"href":"https:\/\/ledshoponline.be\/fr\/wp-json\/wp\/v2\/product\/459048\/revisions"}],"wp:featuredmedia":[{"embeddable":true,"href":"https:\/\/ledshoponline.be\/fr\/wp-json\/wp\/v2\/media\/16766"}],"wp:attachment":[{"href":"https:\/\/ledshoponline.be\/fr\/wp-json\/wp\/v2\/media?parent=459048"}],"wp:term":[{"taxonomy":"product_brand","embeddable":true,"href":"https:\/\/ledshoponline.be\/fr\/wp-json\/wp\/v2\/product_brand?post=459048"},{"taxonomy":"product_cat","embeddable":true,"href":"https:\/\/ledshoponline.be\/fr\/wp-json\/wp\/v2\/product_cat?post=459048"},{"taxonomy":"product_tag","embeddable":true,"href":"https:\/\/ledshoponline.be\/fr\/wp-json\/wp\/v2\/product_tag?post=459048"}],"curies":[{"name":"wp","href":"https:\/\/api.w.org\/{rel}","templated":true}]}}