{"id":455092,"date":"2023-11-29T10:23:15","date_gmt":"2023-11-29T10:23:15","guid":{"rendered":"https:\/\/hlncaxea.a2hosted.com\/?post_type=product&#038;p=455092"},"modified":"2025-03-09T19:45:09","modified_gmt":"2025-03-09T19:45:09","slug":"spot-led-encastre-retro-eclaire-4w-remplace-50w-3000k-lumiere-blanche-chaude","status":"publish","type":"product","link":"https:\/\/ledshoponline.be\/fr\/shop\/producten\/armaturen\/inbouwspots\/led-inbouwspot-backlit-4w-vervangt-50w-3000k-warm-wit-licht\/","title":{"rendered":"Spot encastr\u00e9 LED r\u00e9tro-\u00e9clair\u00e9 - 4W remplace 50W - 3000K lumi\u00e8re blanche chaude"},"content":{"rendered":"<p>Le spot LED encastr\u00e9 est tr\u00e8s facile \u00e0 monter dans un plafond suspendu et peut \u00e9galement \u00eatre connect\u00e9 directement \u00e0 230V.<br \/>\nLe transformateur est int\u00e9gr\u00e9 au spot encastr\u00e9 \u00e0 LED.<\/p>\n<p><strong>Les dimensions exactes de ce spot encastr\u00e9 sont les suivantes :\u00a0<\/strong><br \/>\n- dimensions internes \/ taille de coupe : 77-82mm<br \/>\n- diam\u00e8tre ext\u00e9rieur : 98 mm<br \/>\n- Hauteur du spot LED : 26 mm<br \/>\n- hauteur d'installation recommand\u00e9e : 35 mm<\/p>\n<p>Il peut \u00eatre mont\u00e9 dans n'importe quel plafond suspendu \u00e0 condition qu'il y ait au moins 26 mm disponibles dans le plafond. Le spot encastr\u00e9 \u00e0 LED n'est pas inclinable.<\/p>\n<p>Ce spot encastr\u00e9 \u00e0 LED promet non seulement une agr\u00e9able lumi\u00e8re blanc chaud de 3 000 kelvins, mais offre \u00e9galement une combinaison impressionnante de longue dur\u00e9e de vie et d'efficacit\u00e9 \u00e9nerg\u00e9tique. Gr\u00e2ce \u00e0 ses multiples puces LED qui ne consomment ensemble que 4W, ce spot encastr\u00e9 remplace efficacement un spot halog\u00e8ne de 50W. Malgr\u00e9 sa faible consommation d'\u00e9nergie, ce spot offre une luminosit\u00e9 de 220 lumens.<\/p>\n<p>Ces caract\u00e9ristiques font de ce spot encastr\u00e9 une solution id\u00e9ale pour diverses pi\u00e8ces, notamment le salon, la chambre \u00e0 coucher et le couloir. De plus, gr\u00e2ce \u00e0 la durabilit\u00e9 de la technologie LED, vous pouvez profiter de l'\u00e9clairage pendant longtemps sans avoir \u00e0 vous soucier des remplacements fr\u00e9quents. Cela permet non seulement de r\u00e9aliser des \u00e9conomies d'\u00e9nergie, mais aussi de r\u00e9duire le co\u00fbt total de possession.<\/p>","protected":false},"excerpt":{"rendered":"<p>Le spot LED encastr\u00e9 est tr\u00e8s facile \u00e0 monter dans un plafond suspendu et peut \u00e9galement \u00eatre connect\u00e9 directement \u00e0 230V.<\/p>","protected":false},"featured_media":455093,"comment_status":"closed","ping_status":"closed","template":"","meta":{"_seopress_robots_primary_cat":"","_seopress_titles_title":"","_seopress_titles_desc":"","_seopress_robots_index":""},"product_brand":[],"product_cat":[87,88,455,132],"product_tag":[456,457,458],"class_list":{"0":"post-455092","1":"product","2":"type-product","3":"status-publish","4":"has-post-thumbnail","6":"product_cat-armaturen","7":"product_cat-inbouwspots","8":"product_cat-led-downlights","9":"product_cat-led-spots","10":"product_tag-dimbare-led-armatuur","11":"product_tag-led-inbouwspot","12":"product_tag-wit","14":"first","15":"instock","16":"taxable","17":"shipping-taxable","18":"purchasable","19":"product-type-simple"},"_links":{"self":[{"href":"https:\/\/ledshoponline.be\/fr\/wp-json\/wp\/v2\/product\/455092","targetHints":{"allow":["GET"]}}],"collection":[{"href":"https:\/\/ledshoponline.be\/fr\/wp-json\/wp\/v2\/product"}],"about":[{"href":"https:\/\/ledshoponline.be\/fr\/wp-json\/wp\/v2\/types\/product"}],"replies":[{"embeddable":true,"href":"https:\/\/ledshoponline.be\/fr\/wp-json\/wp\/v2\/comments?post=455092"}],"version-history":[{"count":0,"href":"https:\/\/ledshoponline.be\/fr\/wp-json\/wp\/v2\/product\/455092\/revisions"}],"wp:featuredmedia":[{"embeddable":true,"href":"https:\/\/ledshoponline.be\/fr\/wp-json\/wp\/v2\/media\/455093"}],"wp:attachment":[{"href":"https:\/\/ledshoponline.be\/fr\/wp-json\/wp\/v2\/media?parent=455092"}],"wp:term":[{"taxonomy":"product_brand","embeddable":true,"href":"https:\/\/ledshoponline.be\/fr\/wp-json\/wp\/v2\/product_brand?post=455092"},{"taxonomy":"product_cat","embeddable":true,"href":"https:\/\/ledshoponline.be\/fr\/wp-json\/wp\/v2\/product_cat?post=455092"},{"taxonomy":"product_tag","embeddable":true,"href":"https:\/\/ledshoponline.be\/fr\/wp-json\/wp\/v2\/product_tag?post=455092"}],"curies":[{"name":"wp","href":"https:\/\/api.w.org\/{rel}","templated":true}]}}