{"id":453671,"date":"2023-11-20T20:02:27","date_gmt":"2023-11-20T20:02:27","guid":{"rendered":"https:\/\/hlncaxea.a2hosted.com\/?post_type=product&#038;p=453671"},"modified":"2025-03-09T19:45:07","modified_gmt":"2025-03-09T19:45:07","slug":"scanner-mural-multidetecteur-localiser-les-tuyaux-et-les-sous-structures-dans-les-murs-ou-les-sols-en-placoplatre-2","status":"publish","type":"product","link":"https:\/\/ledshoponline.be\/fr\/shop\/producten\/gereedschap\/meettoestellen\/wandscanner-multidetector-lokaliseer-leidingen-en-onderconstructies-in-gipsplaten-muren-of-vloeren\/","title":{"rendered":"Scanner mural et multid\u00e9tecteur - pour localiser les tuyaux et les sous-structures dans les plaques de pl\u00e2tre, les murs ou les sols"},"content":{"rendered":"<p>D\u00e9couvrez ce qui se cache derri\u00e8re vos murs avec le scanner et multid\u00e9tecteur de murs. Cet appareil d\u00e9tecte sans effort les tuyaux m\u00e9talliques, en bois et \u00e9lectriques dans les plaques de pl\u00e2tre, les murs et les sols. Sa technologie avanc\u00e9e de capteurs vous permet de d\u00e9terminer avec pr\u00e9cision l'emplacement et la profondeur des structures, jusqu'\u00e0 120 mm de profondeur. L'\u00e9cran clair affiche les r\u00e9sultats en temps r\u00e9el, tandis que l'anneau LED vous donne des indications visuelles suppl\u00e9mentaires. Vous pouvez \u00e9galement marquer facilement l'endroit trouv\u00e9 \u00e0 l'aide de l'ouverture ronde du bo\u00eetier. L'appareil est livr\u00e9 avec un \u00e9tui de protection pratique pour une longue dur\u00e9e de vie.<\/p>\n<h3>Fonctions sp\u00e9ciales<\/h3>\n<ul>\n<li>D\u00e9tection du m\u00e9tal, du bois et des fils sous tension<\/li>\n<li>Anneau tricolore \u00e9clair\u00e9 par LED<\/li>\n<li>Signal d'avertissement acoustique<\/li>\n<li>Affichage clair<\/li>\n<li>Ouverture ronde dans le bo\u00eetier pour faciliter le marquage<\/li>\n<\/ul>\n<h3>Profondeur de d\u00e9tection maximale<\/h3>\n<div>\n<ul>\n<li>M\u00e9taux ferreux : 120 mm<\/li>\n<li>M\u00e9taux non ferreux (cuivre) : 100 mm<\/li>\n<li>Fils sous tension : (230 V) : 50 mm<\/li>\n<li>Fil de cuivre monobrin : 40 mm<\/li>\n<li>Bois : 20 mm (mode pr\u00e9cision) ou 38 mm (mode profondeur)<\/li>\n<\/ul>\n<h3>Sp\u00e9cifications techniques<\/h3>\n<ul>\n<li>Caract\u00e9ristiques de la batterie : 3,7 V - 300 mAh - LI-ION<\/li>\n<li>Dur\u00e9e de fonctionnement : environ 2h<\/li>\n<li>Option de chargement de la batterie : USB-C<\/li>\n<li>Temp\u00e9rature de fonctionnement : -10 - 50\u00b0C<\/li>\n<li>Temp\u00e9rature de stockage : -20 - 70\u00b0C<\/li>\n<\/ul>\n<\/div>","protected":false},"excerpt":{"rendered":"<p>Ontdek wat er achter je muren schuilt met de wandscanner &amp; multidetector. Dit apparaat detecteert moeiteloos metalen, houten en elektrische<\/p>","protected":false},"featured_media":453672,"comment_status":"closed","ping_status":"closed","template":"","meta":{"_seopress_robots_primary_cat":"","_seopress_titles_title":"","_seopress_titles_desc":"","_seopress_robots_index":""},"product_brand":[],"product_cat":[128,194,19],"product_tag":[],"class_list":{"0":"post-453671","1":"product","2":"type-product","3":"status-publish","4":"has-post-thumbnail","6":"product_cat-gereedschap","7":"product_cat-meettoestellen","8":"product_cat-producten","10":"first","11":"instock","12":"taxable","13":"shipping-taxable","14":"purchasable","15":"product-type-simple"},"_links":{"self":[{"href":"https:\/\/ledshoponline.be\/fr\/wp-json\/wp\/v2\/product\/453671","targetHints":{"allow":["GET"]}}],"collection":[{"href":"https:\/\/ledshoponline.be\/fr\/wp-json\/wp\/v2\/product"}],"about":[{"href":"https:\/\/ledshoponline.be\/fr\/wp-json\/wp\/v2\/types\/product"}],"replies":[{"embeddable":true,"href":"https:\/\/ledshoponline.be\/fr\/wp-json\/wp\/v2\/comments?post=453671"}],"version-history":[{"count":0,"href":"https:\/\/ledshoponline.be\/fr\/wp-json\/wp\/v2\/product\/453671\/revisions"}],"wp:featuredmedia":[{"embeddable":true,"href":"https:\/\/ledshoponline.be\/fr\/wp-json\/wp\/v2\/media\/453672"}],"wp:attachment":[{"href":"https:\/\/ledshoponline.be\/fr\/wp-json\/wp\/v2\/media?parent=453671"}],"wp:term":[{"taxonomy":"product_brand","embeddable":true,"href":"https:\/\/ledshoponline.be\/fr\/wp-json\/wp\/v2\/product_brand?post=453671"},{"taxonomy":"product_cat","embeddable":true,"href":"https:\/\/ledshoponline.be\/fr\/wp-json\/wp\/v2\/product_cat?post=453671"},{"taxonomy":"product_tag","embeddable":true,"href":"https:\/\/ledshoponline.be\/fr\/wp-json\/wp\/v2\/product_tag?post=453671"}],"curies":[{"name":"wp","href":"https:\/\/api.w.org\/{rel}","templated":true}]}}