{"id":453432,"date":"2023-10-29T14:38:03","date_gmt":"2023-10-29T14:38:03","guid":{"rendered":"https:\/\/hlncaxea.a2hosted.com\/?post_type=product&#038;p=453432"},"modified":"2025-03-09T19:45:07","modified_gmt":"2025-03-09T19:45:07","slug":"led-r7s-5w-78mm-glass-360-470lm-warm-white-2700k-2","status":"publish","type":"product","link":"https:\/\/ledshoponline.be\/fr\/shop\/producten\/led-lampen\/led-r7s-230v\/led-r7s-5w-78mm-glas-360-470lm-warm-wit-2700k\/","title":{"rendered":"LED R7s 5w 78mm verre 360\u00b0 470lm | blanc chaud 2700k"},"content":{"rendered":"<p>Cette ampoule LED R7s ressemble exactement \u00e0 une ampoule halog\u00e8ne R7s de 78 mm. Avec une consommation de seulement 4,2 watts, la R7s \u00e9met 470 lumens d'une belle lumi\u00e8re chaude. De plus, la R7s LED est graduable avec les gradateurs LED.<\/p>\n<p>Cette lampe est un excellent substitut aux ampoules halog\u00e8nes traditionnelles. La lumi\u00e8re chaude qu'elle \u00e9met cr\u00e9e une atmosph\u00e8re chaleureuse dans n'importe quelle pi\u00e8ce. Le fait qu'elle ne consomme que 4,2 watts la rend non seulement \u00e9conome en \u00e9nergie, mais permet \u00e9galement de r\u00e9duire les factures d'\u00e9nergie.<\/p>\n<p>Ce qui rend cette lampe vraiment pratique, c'est qu'elle est graduable gr\u00e2ce \u00e0 des gradateurs LED. Cela vous permet d'ajuster l'intensit\u00e9 lumineuse en fonction de vos besoins, ce qui vous offre encore plus de flexibilit\u00e9 en mati\u00e8re d'\u00e9clairage. Dans l'ensemble, je suis tr\u00e8s satisfait de cette ampoule LED R7s et je la recommande vivement \u00e0 tous ceux qui recherchent une solution d'\u00e9clairage efficace et atmosph\u00e9rique.<\/p>","protected":false},"excerpt":{"rendered":"<p><a href=\"https:\/\/eprel.ec.europa.eu\/informationsheet\/Fiche_1596570_NL.pdf\">Fiche produit<\/a><\/p>","protected":false},"featured_media":453433,"comment_status":"closed","ping_status":"closed","template":"","meta":{"_seopress_robots_primary_cat":"","_seopress_titles_title":"","_seopress_titles_desc":"","_seopress_robots_index":""},"product_brand":[],"product_cat":[20,392,19],"product_tag":[180,604],"class_list":{"0":"post-453432","1":"product","2":"type-product","3":"status-publish","4":"has-post-thumbnail","6":"product_cat-led-lampen","7":"product_cat-led-r7s-230v","8":"product_cat-producten","9":"product_tag-dimbaar","10":"product_tag-led-r7s-lamp","12":"first","13":"instock","14":"sale","15":"taxable","16":"shipping-taxable","17":"purchasable","18":"product-type-simple"},"_links":{"self":[{"href":"https:\/\/ledshoponline.be\/fr\/wp-json\/wp\/v2\/product\/453432","targetHints":{"allow":["GET"]}}],"collection":[{"href":"https:\/\/ledshoponline.be\/fr\/wp-json\/wp\/v2\/product"}],"about":[{"href":"https:\/\/ledshoponline.be\/fr\/wp-json\/wp\/v2\/types\/product"}],"replies":[{"embeddable":true,"href":"https:\/\/ledshoponline.be\/fr\/wp-json\/wp\/v2\/comments?post=453432"}],"version-history":[{"count":0,"href":"https:\/\/ledshoponline.be\/fr\/wp-json\/wp\/v2\/product\/453432\/revisions"}],"wp:featuredmedia":[{"embeddable":true,"href":"https:\/\/ledshoponline.be\/fr\/wp-json\/wp\/v2\/media\/453433"}],"wp:attachment":[{"href":"https:\/\/ledshoponline.be\/fr\/wp-json\/wp\/v2\/media?parent=453432"}],"wp:term":[{"taxonomy":"product_brand","embeddable":true,"href":"https:\/\/ledshoponline.be\/fr\/wp-json\/wp\/v2\/product_brand?post=453432"},{"taxonomy":"product_cat","embeddable":true,"href":"https:\/\/ledshoponline.be\/fr\/wp-json\/wp\/v2\/product_cat?post=453432"},{"taxonomy":"product_tag","embeddable":true,"href":"https:\/\/ledshoponline.be\/fr\/wp-json\/wp\/v2\/product_tag?post=453432"}],"curies":[{"name":"wp","href":"https:\/\/api.w.org\/{rel}","templated":true}]}}