{"id":453427,"date":"2023-10-29T14:27:19","date_gmt":"2023-10-29T14:27:19","guid":{"rendered":"https:\/\/hlncaxea.a2hosted.com\/?post_type=product&#038;p=453427"},"modified":"2025-09-03T15:42:17","modified_gmt":"2025-09-03T15:42:17","slug":"projecteur-led-100w-daylight-6000k-ultrathin","status":"publish","type":"product","link":"https:\/\/ledshoponline.be\/fr\/shop\/producten\/armaturen\/buitenverlichting\/led-breedstraler-100w-daglicht-6000k-ultradun\/","title":{"rendered":"Projecteur LED 100W lumi\u00e8re du jour 6000k ultrafin"},"content":{"rendered":"<p>Un faisceau large LED super fin \u00e9quip\u00e9 des derni\u00e8res puces AC SMD \u00e0 haute luminosit\u00e9 avec pas moins de 8510Lm.<br \/>Remplace un halog\u00e8ne de 1000W.<\/p>\r\n\r\n\r\n\r\n<p>Remplacer vos anciens projecteurs halog\u00e8nes \/ lampes de chantier par des projecteurs \u00e0 LED est une n\u00e9cessit\u00e9. La consommation est jusqu'\u00e0 10 fois inf\u00e9rieure, ce qui permet de r\u00e9aliser des \u00e9conomies consid\u00e9rables. Jusqu'\u00e0 300 \u20ac par an.<\/p>\r\n\r\n\r\n\r\n<p><strong>Dimensions :<\/strong> L : 294mm BR : 215mm Hauteur : 30mm<\/p>\r\n\r\n\r\n\r\n<p><strong>Diagramme lumineux LED Breestraler :<\/strong><\/p>\r\n\r\n\r\n\r\n<figure class=\"wp-block-image\"><img decoding=\"async\" class=\"wp-image-19190\" src=\"https:\/\/ledshoponline.be\/wp-content\/uploads\/2017\/08\/led-schijnwerper-diagram.jpg\" alt=\"\" \/><\/figure>\r\n\r\n\r\n\r\n<p>&nbsp;<\/p>","protected":false},"excerpt":{"rendered":"<p><a href=\"https:\/\/eprel.ec.europa.eu\/informationsheet\/Fiche_1177518_NL.pdf\">Fiche produit<\/a><\/p>","protected":false},"featured_media":453428,"comment_status":"closed","ping_status":"closed","template":"","meta":{"_seopress_robots_primary_cat":"none","_seopress_titles_title":"","_seopress_titles_desc":"","_seopress_robots_index":""},"product_brand":[],"product_cat":[87,90,243,242,19],"product_tag":[689,612,613,690,691],"class_list":{"0":"post-453427","1":"product","2":"type-product","3":"status-publish","4":"has-post-thumbnail","6":"product_cat-armaturen","7":"product_cat-buitenverlichting","8":"product_cat-led-schijnwerpers","9":"product_cat-pro-led-verlichting","10":"product_cat-producten","11":"product_tag-50w-led-bouwlamp","12":"product_tag-bouwlamp-led","13":"product_tag-breesstraler","14":"product_tag-led-schijnwerper","15":"product_tag-led-schijnwerper-50w","17":"first","18":"instock","19":"taxable","20":"shipping-taxable","21":"purchasable","22":"product-type-simple"},"_links":{"self":[{"href":"https:\/\/ledshoponline.be\/fr\/wp-json\/wp\/v2\/product\/453427","targetHints":{"allow":["GET"]}}],"collection":[{"href":"https:\/\/ledshoponline.be\/fr\/wp-json\/wp\/v2\/product"}],"about":[{"href":"https:\/\/ledshoponline.be\/fr\/wp-json\/wp\/v2\/types\/product"}],"replies":[{"embeddable":true,"href":"https:\/\/ledshoponline.be\/fr\/wp-json\/wp\/v2\/comments?post=453427"}],"version-history":[{"count":1,"href":"https:\/\/ledshoponline.be\/fr\/wp-json\/wp\/v2\/product\/453427\/revisions"}],"predecessor-version":[{"id":619062,"href":"https:\/\/ledshoponline.be\/fr\/wp-json\/wp\/v2\/product\/453427\/revisions\/619062"}],"wp:featuredmedia":[{"embeddable":true,"href":"https:\/\/ledshoponline.be\/fr\/wp-json\/wp\/v2\/media\/453428"}],"wp:attachment":[{"href":"https:\/\/ledshoponline.be\/fr\/wp-json\/wp\/v2\/media?parent=453427"}],"wp:term":[{"taxonomy":"product_brand","embeddable":true,"href":"https:\/\/ledshoponline.be\/fr\/wp-json\/wp\/v2\/product_brand?post=453427"},{"taxonomy":"product_cat","embeddable":true,"href":"https:\/\/ledshoponline.be\/fr\/wp-json\/wp\/v2\/product_cat?post=453427"},{"taxonomy":"product_tag","embeddable":true,"href":"https:\/\/ledshoponline.be\/fr\/wp-json\/wp\/v2\/product_tag?post=453427"}],"curies":[{"name":"wp","href":"https:\/\/api.w.org\/{rel}","templated":true}]}}