{"id":453399,"date":"2023-10-25T19:56:46","date_gmt":"2023-10-25T19:56:46","guid":{"rendered":"https:\/\/hlncaxea.a2hosted.com\/?post_type=product&#038;p=453399"},"modified":"2025-12-03T22:05:28","modified_gmt":"2025-12-03T22:05:28","slug":"smart-outdoor-standard-a60-rgb-cct-9-4w-806lm","status":"publish","type":"product","link":"https:\/\/ledshoponline.be\/fr\/shop\/producten\/led-lampen\/led-filament-lampen\/smart-outdoor-standard-a60-rgb-cct-9-4w-806lm\/","title":{"rendered":"Smart Outdoor Standard A60 RGB CCT 9.4W 806lm"},"content":{"rendered":"<p><strong>Cette lampe LED A60 intelligente pour supports ext\u00e9rieurs est parfaite pour une utilisation dans des luminaires ext\u00e9rieurs.<\/strong><\/p>\n<p>Illuminez votre fa\u00e7ade ou votre cl\u00f4ture avec une lumi\u00e8re blanche chaude pour les longues soir\u00e9es (d'\u00e9t\u00e9), ou choisissez parmi plus de 100 options de couleurs pour vous adapter \u00e0 votre humeur. Faites l'exp\u00e9rience d'un syst\u00e8me intelligent enti\u00e8rement int\u00e9gr\u00e9 bas\u00e9 sur la technologie <a href=\"https:\/\/ledshoponline.be\/fr\/boutique-2\/produits-2\/pro-led-lighting-2\/spots-led-2\/passerelle-maillee-bluetooth-smart-outdoor-link\/\"><strong>Protocole Bluetooth Mesh<\/strong><\/a>. Quelle que soit la taille de votre jardin ou le nombre d'articles plac\u00e9s, les produits d'ext\u00e9rieur peuvent tous \u00eatre connect\u00e9s et g\u00e9r\u00e9s \u00e0 partir de la m\u00eame application Calex gratuite que vous utilisez pour les produits Calex Smart existants. <strong>Ne fonctionne qu'en combinaison avec <a href=\"https:\/\/ledshoponline.be\/fr\/boutique-2\/produits-2\/pro-led-lighting-2\/spots-led-2\/passerelle-maillee-bluetooth-smart-outdoor-link\/\">Passerelle Bluetooth Mesh Smart Outdoor Link<\/a><\/strong><\/p>\n<ul>\n<li>Installation facile gr\u00e2ce \u00e0 l'application gratuite Calex<\/li>\n<li>Profitez de plus de 100 options de couleurs et d'une lumi\u00e8re blanche personnalisable.<\/li>\n<li>Diminution directe de l'intensit\u00e9 lumineuse<\/li>\n<li>Fonctionne avec Google Home, Amazon Alexa et Siri\"<\/li>\n<\/ul>\n<p><iframe title=\"Smart Outdoor Promo\" width=\"500\" height=\"281\" src=\"https:\/\/www.youtube.com\/embed\/KP9YyxQjEjU?start=1&#038;feature=oembed\" frameborder=\"0\" allow=\"accelerometer; autoplay; clipboard-write; encrypted-media; gyroscope; picture-in-picture; web-share\" referrerpolicy=\"strict-origin-when-cross-origin\" allowfullscreen><\/iframe><\/p>","protected":false},"excerpt":{"rendered":"<p>Lampe LED atmosph\u00e9rique et intelligente de Calex. Peut \u00eatre facilement contr\u00f4l\u00e9e avec une application ou avec la t\u00e9l\u00e9commande Wifi en option.<\/p>","protected":false},"featured_media":453400,"comment_status":"closed","ping_status":"closed","template":"","meta":{"_seopress_robots_primary_cat":"none","_seopress_titles_title":"","_seopress_titles_desc":"","_seopress_robots_index":""},"product_brand":[],"product_cat":[268,111,20,19,514],"product_tag":[719],"class_list":{"0":"post-453399","1":"product","2":"type-product","3":"status-publish","4":"has-post-thumbnail","6":"product_cat-led-filament-lampen","7":"product_cat-led-lamp-e27","8":"product_cat-led-lampen","9":"product_cat-producten","10":"product_cat-smart-home","11":"product_tag-g125-led","13":"first","14":"instock","15":"taxable","16":"shipping-taxable","17":"purchasable","18":"product-type-simple"},"_links":{"self":[{"href":"https:\/\/ledshoponline.be\/fr\/wp-json\/wp\/v2\/product\/453399","targetHints":{"allow":["GET"]}}],"collection":[{"href":"https:\/\/ledshoponline.be\/fr\/wp-json\/wp\/v2\/product"}],"about":[{"href":"https:\/\/ledshoponline.be\/fr\/wp-json\/wp\/v2\/types\/product"}],"replies":[{"embeddable":true,"href":"https:\/\/ledshoponline.be\/fr\/wp-json\/wp\/v2\/comments?post=453399"}],"version-history":[{"count":1,"href":"https:\/\/ledshoponline.be\/fr\/wp-json\/wp\/v2\/product\/453399\/revisions"}],"predecessor-version":[{"id":638029,"href":"https:\/\/ledshoponline.be\/fr\/wp-json\/wp\/v2\/product\/453399\/revisions\/638029"}],"wp:featuredmedia":[{"embeddable":true,"href":"https:\/\/ledshoponline.be\/fr\/wp-json\/wp\/v2\/media\/453400"}],"wp:attachment":[{"href":"https:\/\/ledshoponline.be\/fr\/wp-json\/wp\/v2\/media?parent=453399"}],"wp:term":[{"taxonomy":"product_brand","embeddable":true,"href":"https:\/\/ledshoponline.be\/fr\/wp-json\/wp\/v2\/product_brand?post=453399"},{"taxonomy":"product_cat","embeddable":true,"href":"https:\/\/ledshoponline.be\/fr\/wp-json\/wp\/v2\/product_cat?post=453399"},{"taxonomy":"product_tag","embeddable":true,"href":"https:\/\/ledshoponline.be\/fr\/wp-json\/wp\/v2\/product_tag?post=453399"}],"curies":[{"name":"wp","href":"https:\/\/api.w.org\/{rel}","templated":true}]}}