{"id":453391,"date":"2023-10-25T19:44:59","date_gmt":"2023-10-25T19:44:59","guid":{"rendered":"https:\/\/hlncaxea.a2hosted.com\/?post_type=product&#038;p=453391"},"modified":"2025-05-30T17:37:48","modified_gmt":"2025-05-30T17:37:48","slug":"spot-led-reflecteur-smart-rgb-5w-345lm-2700-6500k","status":"publish","type":"product","link":"https:\/\/ledshoponline.be\/fr\/shop\/producten\/led-spots\/led-spot-gu10-230v\/smart-rgb-reflector-led-spot-5w-345lm-2700-6500k\/","title":{"rendered":"Smart RGB Reflector spot led 5W 345lm 2700-6500K"},"content":{"rendered":"<p>Cette lampe \u00e0 r\u00e9flecteur d'ext\u00e9rieur intelligente est parfaite pour les luminaires d'ext\u00e9rieur et d'int\u00e9rieur.<\/p>\n<p>Illuminez votre fa\u00e7ade ou votre cl\u00f4ture avec une lumi\u00e8re blanche chaude pour les longues soir\u00e9es (d'\u00e9t\u00e9) ou choisissez parmi plus de 100 options de couleurs pour vous adapter \u00e0 votre humeur. Faites l'exp\u00e9rience d'un syst\u00e8me intelligent enti\u00e8rement int\u00e9gr\u00e9 bas\u00e9 sur la technologie <a href=\"https:\/\/ledshoponline.be\/fr\/boutique-2\/produits-2\/pro-led-lighting-2\/spots-led-2\/passerelle-maillee-bluetooth-smart-outdoor-link\/\"><strong>Maillage Bluetooth<\/strong><\/a> protocole.<br \/>\nQuelle que soit la taille de votre jardin ou le nombre d'articles plac\u00e9s, les produits d'ext\u00e9rieur peuvent tous \u00eatre connect\u00e9s et g\u00e9r\u00e9s \u00e0 partir de la m\u00eame application Calex gratuite que celle que vous utilisez pour les produits Calex Smart existants.<\/p>\n<p><strong>Ne fonctionne qu'en combinaison avec <a href=\"https:\/\/ledshoponline.be\/fr\/boutique-2\/produits-2\/pro-led-lighting-2\/spots-led-2\/passerelle-maillee-bluetooth-smart-outdoor-link\/\">Passerelle Bluetooth Mesh Smart Outdoor Link<\/a><\/strong><\/p>\n<h2>USP<\/h2>\n<p>- Installation facile gr\u00e2ce \u00e0 l'application gratuite Calex<br \/>\n- Profitez de plus de 100 options de couleurs et d'une lumi\u00e8re blanche r\u00e9glable<br \/>\n- Diminution directe de l'intensit\u00e9 lumineuse<br \/>\n- Fonctionne avec Google Home, Amazon Alexa et Siri<\/p>\n<p>&nbsp;<\/p>\n<p><iframe title=\"Smart Outdoor Promo\" width=\"500\" height=\"281\" src=\"https:\/\/www.youtube.com\/embed\/KP9YyxQjEjU?start=3&#038;feature=oembed\" frameborder=\"0\" allow=\"accelerometer; autoplay; clipboard-write; encrypted-media; gyroscope; picture-in-picture; web-share\" referrerpolicy=\"strict-origin-when-cross-origin\" allowfullscreen><\/iframe><\/p>","protected":false},"excerpt":{"rendered":"<p><span style=\"color: #ff0000;\"><strong>OP=OP<\/strong><\/span><\/p>\n<p><a href=\"https:\/\/eprel.ec.europa.eu\/informationsheet\/Fiche_1073938_NL.pdf\">Fiche produit<\/a><\/p>","protected":false},"featured_media":453392,"comment_status":"closed","ping_status":"closed","template":"","meta":{"_seopress_robots_primary_cat":"none","_seopress_titles_title":"","_seopress_titles_desc":"","_seopress_robots_index":""},"product_brand":[],"product_cat":[133,132,19,514],"product_tag":[],"class_list":{"0":"post-453391","1":"product","2":"type-product","3":"status-publish","4":"has-post-thumbnail","6":"product_cat-led-spot-gu10-230v","7":"product_cat-led-spots","8":"product_cat-producten","9":"product_cat-smart-home","11":"first","12":"instock","13":"sale","14":"taxable","15":"shipping-taxable","16":"purchasable","17":"product-type-simple"},"_links":{"self":[{"href":"https:\/\/ledshoponline.be\/fr\/wp-json\/wp\/v2\/product\/453391","targetHints":{"allow":["GET"]}}],"collection":[{"href":"https:\/\/ledshoponline.be\/fr\/wp-json\/wp\/v2\/product"}],"about":[{"href":"https:\/\/ledshoponline.be\/fr\/wp-json\/wp\/v2\/types\/product"}],"replies":[{"embeddable":true,"href":"https:\/\/ledshoponline.be\/fr\/wp-json\/wp\/v2\/comments?post=453391"}],"version-history":[{"count":2,"href":"https:\/\/ledshoponline.be\/fr\/wp-json\/wp\/v2\/product\/453391\/revisions"}],"predecessor-version":[{"id":577119,"href":"https:\/\/ledshoponline.be\/fr\/wp-json\/wp\/v2\/product\/453391\/revisions\/577119"}],"wp:featuredmedia":[{"embeddable":true,"href":"https:\/\/ledshoponline.be\/fr\/wp-json\/wp\/v2\/media\/453392"}],"wp:attachment":[{"href":"https:\/\/ledshoponline.be\/fr\/wp-json\/wp\/v2\/media?parent=453391"}],"wp:term":[{"taxonomy":"product_brand","embeddable":true,"href":"https:\/\/ledshoponline.be\/fr\/wp-json\/wp\/v2\/product_brand?post=453391"},{"taxonomy":"product_cat","embeddable":true,"href":"https:\/\/ledshoponline.be\/fr\/wp-json\/wp\/v2\/product_cat?post=453391"},{"taxonomy":"product_tag","embeddable":true,"href":"https:\/\/ledshoponline.be\/fr\/wp-json\/wp\/v2\/product_tag?post=453391"}],"curies":[{"name":"wp","href":"https:\/\/api.w.org\/{rel}","templated":true}]}}