{"id":453367,"date":"2023-10-24T19:03:02","date_gmt":"2023-10-24T19:03:02","guid":{"rendered":"https:\/\/hlncaxea.a2hosted.com\/?post_type=product&#038;p=453367"},"modified":"2025-11-28T08:12:18","modified_gmt":"2025-11-28T08:12:18","slug":"sonnette-video-intelligente-avec-batterie-et-carillon","status":"publish","type":"product","link":"https:\/\/ledshoponline.be\/fr\/shop\/producten\/gereedschap\/led-werklamp-zaklamp\/slimme-video-deurbel-met-batterij-en-chime\/","title":{"rendered":"Sonnette vid\u00e9o intelligente avec batterie et carillon"},"content":{"rendered":"<h1>La sonnette intelligente Calex : Toujours connect\u00e9 \u00e0 votre porte d'entr\u00e9e<\/h1>\n<p>Avec la sonnette intelligente Calex, vous savez toujours qui se pr\u00e9sente \u00e0 votre porte, que vous soyez \u00e0 la maison ou en d\u00e9placement. Gr\u00e2ce \u00e0 la cam\u00e9ra Full HD int\u00e9gr\u00e9e avec vision nocturne, vous pouvez voir \u00e0 tout moment qui se d\u00e9place ou sonne \u00e0 votre porte d'entr\u00e9e. Si quelqu'un sonne \u00e0 la porte, vous recevrez non seulement une notification via l'application Calex Smart, mais vous entendrez \u00e9galement le carillon inclus que vous installez dans votre maison. De plus, la sonnette vid\u00e9o est \u00e9quip\u00e9e d'un haut-parleur \u00e0 double sens, ce qui vous permet de communiquer facilement avec n'importe quel visiteur via votre t\u00e9l\u00e9phone portable.<\/p>\n<p><strong>Installation facile<\/strong><br \/>\nLa sonnette est enti\u00e8rement sans fil et facile \u00e0 installer. Vous pouvez facilement installer la sonnette intelligente via l'application Calex Smart. Pour coupler la sonnette avec l'application, seul le Wi-Fi est n\u00e9cessaire (2.4GHz), donc aucun hub ou couplage suppl\u00e9mentaire n'est n\u00e9cessaire ! Si vous avez besoin d'aide pour l'installation, vous pouvez visiter le site web de Calex ou notre cha\u00eene YouTube pour des vid\u00e9os d'installation et des questions fr\u00e9quemment pos\u00e9es.<\/p>\n<p><strong>Application conviviale<\/strong><br \/>\nAvec l'application Calex Smart, vous pouvez surveiller la sonnette intelligente en direct depuis n'importe o\u00f9 dans le monde. G\u00e9rez tous vos autres appareils Calex et votre sonnette dans l'application pour un maximum de commodit\u00e9. En plus des notifications lorsque la sonnette sonne, l'application envoie \u00e9galement des notifications de mouvement devant votre porte si vous le souhaitez. Si vous n'\u00eates pas chez vous pendant quelques jours ou si vous n'avez pas consult\u00e9 l'application, les images sont automatiquement stock\u00e9es dans le nuage (pour lequel vous pouvez vous abonner) ou sur une carte micro SD que vous pouvez ajouter.<\/p>\n<p><strong>Stockage<\/strong><br \/>\nVous pouvez visionner les s\u00e9quences enregistr\u00e9es ult\u00e9rieurement. Pour ce faire, vous pouvez utiliser une carte micro SD (non fournie) ou un syst\u00e8me de stockage s\u00e9curis\u00e9 dans le nuage. Dans le nuage, les \u00e9v\u00e9nements sont automatiquement stock\u00e9s 24 heures sur 24, 7 jours sur 7, sans risque de vol de donn\u00e9es. Vous pouvez y acc\u00e9der \u00e0 partir de plusieurs appareils pour visionner les images \u00e0 tout moment et depuis n'importe quel endroit.<\/p>\n<p><strong>Fonctionnalit\u00e9<\/strong><br \/>\nCette sonnette intelligente peut \u00eatre utilis\u00e9e de jour comme de nuit gr\u00e2ce \u00e0 sa vision nocturne infrarouge. Comme la sonnette avec cam\u00e9ra utilise le Wi-Fi, il est important que la connexion Wi-Fi soit optimale au niveau de votre porte d'entr\u00e9e. En outre, la sonnette dispose d'une r\u00e9solution 1080P pour une image nette et d'un large champ de vision de pas moins de 125\u00b0, de sorte que vous ne manquerez rien de ce qui se passe devant votre porte.<\/p>\n<p><strong>USP<\/strong><\/p>\n<ul>\n<li>Vision nocturne (10 m\u00e8tres)<\/li>\n<li>Cam\u00e9ra Full HD<\/li>\n<li>Discours bidirectionnel<\/li>\n<li>Stockage dans le nuage ou sur carte SD<\/li>\n<li>Carillon inclus<\/li>\n<li>Sans fil<\/li>\n<\/ul>\n<p>Avec la sonnette intelligente Calex, vous restez connect\u00e9 \u00e0 votre porte d'entr\u00e9e et augmentez la s\u00e9curit\u00e9 et la commodit\u00e9 de votre maison. Que vous soyez chez vous ou non, vous avez toujours le contr\u00f4le sur la personne qui sonne et sur ce qui se passe \u00e0 votre porte.<\/p>","protected":false},"excerpt":{"rendered":"<p>De Calex Smart Deurbel: Altijd Verbonden met je Voordeur Met de Calex Smart Deurbel ben je altijd op de hoogte<\/p>","protected":false},"featured_media":453368,"comment_status":"closed","ping_status":"closed","template":"","meta":{"_seopress_robots_primary_cat":"none","_seopress_titles_title":"","_seopress_titles_desc":"","_seopress_robots_index":""},"product_brand":[],"product_cat":[889,128,176,514],"product_tag":[],"class_list":{"0":"post-453367","1":"product","2":"type-product","3":"status-publish","4":"has-post-thumbnail","6":"product_cat-camerabewaking","7":"product_cat-gereedschap","8":"product_cat-led-werklamp-zaklamp","9":"product_cat-smart-home","11":"first","12":"instock","13":"taxable","14":"shipping-taxable","15":"purchasable","16":"product-type-simple"},"_links":{"self":[{"href":"https:\/\/ledshoponline.be\/fr\/wp-json\/wp\/v2\/product\/453367","targetHints":{"allow":["GET"]}}],"collection":[{"href":"https:\/\/ledshoponline.be\/fr\/wp-json\/wp\/v2\/product"}],"about":[{"href":"https:\/\/ledshoponline.be\/fr\/wp-json\/wp\/v2\/types\/product"}],"replies":[{"embeddable":true,"href":"https:\/\/ledshoponline.be\/fr\/wp-json\/wp\/v2\/comments?post=453367"}],"version-history":[{"count":1,"href":"https:\/\/ledshoponline.be\/fr\/wp-json\/wp\/v2\/product\/453367\/revisions"}],"predecessor-version":[{"id":636298,"href":"https:\/\/ledshoponline.be\/fr\/wp-json\/wp\/v2\/product\/453367\/revisions\/636298"}],"wp:featuredmedia":[{"embeddable":true,"href":"https:\/\/ledshoponline.be\/fr\/wp-json\/wp\/v2\/media\/453368"}],"wp:attachment":[{"href":"https:\/\/ledshoponline.be\/fr\/wp-json\/wp\/v2\/media?parent=453367"}],"wp:term":[{"taxonomy":"product_brand","embeddable":true,"href":"https:\/\/ledshoponline.be\/fr\/wp-json\/wp\/v2\/product_brand?post=453367"},{"taxonomy":"product_cat","embeddable":true,"href":"https:\/\/ledshoponline.be\/fr\/wp-json\/wp\/v2\/product_cat?post=453367"},{"taxonomy":"product_tag","embeddable":true,"href":"https:\/\/ledshoponline.be\/fr\/wp-json\/wp\/v2\/product_tag?post=453367"}],"curies":[{"name":"wp","href":"https:\/\/api.w.org\/{rel}","templated":true}]}}