{"id":453182,"date":"2023-10-15T13:23:38","date_gmt":"2023-10-15T13:23:38","guid":{"rendered":"https:\/\/hlncaxea.a2hosted.com\/?post_type=product&#038;p=453182"},"modified":"2025-03-09T19:45:00","modified_gmt":"2025-03-09T19:45:00","slug":"guirlande-lumineuse-de-noel-10-metres-100leds-10000k-daylight-white-220v-adapter","status":"publish","type":"product","link":"https:\/\/ledshoponline.be\/fr\/shop\/producten\/armaturen\/buitenverlichting\/kerstverlichting-lichtsnoer-10-meter-100leds-10000k-daglicht-wit-220v-adapter\/","title":{"rendered":"Guirlande lumineuse de No\u00ebl - 10 m\u00e8tres 100leds - 10000K blanc lumi\u00e8re du jour - Adaptateur 220V"},"content":{"rendered":"<p>Si vous recherchez une solution d'\u00e9clairage polyvalente et fiable pour votre maison ou votre jardin, ne cherchez plus ! La lampe LED Rope Berry Plastic de Modee Lighting avec adaptateur vous offre tout ce dont vous avez besoin pour \u00e9clairer votre espace et cr\u00e9er une atmosph\u00e8re chaleureuse.<\/p>\n<h2>Principales sp\u00e9cifications<\/h2>\n<ul>\n<li><strong>Technologie :<\/strong>\u00a0LED SMD<\/li>\n<li><strong>Puissance :<\/strong>\u00a03,6 W<\/li>\n<li><strong>R\u00e9sistance \u00e0 l'eau :<\/strong>\u00a0IP44<\/li>\n<li><strong>Temp\u00e9rature de couleur :<\/strong>\u00a010.000 K<\/li>\n<li><strong>Mat\u00e9riau :<\/strong>\u00a0Plastique<\/li>\n<li><strong>Longueur :<\/strong>\u00a010 000 mm (10m)<\/li>\n<li><strong>Dimmable :<\/strong>\u00a0Non<\/li>\n<li><strong>La nutrition :<\/strong>\u00a0AC220-240 V, 50\/60 Hz<\/li>\n<\/ul>\n<h2>Pourquoi choisir cette guirlande lumineuse \u00e0 LED ?<\/h2>\n<ol>\n<li><strong>Efficacit\u00e9 \u00e9nerg\u00e9tique :<\/strong>\u00a0Avec une puissance de seulement 3,6 W, cette corde LED est un choix \u00e9conome en \u00e9nergie.<\/li>\n<li><strong>R\u00e9sistant \u00e0 l'eau :<\/strong>\u00a0Gr\u00e2ce \u00e0 son indice de protection IP44, vous pouvez utiliser cette guirlande lumineuse aussi bien \u00e0 l'int\u00e9rieur qu'\u00e0 l'ext\u00e9rieur.<\/li>\n<li><strong>Lumi\u00e8re froide :<\/strong>\u00a0La temp\u00e9rature de couleur de 10 000 K fournit une lumi\u00e8re claire et froide, id\u00e9ale pour les int\u00e9rieurs modernes ou les espaces ext\u00e9rieurs.<\/li>\n<li><strong>Flexible et polyvalent :<\/strong>\u00a0La guirlande lumineuse mesure 10 m\u00e8tres de long et est fabriqu\u00e9e en plastique durable, ce qui permet de l'adapter facilement \u00e0 votre espace.<\/li>\n<li><strong>Plug &amp; Play :<\/strong>\u00a0Pas besoin de piles, il suffit de brancher l'adaptateur sur une prise de courant et de profiter de l'\u00e9clairage.<\/li>\n<\/ol>\n<p>Alors, qu'attendez-vous ? Ajoutez une touche de magie \u00e0 votre espace de vie avec le Modee Lighting LED Rope Berry Plastic with Adapter !<\/p>","protected":false},"excerpt":{"rendered":"<p>Ben je op zoek naar een veelzijdige en betrouwbare lichtoplossing voor je huis of tuin? Zoek niet verder! De Modee<\/p>","protected":false},"featured_media":453183,"comment_status":"closed","ping_status":"closed","template":"","meta":{"_seopress_robots_primary_cat":"","_seopress_titles_title":"","_seopress_titles_desc":"","_seopress_robots_index":""},"product_brand":[],"product_cat":[90,987,19],"product_tag":[230,929],"class_list":{"0":"post-453182","1":"product","2":"type-product","3":"status-publish","4":"has-post-thumbnail","6":"product_cat-buitenverlichting","7":"product_cat-kerstverlichting","8":"product_cat-producten","9":"product_tag-230v-ledstrip","10":"product_tag-led-slang","12":"first","13":"instock","14":"taxable","15":"shipping-taxable","16":"purchasable","17":"product-type-simple"},"_links":{"self":[{"href":"https:\/\/ledshoponline.be\/fr\/wp-json\/wp\/v2\/product\/453182","targetHints":{"allow":["GET"]}}],"collection":[{"href":"https:\/\/ledshoponline.be\/fr\/wp-json\/wp\/v2\/product"}],"about":[{"href":"https:\/\/ledshoponline.be\/fr\/wp-json\/wp\/v2\/types\/product"}],"replies":[{"embeddable":true,"href":"https:\/\/ledshoponline.be\/fr\/wp-json\/wp\/v2\/comments?post=453182"}],"version-history":[{"count":0,"href":"https:\/\/ledshoponline.be\/fr\/wp-json\/wp\/v2\/product\/453182\/revisions"}],"wp:featuredmedia":[{"embeddable":true,"href":"https:\/\/ledshoponline.be\/fr\/wp-json\/wp\/v2\/media\/453183"}],"wp:attachment":[{"href":"https:\/\/ledshoponline.be\/fr\/wp-json\/wp\/v2\/media?parent=453182"}],"wp:term":[{"taxonomy":"product_brand","embeddable":true,"href":"https:\/\/ledshoponline.be\/fr\/wp-json\/wp\/v2\/product_brand?post=453182"},{"taxonomy":"product_cat","embeddable":true,"href":"https:\/\/ledshoponline.be\/fr\/wp-json\/wp\/v2\/product_cat?post=453182"},{"taxonomy":"product_tag","embeddable":true,"href":"https:\/\/ledshoponline.be\/fr\/wp-json\/wp\/v2\/product_tag?post=453182"}],"curies":[{"name":"wp","href":"https:\/\/api.w.org\/{rel}","templated":true}]}}