{"id":453174,"date":"2023-10-15T13:15:23","date_gmt":"2023-10-15T13:15:23","guid":{"rendered":"https:\/\/hlncaxea.a2hosted.com\/?post_type=product&#038;p=453174"},"modified":"2026-02-06T16:43:54","modified_gmt":"2026-02-06T16:43:54","slug":"guirlande-lumineuse-de-noel-10-metres-100leds-multicolore-rgb-220v-adaptateur","status":"publish","type":"product","link":"https:\/\/ledshoponline.be\/fr\/shop\/producten\/armaturen\/buitenverlichting\/kerstverlichting-lichtsnoer-10-meter-100leds-multikleur-rgb-220v-adapter\/","title":{"rendered":"Guirlande lumineuse de No\u00ebl - 10 m\u00e8tres 100leds - Multicolore RGB - Adaptateur 220V"},"content":{"rendered":"<p>Vous cherchez une solution d'\u00e9clairage polyvalente et color\u00e9e pour votre maison ou votre \u00e9v\u00e9nement ? Dans ce cas, la guirlande LED en plastique avec adaptateur de Modee Lighting est exactement ce qu'il vous faut ! Cette guirlande lumineuse \u00e0 LED n'est pas seulement belle \u00e0 regarder, elle est aussi incroyablement pratique.<\/p>\n<h2>Principales sp\u00e9cifications<\/h2>\n<ul>\n<li><strong>Technologie<\/strong>LED : SMD LED<\/li>\n<li><strong>Puissance<\/strong>: 3,6 W<\/li>\n<li><strong>R\u00e9sistance \u00e0 l'eau<\/strong>: IP44<\/li>\n<li><strong>Temp\u00e9rature de couleur<\/strong>: RGB plusieurs couleurs<\/li>\n<li><strong>Mat\u00e9riau<\/strong>: Plastique<\/li>\n<li><strong>Longueur<\/strong>: 10 m\u00e8tres<\/li>\n<li><strong>Nombre de LED<\/strong>: 100<\/li>\n<li><strong>La nutrition<\/strong>: AC220-240 V<\/li>\n<li><strong>Fr\u00e9quence<\/strong>50\/60 Hz<\/li>\n<\/ul>\n<h2>Pourquoi choisir cette guirlande lumineuse \u00e0 LED ?<\/h2>\n<ol>\n<li><strong>Polyvalence<\/strong>Guirlande lumineuse : Avec une longueur de 10 m\u00e8tres et 100 LED, vous pouvez utiliser cette guirlande lumineuse pour illuminer votre salon, votre jardin ou m\u00eame un \u00e9v\u00e9nement.<\/li>\n<li><strong>R\u00e9sistant \u00e0 l'eau<\/strong>IP44 : Gr\u00e2ce \u00e0 son indice de protection IP44, cette guirlande lumineuse r\u00e9siste aux projections d'eau, ce qui vous permet de l'utiliser aussi bien \u00e0 l'int\u00e9rieur qu'\u00e0 l'ext\u00e9rieur.<\/li>\n<li><strong>Efficacit\u00e9 \u00e9nerg\u00e9tique<\/strong>La guirlande lumineuse \u00e0 LED : Avec une faible puissance de 3,6 W, cette guirlande lumineuse \u00e0 LED est un choix \u00e9conome en \u00e9nergie.<\/li>\n<li><strong>Color\u00e9e<\/strong>La temp\u00e9rature de couleur RVB vous permet de profiter d'une gamme de couleurs, parfaite pour les f\u00eates ou pour cr\u00e9er une atmosph\u00e8re chaleureuse.<\/li>\n<\/ol>\n<p>Alors, qu'attendez-vous ? Ajoutez de la couleur et de la lumi\u00e8re \u00e0 votre vie avec la corde en plastique LED de Modee Lighting avec adaptateur !<\/p>","protected":false},"excerpt":{"rendered":"<p>Ben je op zoek naar een veelzijdige en kleurrijke verlichtingsoplossing voor je huis of evenement? Dan is de Modee Lighting<\/p>","protected":false},"featured_media":453175,"comment_status":"closed","ping_status":"closed","template":"","meta":{"_seopress_robots_primary_cat":"none","_seopress_titles_title":"","_seopress_titles_desc":"","_seopress_robots_index":""},"product_brand":[],"product_cat":[90,987,19],"product_tag":[230,929],"class_list":{"0":"post-453174","1":"product","2":"type-product","3":"status-publish","4":"has-post-thumbnail","6":"product_cat-buitenverlichting","7":"product_cat-kerstverlichting","8":"product_cat-producten","9":"product_tag-230v-ledstrip","10":"product_tag-led-slang","12":"first","13":"instock","14":"taxable","15":"shipping-taxable","16":"purchasable","17":"product-type-simple"},"_links":{"self":[{"href":"https:\/\/ledshoponline.be\/fr\/wp-json\/wp\/v2\/product\/453174","targetHints":{"allow":["GET"]}}],"collection":[{"href":"https:\/\/ledshoponline.be\/fr\/wp-json\/wp\/v2\/product"}],"about":[{"href":"https:\/\/ledshoponline.be\/fr\/wp-json\/wp\/v2\/types\/product"}],"replies":[{"embeddable":true,"href":"https:\/\/ledshoponline.be\/fr\/wp-json\/wp\/v2\/comments?post=453174"}],"version-history":[{"count":1,"href":"https:\/\/ledshoponline.be\/fr\/wp-json\/wp\/v2\/product\/453174\/revisions"}],"predecessor-version":[{"id":685328,"href":"https:\/\/ledshoponline.be\/fr\/wp-json\/wp\/v2\/product\/453174\/revisions\/685328"}],"wp:featuredmedia":[{"embeddable":true,"href":"https:\/\/ledshoponline.be\/fr\/wp-json\/wp\/v2\/media\/453175"}],"wp:attachment":[{"href":"https:\/\/ledshoponline.be\/fr\/wp-json\/wp\/v2\/media?parent=453174"}],"wp:term":[{"taxonomy":"product_brand","embeddable":true,"href":"https:\/\/ledshoponline.be\/fr\/wp-json\/wp\/v2\/product_brand?post=453174"},{"taxonomy":"product_cat","embeddable":true,"href":"https:\/\/ledshoponline.be\/fr\/wp-json\/wp\/v2\/product_cat?post=453174"},{"taxonomy":"product_tag","embeddable":true,"href":"https:\/\/ledshoponline.be\/fr\/wp-json\/wp\/v2\/product_tag?post=453174"}],"curies":[{"name":"wp","href":"https:\/\/api.w.org\/{rel}","templated":true}]}}