{"id":452515,"date":"2023-08-26T12:23:04","date_gmt":"2023-08-26T12:23:04","guid":{"rendered":"https:\/\/hlncaxea.a2hosted.com\/?post_type=product&#038;p=452515"},"modified":"2025-09-22T20:41:24","modified_gmt":"2025-09-22T20:41:24","slug":"gradateur-pour-bande-lumineuse-230v-avec-telecommande-radio-et-bouton-rotatif-2","status":"publish","type":"product","link":"https:\/\/ledshoponline.be\/fr\/shop\/producten\/led-strips\/led-strips-toebehoren\/dimmer-voor-230v-ledstrip-lichtslang-met-radiografische-afstandsbediening-en-draaiknop\/","title":{"rendered":"Variateur pour bande lumineuse LED 230v avec t\u00e9l\u00e9commande radio et bouton rotatif"},"content":{"rendered":"<h2>D\u00e9couvrez l'atmosph\u00e8re parfaite : Variateur LED Lightsnake<\/h2>\n<h3>Cr\u00e9er des atmosph\u00e8res enchanteresses<\/h3>\n<p>Avec notre variateur LED Light Hose Dimmer, vous \u00eates le ma\u00eetre de l'atmosph\u00e8re de votre maison. Transformez n'importe quelle pi\u00e8ce en un paradis enchanteur gr\u00e2ce \u00e0 la possibilit\u00e9 d'ajuster la lumi\u00e8re \u00e0 votre convenance. Que vous ayez pr\u00e9vu une soir\u00e9e confortable pour deux ou que vous organisiez une f\u00eate entre amis, ce variateur cr\u00e9era l'ambiance parfaite. Choisissez parmi une gamme de couleurs vives et r\u00e9glez l'intensit\u00e9 \u00e0 l'aide du bouton rotatif pratique. \u00c9tonnez vos invit\u00e9s et appr\u00e9ciez les regards admiratifs qu'ils jetteront sur votre cr\u00e9ation lumineuse personnelle.<\/p>\n<h3>Commande sans fil, confort ultime<\/h3>\n<p>Gr\u00e2ce \u00e0 la t\u00e9l\u00e9commande radio fournie avec le variateur de lumi\u00e8re LED Hose Dimmer, vous avez le contr\u00f4le, litt\u00e9ralement ! Contr\u00f4lez la lumi\u00e8re depuis n'importe quel coin de la pi\u00e8ce sans avoir \u00e0 vous pr\u00e9occuper des c\u00e2bles ou des prises. Allumez la romance ou cr\u00e9ez un environnement apaisant sans vous lever. Les commandes intuitives font du r\u00e9glage de l'\u00e9clairage un jeu d'enfant. Simplifiez-vous la vie avec cette avanc\u00e9e technologique et profitez d'un confort ultime.<\/p>\n<h3>Qualit\u00e9 et durabilit\u00e9 in\u00e9gal\u00e9es<\/h3>\n<p>Nous savons que vous voulez ce qu'il y a de mieux pour votre maison, c'est pourquoi le variateur de lumi\u00e8re LED pour tuyau est fabriqu\u00e9 avec des mat\u00e9riaux de premi\u00e8re qualit\u00e9. Profitez d'un \u00e9clairage durable qui dure longtemps sans sacrifier la luminosit\u00e9. Nos produits sont soumis \u00e0 des contr\u00f4les de qualit\u00e9 rigoureux afin de vous garantir un produit fiable et de haute qualit\u00e9. \u00c9conomisez de l'\u00e9nergie tout en profitant d'effets d'\u00e9clairage \u00e9tonnants qui ajoutent une touche d'\u00e9l\u00e9gance \u00e0 votre espace de vie.<\/p>\n<p><strong>Fonctionne avec une bande de LED normale de 230v. Attention ! Ne fonctionne pas autour d'une bande de LED 230v int\u00e9gr\u00e9e.<\/strong><\/p>","protected":false},"excerpt":{"rendered":"<p>Ontdek de Perfecte Sfeer: LED Lichtslang Dimmer Cre\u00eber Betoverende Atmosferen Met onze LED Lichtslang Dimmer, ben jij de meester van<\/p>","protected":false},"featured_media":452516,"comment_status":"closed","ping_status":"closed","template":"","meta":{"_seopress_robots_primary_cat":"","_seopress_titles_title":"","_seopress_titles_desc":"","_seopress_robots_index":""},"product_brand":[],"product_cat":[40,41,19],"product_tag":[],"class_list":{"0":"post-452515","1":"product","2":"type-product","3":"status-publish","4":"has-post-thumbnail","6":"product_cat-led-strips","7":"product_cat-led-strips-toebehoren","8":"product_cat-producten","10":"first","11":"instock","12":"taxable","13":"shipping-taxable","14":"purchasable","15":"product-type-simple"},"_links":{"self":[{"href":"https:\/\/ledshoponline.be\/fr\/wp-json\/wp\/v2\/product\/452515","targetHints":{"allow":["GET"]}}],"collection":[{"href":"https:\/\/ledshoponline.be\/fr\/wp-json\/wp\/v2\/product"}],"about":[{"href":"https:\/\/ledshoponline.be\/fr\/wp-json\/wp\/v2\/types\/product"}],"replies":[{"embeddable":true,"href":"https:\/\/ledshoponline.be\/fr\/wp-json\/wp\/v2\/comments?post=452515"}],"version-history":[{"count":1,"href":"https:\/\/ledshoponline.be\/fr\/wp-json\/wp\/v2\/product\/452515\/revisions"}],"predecessor-version":[{"id":624439,"href":"https:\/\/ledshoponline.be\/fr\/wp-json\/wp\/v2\/product\/452515\/revisions\/624439"}],"wp:featuredmedia":[{"embeddable":true,"href":"https:\/\/ledshoponline.be\/fr\/wp-json\/wp\/v2\/media\/452516"}],"wp:attachment":[{"href":"https:\/\/ledshoponline.be\/fr\/wp-json\/wp\/v2\/media?parent=452515"}],"wp:term":[{"taxonomy":"product_brand","embeddable":true,"href":"https:\/\/ledshoponline.be\/fr\/wp-json\/wp\/v2\/product_brand?post=452515"},{"taxonomy":"product_cat","embeddable":true,"href":"https:\/\/ledshoponline.be\/fr\/wp-json\/wp\/v2\/product_cat?post=452515"},{"taxonomy":"product_tag","embeddable":true,"href":"https:\/\/ledshoponline.be\/fr\/wp-json\/wp\/v2\/product_tag?post=452515"}],"curies":[{"name":"wp","href":"https:\/\/api.w.org\/{rel}","templated":true}]}}