{"id":451218,"date":"2023-02-15T08:04:07","date_gmt":"2023-02-15T08:04:07","guid":{"rendered":"https:\/\/hlncaxea.a2hosted.com\/?post_type=product&#038;p=451218"},"modified":"2025-06-26T04:20:25","modified_gmt":"2025-06-26T04:20:25","slug":"bande-led-230v-avec-circuit-integre-120smd-50m-blanc-chaud-3000k","status":"publish","type":"product","link":"https:\/\/ledshoponline.be\/fr\/shop\/producten\/led-strips\/led-strips-230v\/led-strip-230v-met-geintegreerd-circuit-120smd-50m-warm-wit-3000k\/","title":{"rendered":"Bande LED 230V avec circuit int\u00e9gr\u00e9 2835-120SMD 50m | blanc chaud 3000k"},"content":{"rendered":"<p>Ligne professionnelle de bandes LED flexibles sur 230v avec circuit int\u00e9gr\u00e9 sur bobine de 50m. Belle finition et forte luminosit\u00e9.<br \/>La bande de LED contient la derni\u00e8re puce SMD ultra LED 2835 avec pas moins de 120 LED par m\u00e8tre.<br \/>La coupe peut \u00eatre effectu\u00e9e tous les m\u00e8tres. Clips de montage et prise 230v inclus.<br \/>Plug and Play sans soudure. De nombreuses LED SMD assurent un \u00e9clairage homog\u00e8ne. Parfaitement utilisable \u00e0 l'ext\u00e9rieur.<\/p>\r\n\r\n\r\n\r\n<p><strong>Fourni sans mat\u00e9riel de montage.<\/strong><br \/>Pinces de montage <a href=\"https:\/\/ledshoponline.be\/fr\/bandes-lumineuses-230v-2\/clips-de-montage-pour-bande-led-230v\/\">commande<\/a><\/p>","protected":false},"excerpt":{"rendered":"<p><strong>Fiche produit <\/strong><strong><a href=\"https:\/\/eprel.ec.europa.eu\/informationsheet\/Fiche_1474700_NL.pdf\">FR<\/a> | <a href=\"https:\/\/eprel.ec.europa.eu\/informationsheet\/Fiche_1474700_FR.pdf\">FR <\/a>| <a href=\"https:\/\/eprel.ec.europa.eu\/informationsheet\/Fiche_1474700_EN.pdf\">ET <\/a>| <a href=\"https:\/\/eprel.ec.europa.eu\/informationsheet\/Fiche_1474700_DE.pdf\">LE<\/a><\/strong><\/p>","protected":false},"featured_media":451219,"comment_status":"closed","ping_status":"closed","template":"","meta":{"_seopress_robots_primary_cat":"none","_seopress_titles_title":"","_seopress_titles_desc":"","_seopress_robots_index":""},"product_brand":[],"product_cat":[530,40,229,19],"product_tag":[230],"class_list":{"0":"post-451218","1":"product","2":"type-product","3":"status-publish","4":"has-post-thumbnail","6":"product_cat-deals","7":"product_cat-led-strips","8":"product_cat-led-strips-230v","9":"product_cat-producten","10":"product_tag-230v-ledstrip","12":"first","13":"instock","14":"sale","15":"taxable","16":"shipping-taxable","17":"purchasable","18":"product-type-simple"},"_links":{"self":[{"href":"https:\/\/ledshoponline.be\/fr\/wp-json\/wp\/v2\/product\/451218","targetHints":{"allow":["GET"]}}],"collection":[{"href":"https:\/\/ledshoponline.be\/fr\/wp-json\/wp\/v2\/product"}],"about":[{"href":"https:\/\/ledshoponline.be\/fr\/wp-json\/wp\/v2\/types\/product"}],"replies":[{"embeddable":true,"href":"https:\/\/ledshoponline.be\/fr\/wp-json\/wp\/v2\/comments?post=451218"}],"version-history":[{"count":1,"href":"https:\/\/ledshoponline.be\/fr\/wp-json\/wp\/v2\/product\/451218\/revisions"}],"predecessor-version":[{"id":596374,"href":"https:\/\/ledshoponline.be\/fr\/wp-json\/wp\/v2\/product\/451218\/revisions\/596374"}],"wp:featuredmedia":[{"embeddable":true,"href":"https:\/\/ledshoponline.be\/fr\/wp-json\/wp\/v2\/media\/451219"}],"wp:attachment":[{"href":"https:\/\/ledshoponline.be\/fr\/wp-json\/wp\/v2\/media?parent=451218"}],"wp:term":[{"taxonomy":"product_brand","embeddable":true,"href":"https:\/\/ledshoponline.be\/fr\/wp-json\/wp\/v2\/product_brand?post=451218"},{"taxonomy":"product_cat","embeddable":true,"href":"https:\/\/ledshoponline.be\/fr\/wp-json\/wp\/v2\/product_cat?post=451218"},{"taxonomy":"product_tag","embeddable":true,"href":"https:\/\/ledshoponline.be\/fr\/wp-json\/wp\/v2\/product_tag?post=451218"}],"curies":[{"name":"wp","href":"https:\/\/api.w.org\/{rel}","templated":true}]}}