{"id":451120,"date":"2023-02-08T17:52:17","date_gmt":"2023-02-08T17:52:17","guid":{"rendered":"https:\/\/hlncaxea.a2hosted.com\/?post_type=product&#038;p=451120"},"modified":"2025-03-26T12:40:44","modified_gmt":"2025-03-26T12:40:44","slug":"ampoule-led-g9-cob-3w-3000k-dimmable","status":"publish","type":"product","link":"https:\/\/ledshoponline.be\/fr\/shop\/producten\/led-lampen\/led-lamp-g9-230v\/g9-cob-3w-led-lamp-3000k-dimbaar\/","title":{"rendered":"Ampoule LED G9 3W 3000k dimmable"},"content":{"rendered":"<div class=\"group final-completion w-full text-token-text-primary border-b border-black\/10 gizmo:border-0 dark:border-gray-900\/50 gizmo:dark:border-0 bg-gray-50 gizmo:bg-transparent dark:bg-[#444654] gizmo:dark:bg-transparent sm:AIPRM__conversation__response\" data-testid=\"conversation-turn-25\">\n<div class=\"p-4 gizmo:py-2 justify-center text-base md:gap-6 md:py-6 m-auto\">\n<div class=\"flex flex-1 gap-4 text-base mx-auto md:gap-6 gizmo:gap-3 gizmo:md:px-5 gizmo:lg:px-1 gizmo:xl:px-5 md:max-w-2xl lg:max-w-[38rem] gizmo:md:max-w-3xl gizmo:lg:max-w-[40rem] gizmo:xl:max-w-[48rem] xl:max-w-3xl }\">\n<div class=\"relative flex w-[calc(100%-50px)] flex-col gizmo:w-full lg:w-[calc(100%-115px)] agent-turn\">\n<div class=\"flex-col gap-1 md:gap-3\">\n<div class=\"flex flex-grow flex-col gap-3 max-w-full\">\n<div class=\"min-h-[20px] flex flex-col items-start gap-3 whitespace-pre-wrap break-words overflow-x-auto\">\n<div class=\"markdown prose w-full break-words dark:prose-invert dark AIPRM__conversation__response\">\n<h1>Uiterst Energiezuinige Dimbare G9 LED lamp voor G9-fittingen: Helder en Warm<\/h1>\n<p>Deze uiterst energiezuinige LED G9 lamp is de perfecte keuze voor wie op zoek is naar een effici\u00ebnte en milieuvriendelijke vervanging voor halogeen G9 lampen met een G9-fitting. Met zijn exacte pasvorm kun je moeiteloos je bestaande halogeenverlichting vervangen, waardoor het ideaal is voor kleine armaturen. Het beste van alles is dat deze LED G9 dimbaar is, waardoor je de lichtintensiteit kunt aanpassen om in elke ruimte een warme en uitnodigende sfeer te cre\u00ebren.<\/p>\n<p>De LED G9 heeft een helder glas dat warm wit licht verspreidt met een kleurtemperatuur van 2.900 Kelvin (K). Hierdoor geniet je van een aangename en sfeervolle verlichting die perfect is voor diverse toepassingen, of het nu in de woonkamer, slaapkamer, keuken, of elders in huis is. Met deze LED G9 bespaar je niet alleen energie, maar geniet je ook van een langere levensduur en minder onderhoud. Maak de overstap naar LED-verlichting en ervaar de voordelen van effici\u00ebntie en warmte in \u00e9\u00e9n.<\/p>\n<\/div>\n<\/div>\n<\/div>\n<div class=\"flex justify-between empty:hidden gizmo:justify-start gizmo:gap-3 lg:block gizmo:lg:flex\">\n<div class=\"text-gray-400 flex self-end lg:self-center justify-center gizmo:lg:justify-start mt-2 gizmo:mt-0 visible lg:gap-1 lg:absolute lg:top-0 lg:translate-x-full lg:right-0 lg:mt-0 lg:pl-2 gap-2 md:gap-3\">\n<p>&nbsp;<\/p>\n<div class=\"flex gap-1 gizmo:gap-3\"><\/div>\n<\/div>\n<\/div>\n<\/div>\n<\/div>\n<\/div>\n<\/div>\n<\/div>\n","protected":false},"excerpt":{"rendered":"<p><span class=\"sw\"><b>Tr\u00e8s<\/b><\/span> <span class=\"sw\">efficacit\u00e9 \u00e9nerg\u00e9tique<\/span> <span class=\"sw\"><b>Lampe LED <\/b><\/span><span class=\"sw\">pour<\/span> <span class=\"sw\"><b>Raccord G9.<\/b><\/span> <span class=\"sw\"><b>Superbe<\/b><\/span> <span class=\"sw\"><b>remplacement<\/b><\/span> <span class=\"sw\">pour<\/span> <span class=\"sw\"><b>lampes halog\u00e8nes.<\/b><\/span> <span class=\"sw\"><b>Adapt\u00e9<\/b><\/span> <span class=\"sw\">pour<\/span> <span class=\"sw\">petit<\/span> <span class=\"sw\"><b>des luminaires.<\/b><\/span> <span class=\"sw\">Dimmable<\/span> <span class=\"sw\">\u00e0<\/span> <span class=\"sw\">\u00e0<\/span> <span class=\"sw\"><b>tous<\/b><\/span> <span class=\"sw\"><b>espace<\/b><\/span> <span class=\"sw\">a<\/span> <span class=\"sw\">chaud<\/span> <span class=\"sw\">atmosph\u00e8re<\/span> <span class=\"sw\">\u00e0<\/span> <span class=\"sw\">cr\u00e9er.<\/span> <strong>S<\/strong><span class=\"sw\"><b>traalt<\/b><\/span> <span class=\"sw\">chaud<\/span> <span class=\"sw\">blanc<\/span> <span class=\"sw\">lumi\u00e8re<\/span> <span class=\"sw\"><b>de<\/b><\/span> <span class=\"sw\">(2.900<\/span> <span class=\"sw\">K).<\/span><\/p>\n<p><strong>Fiche produit<\/strong><br \/>\n<strong><a href=\"https:\/\/eprel.ec.europa.eu\/fiches\/lightsources\/Fiche_1573482_NL.pdf\">FR<\/a>\u00a0|\u00a0<a href=\"https:\/\/eprel.ec.europa.eu\/fiches\/lightsources\/Fiche_1573482_FR.pdf\">FR\u00a0<\/a>|\u00a0<a href=\"https:\/\/eprel.ec.europa.eu\/fiches\/lightsources\/Fiche_1573482_EN.pdf\">ET\u00a0<\/a>|\u00a0<a href=\"https:\/\/eprel.ec.europa.eu\/fiches\/lightsources\/Fiche_1573482_DE.pdf\">LE<\/a><\/strong><\/p>","protected":false},"featured_media":451121,"comment_status":"closed","ping_status":"closed","template":"","meta":{"_seopress_robots_primary_cat":"none","_seopress_titles_title":"","_seopress_titles_desc":"","_seopress_robots_index":""},"product_brand":[],"product_cat":[378,20,19],"product_tag":[379,380],"class_list":{"0":"post-451120","1":"product","2":"type-product","3":"status-publish","4":"has-post-thumbnail","6":"product_cat-led-lamp-g9-230v","7":"product_cat-led-lampen","8":"product_cat-producten","9":"product_tag-dimbare-led-g9","10":"product_tag-led-g9","12":"first","13":"instock","14":"sale","15":"taxable","16":"shipping-taxable","17":"purchasable","18":"product-type-simple"},"_links":{"self":[{"href":"https:\/\/ledshoponline.be\/fr\/wp-json\/wp\/v2\/product\/451120","targetHints":{"allow":["GET"]}}],"collection":[{"href":"https:\/\/ledshoponline.be\/fr\/wp-json\/wp\/v2\/product"}],"about":[{"href":"https:\/\/ledshoponline.be\/fr\/wp-json\/wp\/v2\/types\/product"}],"replies":[{"embeddable":true,"href":"https:\/\/ledshoponline.be\/fr\/wp-json\/wp\/v2\/comments?post=451120"}],"version-history":[{"count":0,"href":"https:\/\/ledshoponline.be\/fr\/wp-json\/wp\/v2\/product\/451120\/revisions"}],"wp:featuredmedia":[{"embeddable":true,"href":"https:\/\/ledshoponline.be\/fr\/wp-json\/wp\/v2\/media\/451121"}],"wp:attachment":[{"href":"https:\/\/ledshoponline.be\/fr\/wp-json\/wp\/v2\/media?parent=451120"}],"wp:term":[{"taxonomy":"product_brand","embeddable":true,"href":"https:\/\/ledshoponline.be\/fr\/wp-json\/wp\/v2\/product_brand?post=451120"},{"taxonomy":"product_cat","embeddable":true,"href":"https:\/\/ledshoponline.be\/fr\/wp-json\/wp\/v2\/product_cat?post=451120"},{"taxonomy":"product_tag","embeddable":true,"href":"https:\/\/ledshoponline.be\/fr\/wp-json\/wp\/v2\/product_tag?post=451120"}],"curies":[{"name":"wp","href":"https:\/\/api.w.org\/{rel}","templated":true}]}}