{"id":450880,"date":"2023-01-23T18:01:11","date_gmt":"2023-01-23T18:01:11","guid":{"rendered":"https:\/\/hlncaxea.a2hosted.com\/?post_type=product&#038;p=450880"},"modified":"2025-03-09T19:44:47","modified_gmt":"2025-03-09T19:44:47","slug":"camera-exterieure-intelligente-a-batterie","status":"publish","type":"product","link":"https:\/\/ledshoponline.be\/fr\/shop\/camerabewaking\/smart-outdoor-batterij-camera\/","title":{"rendered":"Cam\u00e9ra ext\u00e9rieure intelligente sur batterie"},"content":{"rendered":"<p><strong>Cam\u00e9ra WiFi intelligente Calex<\/strong><br \/>\nAvec cette cam\u00e9ra ext\u00e9rieure intelligente sans fil Calex, vous \u00eates toujours au courant de ce qui se passe autour de votre maison. Lorsque vous placez cette cam\u00e9ra de s\u00e9curit\u00e9, vous pouvez voir exactement ce qui se passe \u00e0 distance. La cam\u00e9ra ext\u00e9rieure intelligente wifi envoie des messages \u00e0 votre t\u00e9l\u00e9phone via l'application Calex Smart si n\u00e9cessaire. La cam\u00e9ra intelligente offre une qualit\u00e9 d'image \u00e9lev\u00e9e. En outre, la cam\u00e9ra fonctionne sur batterie et peut \u00eatre facilement fix\u00e9e \u00e0 l'aide d'un support mural magn\u00e9tique. Vous pouvez facilement installer la cam\u00e9ra wifi intelligente \u00e0 l'aide de l'application Calex.<\/p>\n<p><strong>Facile \u00e0 installer<\/strong><br \/>\nVous pouvez facilement installer cet article via l'application Calex Smart. La connexion du produit via l'application ne n\u00e9cessite que le wifi (2.4ghz), donc pas de hub ou de lien suppl\u00e9mentaire ! Vous n'arrivez pas \u00e0 installer la cam\u00e9ra ? Visitez le site web de Calex ou notre cha\u00eene YouTube pour des vid\u00e9os d'installation et des FAQ.<\/p>\n<p><strong>Application conviviale<\/strong><br \/>\nL'application Calex Smart vous permet de surveiller la cam\u00e9ra de s\u00e9curit\u00e9 depuis n'importe o\u00f9 dans le monde. G\u00e9rez dans l'application vos autres articles Calex et votre cam\u00e9ra pour un maximum de commodit\u00e9 ! L'application envoie \u00e9galement des notifications \u00e0 votre t\u00e9l\u00e9phone intelligent si n\u00e9cessaire. Vous n'\u00eates pas \u00e0 la maison pendant quelques jours ou vous n'avez pas consult\u00e9 l'application ? Les images sont automatiquement stock\u00e9es dans le nuage ou sur une carte micro SD.<\/p>\n<p><strong>Stockage<\/strong><br \/>\nIl est possible de visionner les images ult\u00e9rieurement. Cela peut se faire via une carte micro SD (non fournie) ou via un stockage s\u00e9curis\u00e9 dans le nuage. Dans le nuage, les \u00e9v\u00e9nements sont automatiquement stock\u00e9s 24 heures sur 24, 7 jours sur 7, sans risque de vol de donn\u00e9es. L'acc\u00e8s est possible \u00e0 partir de plusieurs appareils pour visionner les images \u00e0 tout moment et depuis n'importe quel endroit !<\/p>\n<p><strong>Fonctionnalit\u00e9<\/strong><br \/>\nVous pouvez utiliser cette cam\u00e9ra de jour comme de nuit, car elle est dot\u00e9e d'une vision nocturne infrarouge. Comme la cam\u00e9ra n'utilise pas de concentrateur, vous devez vous assurer que la connexion Wi-Fi est optimale. En outre, la cam\u00e9ra IP a une r\u00e9solution de 2K HD, ce qui garantit une bonne image.<\/p>\n<p><strong>USP<\/strong><br \/>\n- Vision nocturne (10 m\u00e8tres)<br \/>\n- Cam\u00e9ra Full HD<br \/>\n- Stockage dans le nuage ou sur carte SD<br \/>\n- Discours bidirectionnel<br \/>\n- Angle de vision 125 degr\u00e9s<br \/>\n- D\u00e9tecteur de mouvement<br \/>\n- Sans fil<br \/>\n- Support mural magn\u00e9tique<\/p>","protected":false},"excerpt":{"rendered":"<p>Cam\u00e9ra Wi-Fi conviviale pour l'ext\u00e9rieur et l'int\u00e9rieur.<\/p>","protected":false},"featured_media":450881,"comment_status":"closed","ping_status":"closed","template":"","meta":{"_seopress_robots_primary_cat":"","_seopress_titles_title":"","_seopress_titles_desc":"","_seopress_robots_index":""},"product_brand":[],"product_cat":[889,514],"product_tag":[],"class_list":{"0":"post-450880","1":"product","2":"type-product","3":"status-publish","4":"has-post-thumbnail","6":"product_cat-camerabewaking","7":"product_cat-smart-home","9":"first","10":"instock","11":"taxable","12":"shipping-taxable","13":"purchasable","14":"product-type-simple"},"_links":{"self":[{"href":"https:\/\/ledshoponline.be\/fr\/wp-json\/wp\/v2\/product\/450880","targetHints":{"allow":["GET"]}}],"collection":[{"href":"https:\/\/ledshoponline.be\/fr\/wp-json\/wp\/v2\/product"}],"about":[{"href":"https:\/\/ledshoponline.be\/fr\/wp-json\/wp\/v2\/types\/product"}],"replies":[{"embeddable":true,"href":"https:\/\/ledshoponline.be\/fr\/wp-json\/wp\/v2\/comments?post=450880"}],"version-history":[{"count":0,"href":"https:\/\/ledshoponline.be\/fr\/wp-json\/wp\/v2\/product\/450880\/revisions"}],"wp:featuredmedia":[{"embeddable":true,"href":"https:\/\/ledshoponline.be\/fr\/wp-json\/wp\/v2\/media\/450881"}],"wp:attachment":[{"href":"https:\/\/ledshoponline.be\/fr\/wp-json\/wp\/v2\/media?parent=450880"}],"wp:term":[{"taxonomy":"product_brand","embeddable":true,"href":"https:\/\/ledshoponline.be\/fr\/wp-json\/wp\/v2\/product_brand?post=450880"},{"taxonomy":"product_cat","embeddable":true,"href":"https:\/\/ledshoponline.be\/fr\/wp-json\/wp\/v2\/product_cat?post=450880"},{"taxonomy":"product_tag","embeddable":true,"href":"https:\/\/ledshoponline.be\/fr\/wp-json\/wp\/v2\/product_tag?post=450880"}],"curies":[{"name":"wp","href":"https:\/\/api.w.org\/{rel}","templated":true}]}}