{"id":450873,"date":"2023-01-23T17:53:26","date_gmt":"2023-01-23T17:53:26","guid":{"rendered":"https:\/\/hlncaxea.a2hosted.com\/?post_type=product&#038;p=450873"},"modified":"2025-09-08T14:50:46","modified_gmt":"2025-09-08T14:50:46","slug":"camera-bebe-mart-full-hd-1080p","status":"publish","type":"product","link":"https:\/\/ledshoponline.be\/fr\/shop\/camerabewaking\/mart-baby-camera-full-hd-1080p\/","title":{"rendered":"Cam\u00e9ra b\u00e9b\u00e9 intelligente Full HD 1080P"},"content":{"rendered":"<p>La cam\u00e9ra intelligente pour b\u00e9b\u00e9 de Calex vous permet de surveiller votre enfant quand vous le souhaitez. Placez la cam\u00e9ra dans la chambre de b\u00e9b\u00e9 et restez au courant de ce qui se passe jour et nuit. Recevez des notifications sur votre t\u00e9l\u00e9phone lorsque la temp\u00e9rature de la chambre de b\u00e9b\u00e9 augmente ou diminue au-del\u00e0 de la plage d\u00e9finie, ou en cas de bruit ou de mouvement. Gr\u00e2ce au microphone int\u00e9gr\u00e9, vous pouvez \u00e9galement parler \u00e0 votre enfant \u00e0 distance. B\u00e9b\u00e9 est agit\u00e9 ? Diffusez des bruits blancs via la cam\u00e9ra ou des berceuses pr\u00e9d\u00e9finies pour apaiser votre b\u00e9b\u00e9. La cam\u00e9ra intelligente pour b\u00e9b\u00e9 avec son design de lapin peut \u00e9galement \u00eatre utilis\u00e9e comme veilleuse. La housse du lapin est fabriqu\u00e9e en silicone souple et constitue un ajout adorable \u00e0 la chambre de tout b\u00e9b\u00e9.<\/p>\r\n\r\n\r\n\r\n<p>USP<br \/>- Recevoir des notifications lorsque la temp\u00e9rature sort de la plage d\u00e9finie<br \/>- Recevoir des notifications en cas de d\u00e9tection de mouvement ou de bruit<br \/>- Peut \u00e9galement \u00eatre utilis\u00e9 comme veilleuse<br \/>- Diffusion de bruits blancs et de berceuses pr\u00e9d\u00e9finies<br \/>- Vision nocturne de haute qualit\u00e9<br \/>- Fonction de rappel clair<br \/>- Carte SD non incluse<br \/>- Connexion par Wi-Fi<br \/>- Connexion facile en 3 \u00e9tapes<br \/>- Fonctionne via l'application gratuite Calex<br \/>- Champ de vision 140\u00b0.<br \/>- R\u00e9solution 1080P<br \/>- Capteur jour et nuit (vision nocturne infrarouge de 10 m\u00e8tres)<\/p>","protected":false},"excerpt":{"rendered":"<p>La cam\u00e9ra intelligente pour b\u00e9b\u00e9 vous permet de surveiller votre enfant quand vous le souhaitez. De plus, votre enfant adorera son nouvel ami, le lapin.<\/p>","protected":false},"featured_media":450874,"comment_status":"closed","ping_status":"closed","template":"","meta":{"_seopress_robots_primary_cat":"none","_seopress_titles_title":"","_seopress_titles_desc":"","_seopress_robots_index":""},"product_brand":[],"product_cat":[889,514],"product_tag":[],"class_list":{"0":"post-450873","1":"product","2":"type-product","3":"status-publish","4":"has-post-thumbnail","6":"product_cat-camerabewaking","7":"product_cat-smart-home","9":"first","10":"instock","11":"sale","12":"taxable","13":"shipping-taxable","14":"purchasable","15":"product-type-simple"},"_links":{"self":[{"href":"https:\/\/ledshoponline.be\/fr\/wp-json\/wp\/v2\/product\/450873","targetHints":{"allow":["GET"]}}],"collection":[{"href":"https:\/\/ledshoponline.be\/fr\/wp-json\/wp\/v2\/product"}],"about":[{"href":"https:\/\/ledshoponline.be\/fr\/wp-json\/wp\/v2\/types\/product"}],"replies":[{"embeddable":true,"href":"https:\/\/ledshoponline.be\/fr\/wp-json\/wp\/v2\/comments?post=450873"}],"version-history":[{"count":1,"href":"https:\/\/ledshoponline.be\/fr\/wp-json\/wp\/v2\/product\/450873\/revisions"}],"predecessor-version":[{"id":621240,"href":"https:\/\/ledshoponline.be\/fr\/wp-json\/wp\/v2\/product\/450873\/revisions\/621240"}],"wp:featuredmedia":[{"embeddable":true,"href":"https:\/\/ledshoponline.be\/fr\/wp-json\/wp\/v2\/media\/450874"}],"wp:attachment":[{"href":"https:\/\/ledshoponline.be\/fr\/wp-json\/wp\/v2\/media?parent=450873"}],"wp:term":[{"taxonomy":"product_brand","embeddable":true,"href":"https:\/\/ledshoponline.be\/fr\/wp-json\/wp\/v2\/product_brand?post=450873"},{"taxonomy":"product_cat","embeddable":true,"href":"https:\/\/ledshoponline.be\/fr\/wp-json\/wp\/v2\/product_cat?post=450873"},{"taxonomy":"product_tag","embeddable":true,"href":"https:\/\/ledshoponline.be\/fr\/wp-json\/wp\/v2\/product_tag?post=450873"}],"curies":[{"name":"wp","href":"https:\/\/api.w.org\/{rel}","templated":true}]}}