{"id":449500,"date":"2022-10-26T09:59:55","date_gmt":"2022-10-26T09:59:55","guid":{"rendered":"https:\/\/hlncaxea.a2hosted.com\/?post_type=product&#038;p=449500"},"modified":"2025-08-26T15:25:46","modified_gmt":"2025-08-26T15:25:46","slug":"mangeoire-intelligente-avec-camera-2","status":"publish","type":"product","link":"https:\/\/ledshoponline.be\/fr\/shop\/camerabewaking\/smart-petfeeder-met-camera-voederautomaat\/","title":{"rendered":"Mangeoire intelligente avec cam\u00e9ra - Mangeoire pour chat et chien"},"content":{"rendered":"<p>Le pr\u00e9sent <strong>automatique<\/strong> offre une solution intelligente pour l'alimentation de votre <strong>petite \u00e0 moyenne<\/strong> animaux de compagnie, m\u00eame lorsque vous n'\u00eates pas \u00e0 la maison. Cet appareil pratique vous permet de programmer l'alimentation de votre chien, de votre chat ou de votre lapin, afin qu'ils puissent recevoir leur nourriture s\u00e8che \u00e0 des heures pr\u00e9cises, quel que soit l'endroit o\u00f9 vous vous trouvez. Gr\u00e2ce \u00e0 la fonction <strong>Cam\u00e9ra HD<\/strong> vous pouvez m\u00eame garder un \u0153il sur votre animal \u00e0 la maison pour voir s'il mange son repas en entier ou s'il fait des b\u00eatises en votre absence. De plus, le microphone int\u00e9gr\u00e9 permet une communication bidirectionnelle, ce qui vous permet de parler \u00e0 votre animal ou de lui faire savoir que la nourriture est pr\u00eate. L'application Calex, tr\u00e8s pratique, vous permet de contr\u00f4ler facilement le distributeur de nourriture pour animaux de compagnie et le syst\u00e8me d'alimentation. <strong>possibilit\u00e9 de programmer plusieurs minuteries<\/strong> qui correspondent parfaitement au rythme alimentaire de votre <strong>animal de compagnie bien-aim\u00e9<\/strong>.<\/p>\r\n<h2>Caract\u00e9ristiques principales :<\/h2>\r\n<ul>\r\n<li><strong>Connexion par wifi :<\/strong> La connectivit\u00e9 Wi-Fi vous permet de contr\u00f4ler le nourrisseur depuis votre smartphone, o\u00f9 que vous soyez.<\/li>\r\n<li><strong>Installation facile :<\/strong> Le nourrisseur est facile \u00e0 installer et pr\u00eat \u00e0 l'emploi en seulement trois \u00e9tapes.<\/li>\r\n<li><strong>Audio bidirectionnel :<\/strong> Le microphone et le haut-parleur int\u00e9gr\u00e9s vous permettent de communiquer avec votre animal, o\u00f9 que vous soyez.<\/li>\r\n<li><strong>Angle de vue 110<\/strong>La cam\u00e9ra a un large champ de vision de 110 degr\u00e9s, ce qui vous permet d'avoir une bonne vue d'ensemble de la pi\u00e8ce dans laquelle se trouve votre animal.<\/li>\r\n<li><strong>Vision nocturne et d\u00e9tecteur de mouvement 10m :<\/strong> Gr\u00e2ce \u00e0 la vision nocturne et \u00e0 un capteur de mouvement, vous pouvez voir ce qui se passe m\u00eame la nuit et recevoir des notifications en cas de mouvement \u00e0 proximit\u00e9 du petfeeder.<\/li>\r\n<\/ul>\r\n<p><strong>Remarque :<\/strong> Cette mangeoire convient uniquement aux aliments secs avec des granul\u00e9s de 2 \u00e0 10 mm. La capacit\u00e9 de la mangeoire est de 4 litres, ce qui permet \u00e0 votre animal de compagnie de disposer de suffisamment de nourriture pour plusieurs repas.<\/p>\r\n<p>Gr\u00e2ce \u00e0 ce dispositif d'alimentation perfectionn\u00e9, vous n'aurez plus jamais \u00e0 vous soucier des repas de vos animaux de compagnie. D\u00e9finissez les horaires de repas, surveillez vos animaux et communiquez avec eux, le tout depuis la paume de votre main. C'est la solution id\u00e9ale pour les propri\u00e9taires d'animaux tr\u00e8s occup\u00e9s qui souhaitent donner \u00e0 leurs amis \u00e0 fourrure les meilleurs soins, m\u00eame lorsqu'ils ne sont pas chez eux.<\/p>","protected":false},"excerpt":{"rendered":"<p>Dit automatische voerapparaat biedt een slimme oplossing voor het voeren van je kleine tot middelgrote huisdieren, zelfs als je niet<\/p>","protected":false},"featured_media":449501,"comment_status":"closed","ping_status":"closed","template":"","meta":{"_seopress_robots_primary_cat":"none","_seopress_titles_title":"","_seopress_titles_desc":"","_seopress_robots_index":""},"product_brand":[],"product_cat":[889,19,514],"product_tag":[],"class_list":{"0":"post-449500","1":"product","2":"type-product","3":"status-publish","4":"has-post-thumbnail","6":"product_cat-camerabewaking","7":"product_cat-producten","8":"product_cat-smart-home","10":"first","11":"instock","12":"sale","13":"taxable","14":"shipping-taxable","15":"purchasable","16":"product-type-simple"},"_links":{"self":[{"href":"https:\/\/ledshoponline.be\/fr\/wp-json\/wp\/v2\/product\/449500","targetHints":{"allow":["GET"]}}],"collection":[{"href":"https:\/\/ledshoponline.be\/fr\/wp-json\/wp\/v2\/product"}],"about":[{"href":"https:\/\/ledshoponline.be\/fr\/wp-json\/wp\/v2\/types\/product"}],"replies":[{"embeddable":true,"href":"https:\/\/ledshoponline.be\/fr\/wp-json\/wp\/v2\/comments?post=449500"}],"version-history":[{"count":1,"href":"https:\/\/ledshoponline.be\/fr\/wp-json\/wp\/v2\/product\/449500\/revisions"}],"predecessor-version":[{"id":616390,"href":"https:\/\/ledshoponline.be\/fr\/wp-json\/wp\/v2\/product\/449500\/revisions\/616390"}],"wp:featuredmedia":[{"embeddable":true,"href":"https:\/\/ledshoponline.be\/fr\/wp-json\/wp\/v2\/media\/449501"}],"wp:attachment":[{"href":"https:\/\/ledshoponline.be\/fr\/wp-json\/wp\/v2\/media?parent=449500"}],"wp:term":[{"taxonomy":"product_brand","embeddable":true,"href":"https:\/\/ledshoponline.be\/fr\/wp-json\/wp\/v2\/product_brand?post=449500"},{"taxonomy":"product_cat","embeddable":true,"href":"https:\/\/ledshoponline.be\/fr\/wp-json\/wp\/v2\/product_cat?post=449500"},{"taxonomy":"product_tag","embeddable":true,"href":"https:\/\/ledshoponline.be\/fr\/wp-json\/wp\/v2\/product_tag?post=449500"}],"curies":[{"name":"wp","href":"https:\/\/api.w.org\/{rel}","templated":true}]}}