{"id":449386,"date":"2022-10-13T14:26:31","date_gmt":"2022-10-13T14:26:31","guid":{"rendered":"https:\/\/hlncaxea.a2hosted.com\/?post_type=product&#038;p=449386"},"modified":"2025-03-09T19:44:43","modified_gmt":"2025-03-09T19:44:43","slug":"downlight-encastre-blanc-mat-50mm-230v","status":"publish","type":"product","link":"https:\/\/ledshoponline.be\/fr\/shop\/producten\/armaturen\/inbouwspots\/inbouwspot-kantelbaar-mat-wit-50mm-230v\/","title":{"rendered":"Spot encastr\u00e9 r\u00e9glable blanc mat | 50mm"},"content":{"rendered":"<ul class=\"wp-block-list\">\n<li>Diam\u00e8tre de l'appareil 50 mm.<\/li>\n\n\n\n<li>Taille de coupe 80 mm.<\/li>\n<\/ul>\n\n\n\n<p>Ce spot encastr\u00e9 s'adapte \u00e0 tout trou de 75 \u00e0 80 mm de diam\u00e8tre.<\/p>\n\n\n\n<p><strong>Cet article concerne uniquement un spot encastr\u00e9 non fix\u00e9. Le spot LED et le raccord GU10 ou GU5.3 peuvent devoir \u00eatre achet\u00e9s s\u00e9par\u00e9ment.<\/strong><\/p>","protected":false},"excerpt":{"rendered":"<p>Spot encastr\u00e9 de qualit\u00e9 inclinable 50 mm plein mat\u00e9riel. Taille de coupe 75-80 mm<\/p>","protected":false},"featured_media":449387,"comment_status":"closed","ping_status":"closed","template":"","meta":{"_seopress_robots_primary_cat":"","_seopress_titles_title":"","_seopress_titles_desc":"","_seopress_robots_index":""},"product_brand":[],"product_cat":[87,88,19],"product_tag":[964],"class_list":{"0":"post-449386","1":"product","2":"type-product","3":"status-publish","4":"has-post-thumbnail","6":"product_cat-armaturen","7":"product_cat-inbouwspots","8":"product_cat-producten","9":"product_tag-inbouwspot","11":"first","12":"instock","13":"taxable","14":"shipping-taxable","15":"purchasable","16":"product-type-simple"},"_links":{"self":[{"href":"https:\/\/ledshoponline.be\/fr\/wp-json\/wp\/v2\/product\/449386","targetHints":{"allow":["GET"]}}],"collection":[{"href":"https:\/\/ledshoponline.be\/fr\/wp-json\/wp\/v2\/product"}],"about":[{"href":"https:\/\/ledshoponline.be\/fr\/wp-json\/wp\/v2\/types\/product"}],"replies":[{"embeddable":true,"href":"https:\/\/ledshoponline.be\/fr\/wp-json\/wp\/v2\/comments?post=449386"}],"version-history":[{"count":0,"href":"https:\/\/ledshoponline.be\/fr\/wp-json\/wp\/v2\/product\/449386\/revisions"}],"wp:featuredmedia":[{"embeddable":true,"href":"https:\/\/ledshoponline.be\/fr\/wp-json\/wp\/v2\/media\/449387"}],"wp:attachment":[{"href":"https:\/\/ledshoponline.be\/fr\/wp-json\/wp\/v2\/media?parent=449386"}],"wp:term":[{"taxonomy":"product_brand","embeddable":true,"href":"https:\/\/ledshoponline.be\/fr\/wp-json\/wp\/v2\/product_brand?post=449386"},{"taxonomy":"product_cat","embeddable":true,"href":"https:\/\/ledshoponline.be\/fr\/wp-json\/wp\/v2\/product_cat?post=449386"},{"taxonomy":"product_tag","embeddable":true,"href":"https:\/\/ledshoponline.be\/fr\/wp-json\/wp\/v2\/product_tag?post=449386"}],"curies":[{"name":"wp","href":"https:\/\/api.w.org\/{rel}","templated":true}]}}