{"id":449378,"date":"2022-10-12T09:29:13","date_gmt":"2022-10-12T09:29:13","guid":{"rendered":"https:\/\/hlncaxea.a2hosted.com\/?post_type=product&#038;p=449378"},"modified":"2025-03-09T19:44:40","modified_gmt":"2025-03-09T19:44:40","slug":"e27-filament-led-bulb-3-8w-warm-white-3000k-806lm","status":"publish","type":"product","link":"https:\/\/ledshoponline.be\/fr\/shop\/producten\/led-lampen\/led-filament-lampen\/e27-filament-led-lamp-3-8w-warm-wit-3000k-806lm\/","title":{"rendered":"Ampoule LED filament E27 3,8W blanc chaud 3000k | 806Lm"},"content":{"rendered":"<p>Ampoule \u00e0 filament LED E27 \u00e0 haute luminosit\u00e9 avec une consommation de 3,8W. L'ampoule remplace facilement une ampoule \u00e0 incandescence de 60W-75W.<br \/>\nEmet une lumi\u00e8re de 806lm. <strong>Avec une \u00e9tiquette \u00e9nerg\u00e9tique A.<\/strong><\/p>","protected":false},"excerpt":{"rendered":"<p><strong>Fiche produit<br \/>\n<\/strong><strong><a href=\"https:\/\/eprel.ec.europa.eu\/informationsheet\/Fiche_1271260_NL.pdf\">FR<\/a> | <a href=\"https:\/\/eprel.ec.europa.eu\/informationsheet\/Fiche_1271260_FR.pdf\">FR<\/a> | <a href=\"https:\/\/eprel.ec.europa.eu\/informationsheet\/Fiche_1271260_EN.pdf\">ET<\/a> | <a href=\"https:\/\/eprel.ec.europa.eu\/informationsheet\/Fiche_1271260_DE.pdf\">LE<\/a><\/strong><\/p>","protected":false},"featured_media":449379,"comment_status":"closed","ping_status":"closed","template":"","meta":{"_seopress_robots_primary_cat":"","_seopress_titles_title":"","_seopress_titles_desc":"","_seopress_robots_index":""},"product_brand":[],"product_cat":[530,268,111,20,19],"product_tag":[531],"class_list":{"0":"post-449378","1":"product","2":"type-product","3":"status-publish","4":"has-post-thumbnail","6":"product_cat-deals","7":"product_cat-led-filament-lampen","8":"product_cat-led-lamp-e27","9":"product_cat-led-lampen","10":"product_cat-producten","11":"product_tag-75w-gloeilamp","13":"first","14":"instock","15":"sale","16":"taxable","17":"shipping-taxable","18":"purchasable","19":"product-type-simple"},"_links":{"self":[{"href":"https:\/\/ledshoponline.be\/fr\/wp-json\/wp\/v2\/product\/449378","targetHints":{"allow":["GET"]}}],"collection":[{"href":"https:\/\/ledshoponline.be\/fr\/wp-json\/wp\/v2\/product"}],"about":[{"href":"https:\/\/ledshoponline.be\/fr\/wp-json\/wp\/v2\/types\/product"}],"replies":[{"embeddable":true,"href":"https:\/\/ledshoponline.be\/fr\/wp-json\/wp\/v2\/comments?post=449378"}],"version-history":[{"count":0,"href":"https:\/\/ledshoponline.be\/fr\/wp-json\/wp\/v2\/product\/449378\/revisions"}],"wp:featuredmedia":[{"embeddable":true,"href":"https:\/\/ledshoponline.be\/fr\/wp-json\/wp\/v2\/media\/449379"}],"wp:attachment":[{"href":"https:\/\/ledshoponline.be\/fr\/wp-json\/wp\/v2\/media?parent=449378"}],"wp:term":[{"taxonomy":"product_brand","embeddable":true,"href":"https:\/\/ledshoponline.be\/fr\/wp-json\/wp\/v2\/product_brand?post=449378"},{"taxonomy":"product_cat","embeddable":true,"href":"https:\/\/ledshoponline.be\/fr\/wp-json\/wp\/v2\/product_cat?post=449378"},{"taxonomy":"product_tag","embeddable":true,"href":"https:\/\/ledshoponline.be\/fr\/wp-json\/wp\/v2\/product_tag?post=449378"}],"curies":[{"name":"wp","href":"https:\/\/api.w.org\/{rel}","templated":true}]}}