{"id":449006,"date":"2022-08-17T14:30:31","date_gmt":"2022-08-17T14:30:31","guid":{"rendered":"https:\/\/hlncaxea.a2hosted.com\/?post_type=product&#038;p=449006"},"modified":"2025-03-09T19:44:40","modified_gmt":"2025-03-09T19:44:40","slug":"lumiere-exterieure-intelligente-rgb-cct-2x4w-2x380lm","status":"publish","type":"product","link":"https:\/\/ledshoponline.be\/fr\/shop\/producten\/armaturen\/buitenverlichting\/smart-outdoor-up-down-light-rgb-cct-2x4w-2x380lm\/","title":{"rendered":"Lampe ext\u00e9rieure intelligente \u00e0 lumi\u00e8re montante et descendante RGB CCT | 2x4W 2x380lm"},"content":{"rendered":"<p>Cette lampe Up&amp;Down moderne et intelligente avec des lumi\u00e8res LED int\u00e9gr\u00e9es transforme votre jardin en un espace atmosph\u00e9rique.<\/p>\r\n\r\n\r\n\r\n<p>Illuminez votre fa\u00e7ade ou votre cl\u00f4ture avec une lumi\u00e8re blanche chaude pour les longues soir\u00e9es (d'\u00e9t\u00e9) ou choisissez parmi plus de 100 options de couleurs pour vous adapter \u00e0 votre humeur. D\u00e9couvrez un syst\u00e8me intelligent enti\u00e8rement int\u00e9gr\u00e9 bas\u00e9 sur le protocole Bluetooth Mesh.<\/p>\r\n\r\n\r\n\r\n<p>Cette lampe Up&amp;Down a un diam\u00e8tre de \u00d876mm et une hauteur de 138mm.<\/p>\r\n\r\n\r\n\r\n<p>Quelle que soit la taille de votre jardin ou le nombre d'articles plac\u00e9s, ces produits peuvent tous \u00eatre connect\u00e9s et g\u00e9r\u00e9s \u00e0 partir de la m\u00eame application gratuite Calex que vous utilisez pour les produits Calex Smart existants.<\/p>\r\n\r\n\r\n\r\n<p>- Installation facile gr\u00e2ce \u00e0 l'application gratuite Calex<br \/>- Profitez de plus de 100 options de couleurs et d'une lumi\u00e8re blanche r\u00e9glable<br \/>- Diminution directe de l'intensit\u00e9 lumineuse<br \/>- Fonctionne avec Google Home, Amazon Alexa et Sir<\/p>\r\n\r\n\r\n\r\n<p><strong>Comment l'installer ?<\/strong><\/p>\r\n\r\n\r\n\r\n<figure class=\"wp-block-embed is-type-video is-provider-youtube wp-block-embed-youtube wp-embed-aspect-16-9 wp-has-aspect-ratio\">\r\n<div class=\"wp-block-embed__wrapper\">https:\/\/www.youtube.com\/watch?v=_Ugfn8FZuw4&amp;ab_channel=CalexHolland<\/div>\r\n<\/figure>\r\n\r\n\r\n\r\n<p><strong>Passerelle Bluetooth Mesh Smart Outdoor Link en option<\/strong><br \/><a href=\"https:\/\/ledshoponline.be\/fr\/boutique-2\/produits-2\/pro-led-lighting-2\/spots-led-2\/passerelle-maillee-bluetooth-smart-outdoor-link\/\">Commandez ici !<\/a><\/p>\r\n\r\n\r\n\r\n<figure class=\"wp-block-image size-large\"><a href=\"https:\/\/ledshoponline.be\/fr\/boutique-2\/produits-2\/pro-led-lighting-2\/spots-led-2\/passerelle-maillee-bluetooth-smart-outdoor-link\/\"><img decoding=\"async\" class=\"wp-image-449013\" src=\"https:\/\/ledshoponline.be\/wp-content\/uploads\/2022\/08\/smart-outdoor-link-bluetooth-mesh-gateway-533x800.jpg\" alt=\"\" \/><\/a><\/figure>","protected":false},"excerpt":{"rendered":"<div data-v-bc0ab15a=\"\"><strong>N'oubliez pas d'ajouter le maillage bluetooth<\/strong><br \/><a href=\"https:\/\/ledshoponline.be\/fr\/boutique-2\/produits-2\/pro-led-lighting-2\/spots-led-2\/passerelle-maillee-bluetooth-smart-outdoor-link\/\"><strong>Commander ici<\/strong><\/a><\/div>\n<div data-v-bc0ab15a=\"\">\u00a0<\/div>\n<div data-v-bc0ab15a=\"\"><strong>Fiche produit<\/strong><br \/><strong><a href=\"https:\/\/eprel.ec.europa.eu\/fiches\/lightsources\/Fiche_1169241_NL.pdf\">FR<\/a>\u00a0|\u00a0<a href=\"https:\/\/eprel.ec.europa.eu\/fiches\/lightsources\/Fiche_1169241_FR.pdf\">FR\u00a0<\/a>|\u00a0<a href=\"https:\/\/eprel.ec.europa.eu\/fiches\/lightsources\/Fiche_1169241_EN.pdf\">ET\u00a0<\/a>|\u00a0<a href=\"https:\/\/eprel.ec.europa.eu\/fiches\/lightsources\/Fiche_1169241_DE.pdf\">LE<\/a><\/strong><\/div>\n<div id=\"shoptimizer-sticky-anchor\">\u00a0<\/div>","protected":false},"featured_media":449007,"comment_status":"closed","ping_status":"closed","template":"","meta":{"_seopress_robots_primary_cat":"","_seopress_titles_title":"","_seopress_titles_desc":"","_seopress_robots_index":""},"product_brand":[],"product_cat":[87,90,19,514],"product_tag":[612,613,690],"class_list":{"0":"post-449006","1":"product","2":"type-product","3":"status-publish","4":"has-post-thumbnail","6":"product_cat-armaturen","7":"product_cat-buitenverlichting","8":"product_cat-producten","9":"product_cat-smart-home","10":"product_tag-bouwlamp-led","11":"product_tag-breesstraler","12":"product_tag-led-schijnwerper","14":"first","15":"instock","16":"taxable","17":"shipping-taxable","18":"purchasable","19":"product-type-simple"},"_links":{"self":[{"href":"https:\/\/ledshoponline.be\/fr\/wp-json\/wp\/v2\/product\/449006","targetHints":{"allow":["GET"]}}],"collection":[{"href":"https:\/\/ledshoponline.be\/fr\/wp-json\/wp\/v2\/product"}],"about":[{"href":"https:\/\/ledshoponline.be\/fr\/wp-json\/wp\/v2\/types\/product"}],"replies":[{"embeddable":true,"href":"https:\/\/ledshoponline.be\/fr\/wp-json\/wp\/v2\/comments?post=449006"}],"version-history":[{"count":0,"href":"https:\/\/ledshoponline.be\/fr\/wp-json\/wp\/v2\/product\/449006\/revisions"}],"wp:featuredmedia":[{"embeddable":true,"href":"https:\/\/ledshoponline.be\/fr\/wp-json\/wp\/v2\/media\/449007"}],"wp:attachment":[{"href":"https:\/\/ledshoponline.be\/fr\/wp-json\/wp\/v2\/media?parent=449006"}],"wp:term":[{"taxonomy":"product_brand","embeddable":true,"href":"https:\/\/ledshoponline.be\/fr\/wp-json\/wp\/v2\/product_brand?post=449006"},{"taxonomy":"product_cat","embeddable":true,"href":"https:\/\/ledshoponline.be\/fr\/wp-json\/wp\/v2\/product_cat?post=449006"},{"taxonomy":"product_tag","embeddable":true,"href":"https:\/\/ledshoponline.be\/fr\/wp-json\/wp\/v2\/product_tag?post=449006"}],"curies":[{"name":"wp","href":"https:\/\/api.w.org\/{rel}","templated":true}]}}