{"id":448440,"date":"2022-05-25T07:06:56","date_gmt":"2022-05-25T07:06:56","guid":{"rendered":"https:\/\/hlncaxea.a2hosted.com\/?post_type=product&#038;p=448440"},"modified":"2025-03-09T19:44:39","modified_gmt":"2025-03-09T19:44:39","slug":"connecteur-pour-bande-de-led-avec-cable-1-couleur-pour-bande-de-led-10mm-24v-cob","status":"publish","type":"product","link":"https:\/\/ledshoponline.be\/fr\/shop\/producten\/led-strips\/led-strips-toebehoren\/ledstrip-connector-met-kabel-1-kleur-voor-10mm-24v-cob-led-strip\/","title":{"rendered":"Connecteur de bande LED avec c\u00e2ble 1 couleur pour bande LED 10mm 24v COB"},"content":{"rendered":"","protected":false},"excerpt":{"rendered":"<p>Un syst\u00e8me de fixation facile \u00e0 cliquer pour attacher un c\u00e2ble \u00e0 une bande LED. Le c\u00e2ble peut \u00eatre utilis\u00e9 pour s'attacher \u00e0 une alimentation LED.<\/p>\n<p><strong>Remarque :<\/strong> Le connecteur ne convient qu'\u00e0 la bande de LED COB de 10 mm \u00e0 1 couleur et n'est pas \u00e9tanche.<\/p>\n<p>La longueur du c\u00e2ble est de 10 cm<\/p>","protected":false},"featured_media":448441,"comment_status":"closed","ping_status":"closed","template":"","meta":{"_seopress_robots_primary_cat":"","_seopress_titles_title":"","_seopress_titles_desc":"","_seopress_robots_index":""},"product_brand":[],"product_cat":[40,41],"product_tag":[317],"class_list":{"0":"post-448440","1":"product","2":"type-product","3":"status-publish","4":"has-post-thumbnail","6":"product_cat-led-strips","7":"product_cat-led-strips-toebehoren","8":"product_tag-connector","10":"first","11":"instock","12":"taxable","13":"shipping-taxable","14":"purchasable","15":"product-type-simple"},"_links":{"self":[{"href":"https:\/\/ledshoponline.be\/fr\/wp-json\/wp\/v2\/product\/448440","targetHints":{"allow":["GET"]}}],"collection":[{"href":"https:\/\/ledshoponline.be\/fr\/wp-json\/wp\/v2\/product"}],"about":[{"href":"https:\/\/ledshoponline.be\/fr\/wp-json\/wp\/v2\/types\/product"}],"replies":[{"embeddable":true,"href":"https:\/\/ledshoponline.be\/fr\/wp-json\/wp\/v2\/comments?post=448440"}],"version-history":[{"count":0,"href":"https:\/\/ledshoponline.be\/fr\/wp-json\/wp\/v2\/product\/448440\/revisions"}],"wp:featuredmedia":[{"embeddable":true,"href":"https:\/\/ledshoponline.be\/fr\/wp-json\/wp\/v2\/media\/448441"}],"wp:attachment":[{"href":"https:\/\/ledshoponline.be\/fr\/wp-json\/wp\/v2\/media?parent=448440"}],"wp:term":[{"taxonomy":"product_brand","embeddable":true,"href":"https:\/\/ledshoponline.be\/fr\/wp-json\/wp\/v2\/product_brand?post=448440"},{"taxonomy":"product_cat","embeddable":true,"href":"https:\/\/ledshoponline.be\/fr\/wp-json\/wp\/v2\/product_cat?post=448440"},{"taxonomy":"product_tag","embeddable":true,"href":"https:\/\/ledshoponline.be\/fr\/wp-json\/wp\/v2\/product_tag?post=448440"}],"curies":[{"name":"wp","href":"https:\/\/api.w.org\/{rel}","templated":true}]}}