{"id":448384,"date":"2022-05-16T19:54:51","date_gmt":"2022-05-16T19:54:51","guid":{"rendered":"https:\/\/hlncaxea.a2hosted.com\/?post_type=product&#038;p=448384"},"modified":"2025-03-09T19:44:38","modified_gmt":"2025-03-09T19:44:38","slug":"cordon-led-dimmer-1-100w-connecteur-150cm-noir","status":"publish","type":"product","link":"https:\/\/ledshoponline.be\/fr\/shop\/producten\/toebehoren\/230v-led-dimmers\/led-snoerdimmer-1-100w-aansluitstekker-van-150cm-zwart\/","title":{"rendered":"Gradateur de cordon LED - 1-100W - connecteur 150cm noir"},"content":{"rendered":"<ul>\n<li>Tension d'entr\u00e9e : 220 - 240 V AC<\/li>\n<li>Tension de sortie : 220 - 240 V AC<\/li>\n<li>Consommation \u00e9lectrique : 3 - 100 W\/VA, LED 70W\/VA<\/li>\n<li>Nombre d'entr\u00e9es : 1<\/li>\n<li>Nombre de sorties : 1<\/li>\n<li>Dimensions : 72 x 32,5 x 17,5 mm (LxLxH)<\/li>\n<\/ul>","protected":false},"excerpt":{"rendered":"<p>Ce variateur de cordon convient aux lampes LED (\u00e0 incandescence) et aux lampes LED r7s dimmables 220-240V.<\/p>\n<p>C\u00e2ble de 150 cm avec prise Euro c\u00f4t\u00e9 entr\u00e9e, c\u00e2ble de 50 cm avec prise Euro c\u00f4t\u00e9 sortie. 3-100W\/VA, 70W LED. Dimmable par interrupteur \u00e0 bouton-poussoir et peut donc \u00e9galement \u00e9teindre une lampe 100%. Convient pour la gradation d'un pilote LED gradable jusqu'\u00e0 50W. Ce variateur \u00e0 cordon s'adapte automatiquement \u00e0 la charge de la lampe. Temps de d\u00e9marrage de seulement ~0,5 secondes.<\/p>","protected":false},"featured_media":448385,"comment_status":"closed","ping_status":"closed","template":"","meta":{"_seopress_robots_primary_cat":"","_seopress_titles_title":"","_seopress_titles_desc":"","_seopress_robots_index":""},"product_brand":[],"product_cat":[86,259],"product_tag":[911],"class_list":{"0":"post-448384","1":"product","2":"type-product","3":"status-publish","4":"has-post-thumbnail","6":"product_cat-230v-led-dimmers","7":"product_cat-led-panelen","8":"product_tag-led-paneel-dimmer","10":"first","11":"instock","12":"taxable","13":"shipping-taxable","14":"purchasable","15":"product-type-simple"},"_links":{"self":[{"href":"https:\/\/ledshoponline.be\/fr\/wp-json\/wp\/v2\/product\/448384","targetHints":{"allow":["GET"]}}],"collection":[{"href":"https:\/\/ledshoponline.be\/fr\/wp-json\/wp\/v2\/product"}],"about":[{"href":"https:\/\/ledshoponline.be\/fr\/wp-json\/wp\/v2\/types\/product"}],"replies":[{"embeddable":true,"href":"https:\/\/ledshoponline.be\/fr\/wp-json\/wp\/v2\/comments?post=448384"}],"version-history":[{"count":0,"href":"https:\/\/ledshoponline.be\/fr\/wp-json\/wp\/v2\/product\/448384\/revisions"}],"wp:featuredmedia":[{"embeddable":true,"href":"https:\/\/ledshoponline.be\/fr\/wp-json\/wp\/v2\/media\/448385"}],"wp:attachment":[{"href":"https:\/\/ledshoponline.be\/fr\/wp-json\/wp\/v2\/media?parent=448384"}],"wp:term":[{"taxonomy":"product_brand","embeddable":true,"href":"https:\/\/ledshoponline.be\/fr\/wp-json\/wp\/v2\/product_brand?post=448384"},{"taxonomy":"product_cat","embeddable":true,"href":"https:\/\/ledshoponline.be\/fr\/wp-json\/wp\/v2\/product_cat?post=448384"},{"taxonomy":"product_tag","embeddable":true,"href":"https:\/\/ledshoponline.be\/fr\/wp-json\/wp\/v2\/product_tag?post=448384"}],"curies":[{"name":"wp","href":"https:\/\/api.w.org\/{rel}","templated":true}]}}