{"id":448322,"date":"2022-05-04T13:31:30","date_gmt":"2022-05-04T13:31:30","guid":{"rendered":"https:\/\/hlncaxea.a2hosted.com\/?post_type=product&#038;p=448322"},"modified":"2025-12-04T05:45:46","modified_gmt":"2025-12-04T05:45:46","slug":"gu10-1w-glass-led-spotlight-2700k-80lm","status":"publish","type":"product","link":"https:\/\/ledshoponline.be\/fr\/shop\/producten\/led-spots\/led-spot-gu10-230v\/gu10-1w-glas-led-spot-2700k-80lm\/","title":{"rendered":"Spot LED GU10 1W en verre 2700k | 80LM"},"content":{"rendered":"<p>La nouvelle g\u00e9n\u00e9ration de spots LED ayant l'aspect d'un spot halog\u00e8ne contient une nouvelle puce de puissance LED de Philips avec un rendement lumineux maximum de 80lm\/w. Comme les spots LED sont fabriqu\u00e9s en verre, nous pouvons les produire \u00e0 moindre co\u00fbt. La m\u00eame qualit\u00e9 \u00e0 un prix inf\u00e9rieur. Commandez maintenant et \u00e9conomisez sur votre consommation !<\/p>","protected":false},"excerpt":{"rendered":"<p><a href=\"https:\/\/eprel.ec.europa.eu\/informationsheet\/Fiche_1474700_NL.pdf\"><strong>Fiche produit<\/strong><\/a><\/p>","protected":false},"featured_media":448323,"comment_status":"closed","ping_status":"closed","template":"","meta":{"_seopress_robots_primary_cat":"none","_seopress_titles_title":"","_seopress_titles_desc":"","_seopress_robots_index":""},"product_brand":[],"product_cat":[133,132,19],"product_tag":[588,589,198,206],"class_list":{"0":"post-448322","1":"product","2":"type-product","3":"status-publish","4":"has-post-thumbnail","6":"product_cat-led-spot-gu10-230v","7":"product_cat-led-spots","8":"product_cat-producten","9":"product_tag-dimbare-led-spot-glas","10":"product_tag-led-spot-4w","11":"product_tag-segula","12":"product_tag-yarled","14":"first","15":"instock","16":"sale","17":"taxable","18":"shipping-taxable","19":"purchasable","20":"product-type-simple"},"_links":{"self":[{"href":"https:\/\/ledshoponline.be\/fr\/wp-json\/wp\/v2\/product\/448322","targetHints":{"allow":["GET"]}}],"collection":[{"href":"https:\/\/ledshoponline.be\/fr\/wp-json\/wp\/v2\/product"}],"about":[{"href":"https:\/\/ledshoponline.be\/fr\/wp-json\/wp\/v2\/types\/product"}],"replies":[{"embeddable":true,"href":"https:\/\/ledshoponline.be\/fr\/wp-json\/wp\/v2\/comments?post=448322"}],"version-history":[{"count":1,"href":"https:\/\/ledshoponline.be\/fr\/wp-json\/wp\/v2\/product\/448322\/revisions"}],"predecessor-version":[{"id":638276,"href":"https:\/\/ledshoponline.be\/fr\/wp-json\/wp\/v2\/product\/448322\/revisions\/638276"}],"wp:featuredmedia":[{"embeddable":true,"href":"https:\/\/ledshoponline.be\/fr\/wp-json\/wp\/v2\/media\/448323"}],"wp:attachment":[{"href":"https:\/\/ledshoponline.be\/fr\/wp-json\/wp\/v2\/media?parent=448322"}],"wp:term":[{"taxonomy":"product_brand","embeddable":true,"href":"https:\/\/ledshoponline.be\/fr\/wp-json\/wp\/v2\/product_brand?post=448322"},{"taxonomy":"product_cat","embeddable":true,"href":"https:\/\/ledshoponline.be\/fr\/wp-json\/wp\/v2\/product_cat?post=448322"},{"taxonomy":"product_tag","embeddable":true,"href":"https:\/\/ledshoponline.be\/fr\/wp-json\/wp\/v2\/product_tag?post=448322"}],"curies":[{"name":"wp","href":"https:\/\/api.w.org\/{rel}","templated":true}]}}