{"id":448292,"date":"2022-05-02T07:27:53","date_gmt":"2022-05-02T07:27:53","guid":{"rendered":"https:\/\/hlncaxea.a2hosted.com\/?post_type=product&#038;p=448292"},"modified":"2025-03-09T19:44:35","modified_gmt":"2025-03-09T19:44:35","slug":"bougie-led-e14-filament-4w-2100k-blanc-chaud-dimmable","status":"publish","type":"product","link":"https:\/\/ledshoponline.be\/fr\/shop\/producten\/led-lampen\/led-filament-lampen\/e14-filament-led-kaars-4w-2100k-warm-wit-dimbaar\/","title":{"rendered":"Bougie LED filament E14 4W 2100k blanc chaud dimmable"},"content":{"rendered":"<h2>L'ampoule LED E14 Filament est-elle dimmable ?<\/h2>\n<p>Oui, cette lampe \u00e0 filament LED est dimmable.<br \/>\nV\u00e9rifiez bien sur vos variateurs de lumi\u00e8re actuels la puissance minimale qu'ils requi\u00e8rent pour varier correctement.<\/p>\n<h2>Assurance qualit\u00e9 ?<\/h2>\n<p>Les ampoules \u00e0 filament Yarled contiennent des LED saphir de la meilleure qualit\u00e9.<br \/>\nPour maintenir les lampes \u00e0 une temp\u00e9rature agr\u00e9able, elles sont remplies d'un gaz r\u00e9frig\u00e9rant.<br \/>\nCela garantit d\u00e9j\u00e0 une dur\u00e9e de vie \u00e9lev\u00e9e.<\/p>","protected":false},"excerpt":{"rendered":"<p>Laissez-vous inspirer par les filaments tordus de cette s\u00e9rie. Ces lampes \u00e0 intensit\u00e9 variable \u00e9mettent une lueur chaude et sont faites pour \u00eatre vues.<\/p>\n<p><strong>Fiche produit<\/strong><br \/>\n<strong><a href=\"https:\/\/eprel.ec.europa.eu\/fiches\/lightsources\/Fiche_1576069_NL.pdf\">FR<\/a>\u00a0|\u00a0<a href=\"https:\/\/eprel.ec.europa.eu\/fiches\/lightsources\/Fiche_1576069_FR.pdf\">FR\u00a0<\/a>|\u00a0<a href=\"https:\/\/eprel.ec.europa.eu\/fiches\/lightsources\/Fiche_1576069_EN.pdf\">ET\u00a0<\/a>|\u00a0<a href=\"https:\/\/eprel.ec.europa.eu\/fiches\/lightsources\/Fiche_1576069_DE.pdf\">LE<\/a><\/strong><\/p>","protected":false},"featured_media":448293,"comment_status":"closed","ping_status":"closed","template":"","meta":{"_seopress_robots_primary_cat":"","_seopress_titles_title":"","_seopress_titles_desc":"","_seopress_robots_index":""},"product_brand":[],"product_cat":[268,295,20,19],"product_tag":[388,270,296,206],"class_list":{"0":"post-448292","1":"product","2":"type-product","3":"status-publish","4":"has-post-thumbnail","6":"product_cat-led-filament-lampen","7":"product_cat-led-lamp-e14","8":"product_cat-led-lampen","9":"product_cat-producten","10":"product_tag-filamenet","11":"product_tag-filament","12":"product_tag-led-kaars","13":"product_tag-yarled","15":"first","16":"instock","17":"sale","18":"taxable","19":"shipping-taxable","20":"purchasable","21":"product-type-simple"},"_links":{"self":[{"href":"https:\/\/ledshoponline.be\/fr\/wp-json\/wp\/v2\/product\/448292","targetHints":{"allow":["GET"]}}],"collection":[{"href":"https:\/\/ledshoponline.be\/fr\/wp-json\/wp\/v2\/product"}],"about":[{"href":"https:\/\/ledshoponline.be\/fr\/wp-json\/wp\/v2\/types\/product"}],"replies":[{"embeddable":true,"href":"https:\/\/ledshoponline.be\/fr\/wp-json\/wp\/v2\/comments?post=448292"}],"version-history":[{"count":0,"href":"https:\/\/ledshoponline.be\/fr\/wp-json\/wp\/v2\/product\/448292\/revisions"}],"wp:featuredmedia":[{"embeddable":true,"href":"https:\/\/ledshoponline.be\/fr\/wp-json\/wp\/v2\/media\/448293"}],"wp:attachment":[{"href":"https:\/\/ledshoponline.be\/fr\/wp-json\/wp\/v2\/media?parent=448292"}],"wp:term":[{"taxonomy":"product_brand","embeddable":true,"href":"https:\/\/ledshoponline.be\/fr\/wp-json\/wp\/v2\/product_brand?post=448292"},{"taxonomy":"product_cat","embeddable":true,"href":"https:\/\/ledshoponline.be\/fr\/wp-json\/wp\/v2\/product_cat?post=448292"},{"taxonomy":"product_tag","embeddable":true,"href":"https:\/\/ledshoponline.be\/fr\/wp-json\/wp\/v2\/product_tag?post=448292"}],"curies":[{"name":"wp","href":"https:\/\/api.w.org\/{rel}","templated":true}]}}