{"id":447712,"date":"2022-02-09T17:54:48","date_gmt":"2022-02-09T17:54:48","guid":{"rendered":"https:\/\/hlncaxea.a2hosted.com\/?post_type=product&#038;p=447712"},"modified":"2025-06-09T10:29:36","modified_gmt":"2025-06-09T10:29:36","slug":"spot-led-sol-rond-5w-blanc-chaud-ip67-etanche","status":"publish","type":"product","link":"https:\/\/ledshoponline.be\/fr\/shop\/producten\/armaturen\/buitenverlichting\/led-grondspot-rond-5w-met-warm-wit-ip67-waterdicht\/","title":{"rendered":"Spot de sol LED rond 4W avec blanc chaud | IP67 Etanche"},"content":{"rendered":"<p>Diam\u00e8tre ext\u00e9rieur : 100 mm<br \/>Taille de coupe : 87 mm<br \/>Hauteur : 114 mm<br \/>Valeur IP : IP67<br \/>Couleur : argent bross\u00e9<br \/>Mat\u00e9riau : m\u00e9tal et PVC<br \/>Connexion : 1x GU10 Le spot est donc facile \u00e0 remplacer. ( 1x Gu10 led spotlight inclus )<br \/>\u00c9paisseur recommand\u00e9e de la gaine ext\u00e9rieure du c\u00e2ble : 6 - 8 mm\u00b2.<\/p>","protected":false},"excerpt":{"rendered":"<p>Projecteur de sol \u00e0 LED \u00e0 un prix avantageux. D'une puissance de 4-5W. La lumi\u00e8re est blanc chaud 3000k. Fonctionne directement sur 230V. Avec un indice de protection IP67, parfait pour une utilisation en ext\u00e9rieur. Utiliser un <a href=\"https:\/\/ledshoponline.be\/fr\/boutique-2\/produits-2\/pro-led-lighting-2\/spots-led-2\/connecteur-de-cable-etanche-ip68\/?cgkit_search_word=kabelver\">connecteur de c\u00e2ble \u00e9tanche<\/a> Pour connecter les points de mise \u00e0 la terre.<\/p>","protected":false},"featured_media":447713,"comment_status":"closed","ping_status":"closed","template":"","meta":{"_seopress_robots_primary_cat":"none","_seopress_titles_title":"","_seopress_titles_desc":"","_seopress_robots_index":""},"product_brand":[],"product_cat":[87,90,132,19],"product_tag":[],"class_list":{"0":"post-447712","1":"product","2":"type-product","3":"status-publish","4":"has-post-thumbnail","6":"product_cat-armaturen","7":"product_cat-buitenverlichting","8":"product_cat-led-spots","9":"product_cat-producten","11":"first","12":"instock","13":"taxable","14":"shipping-taxable","15":"purchasable","16":"product-type-simple"},"_links":{"self":[{"href":"https:\/\/ledshoponline.be\/fr\/wp-json\/wp\/v2\/product\/447712","targetHints":{"allow":["GET"]}}],"collection":[{"href":"https:\/\/ledshoponline.be\/fr\/wp-json\/wp\/v2\/product"}],"about":[{"href":"https:\/\/ledshoponline.be\/fr\/wp-json\/wp\/v2\/types\/product"}],"replies":[{"embeddable":true,"href":"https:\/\/ledshoponline.be\/fr\/wp-json\/wp\/v2\/comments?post=447712"}],"version-history":[{"count":2,"href":"https:\/\/ledshoponline.be\/fr\/wp-json\/wp\/v2\/product\/447712\/revisions"}],"predecessor-version":[{"id":582543,"href":"https:\/\/ledshoponline.be\/fr\/wp-json\/wp\/v2\/product\/447712\/revisions\/582543"}],"wp:featuredmedia":[{"embeddable":true,"href":"https:\/\/ledshoponline.be\/fr\/wp-json\/wp\/v2\/media\/447713"}],"wp:attachment":[{"href":"https:\/\/ledshoponline.be\/fr\/wp-json\/wp\/v2\/media?parent=447712"}],"wp:term":[{"taxonomy":"product_brand","embeddable":true,"href":"https:\/\/ledshoponline.be\/fr\/wp-json\/wp\/v2\/product_brand?post=447712"},{"taxonomy":"product_cat","embeddable":true,"href":"https:\/\/ledshoponline.be\/fr\/wp-json\/wp\/v2\/product_cat?post=447712"},{"taxonomy":"product_tag","embeddable":true,"href":"https:\/\/ledshoponline.be\/fr\/wp-json\/wp\/v2\/product_tag?post=447712"}],"curies":[{"name":"wp","href":"https:\/\/api.w.org\/{rel}","templated":true}]}}