{"id":447534,"date":"2022-01-27T18:17:56","date_gmt":"2022-01-27T18:17:56","guid":{"rendered":"https:\/\/hlncaxea.a2hosted.com\/?post_type=product&#038;p=447534"},"modified":"2025-10-05T12:00:28","modified_gmt":"2025-10-05T12:00:28","slug":"lampe-darmoire-avec-detecteur-de-mouvement-rechargeable-par-usb","status":"publish","type":"product","link":"https:\/\/ledshoponline.be\/fr\/shop\/producten\/gereedschap\/led-werklamp-zaklamp\/kastlamp-met-bewegingssensor-oplaadbaar-met-usb\/","title":{"rendered":"Lampe de penderie avec d\u00e9tecteur de mouvement | rechargeable par USB"},"content":{"rendered":"<p>Cet article ponctuel a l'avantage de pouvoir \u00e9clairer une pi\u00e8ce sombre sans prise de courant. Cette lampe d'armoire est rechargeable par USB. Elle peut \u00eatre fix\u00e9e de trois mani\u00e8res : aimant, vis ou crochet au dos.<\/p>\n<p>Les dimensions de cette lampe sont 285 x 60 x 30 mm.<\/p>\n<p>La lampe d'armoire rechargeable dispose d'une fonction de minuterie et \u00e9met 100 lumens pendant 30 secondes lorsqu'elle d\u00e9tecte un mouvement.<\/p>\n<p>Angle du capteur : 120\u00b0.<\/p>","protected":false},"excerpt":{"rendered":"<p>Dit spot on artikel heeft als voordeel dat deze zonder stroompunt toch een donkere ruimte kan verlichten. Deze kastverlichting is<\/p>","protected":false},"featured_media":447535,"comment_status":"closed","ping_status":"closed","template":"","meta":{"_seopress_robots_primary_cat":"none","_seopress_titles_title":"","_seopress_titles_desc":"","_seopress_robots_index":""},"product_brand":[],"product_cat":[87,128,20,176,165,19,514,42],"product_tag":[],"class_list":{"0":"post-447534","1":"product","2":"type-product","3":"status-publish","4":"has-post-thumbnail","6":"product_cat-armaturen","7":"product_cat-gereedschap","8":"product_cat-led-lampen","9":"product_cat-led-werklamp-zaklamp","10":"product_cat-plafondlampen","11":"product_cat-producten","12":"product_cat-smart-home","13":"product_cat-toebehoren","15":"first","16":"instock","17":"sale","18":"taxable","19":"shipping-taxable","20":"purchasable","21":"product-type-simple"},"_links":{"self":[{"href":"https:\/\/ledshoponline.be\/fr\/wp-json\/wp\/v2\/product\/447534","targetHints":{"allow":["GET"]}}],"collection":[{"href":"https:\/\/ledshoponline.be\/fr\/wp-json\/wp\/v2\/product"}],"about":[{"href":"https:\/\/ledshoponline.be\/fr\/wp-json\/wp\/v2\/types\/product"}],"replies":[{"embeddable":true,"href":"https:\/\/ledshoponline.be\/fr\/wp-json\/wp\/v2\/comments?post=447534"}],"version-history":[{"count":1,"href":"https:\/\/ledshoponline.be\/fr\/wp-json\/wp\/v2\/product\/447534\/revisions"}],"predecessor-version":[{"id":626391,"href":"https:\/\/ledshoponline.be\/fr\/wp-json\/wp\/v2\/product\/447534\/revisions\/626391"}],"wp:featuredmedia":[{"embeddable":true,"href":"https:\/\/ledshoponline.be\/fr\/wp-json\/wp\/v2\/media\/447535"}],"wp:attachment":[{"href":"https:\/\/ledshoponline.be\/fr\/wp-json\/wp\/v2\/media?parent=447534"}],"wp:term":[{"taxonomy":"product_brand","embeddable":true,"href":"https:\/\/ledshoponline.be\/fr\/wp-json\/wp\/v2\/product_brand?post=447534"},{"taxonomy":"product_cat","embeddable":true,"href":"https:\/\/ledshoponline.be\/fr\/wp-json\/wp\/v2\/product_cat?post=447534"},{"taxonomy":"product_tag","embeddable":true,"href":"https:\/\/ledshoponline.be\/fr\/wp-json\/wp\/v2\/product_tag?post=447534"}],"curies":[{"name":"wp","href":"https:\/\/api.w.org\/{rel}","templated":true}]}}